{"id":1037,"date":"2014-09-03T17:10:32","date_gmt":"2014-09-03T17:10:32","guid":{"rendered":"http:\/\/www.controln.ro\/asociatia-culturala\/?page_id=1037"},"modified":"2016-07-20T13:34:24","modified_gmt":"2016-07-20T13:34:24","slug":"seminarii","status":"publish","type":"page","link":"https:\/\/www.controln.ro\/asociatia-culturala\/seminarii\/","title":{"rendered":"seminarii"},"content":{"rendered":"<div class=\"margini\">\n<div class=\"verde\">\n<p><strong>SEMINARIILE CONTROL N<\/strong><\/p>\n<p>Din toamna lui 2014, Control N concepe \u0219i propune o nou\u0103 serie de \u00eent\u00e2lniri tematice, sus\u021binute de profesioni\u0219ti \u00een domeniul cinematografiei.<br \/>\nSeminariile Control N sunt dedicate celor care \u00ee\u0219i pun nenum\u0103rate \u00eentreb\u0103ri legate de filmele pe care le imagineaz\u0103, le filmeaz\u0103, le scriu, le produc, le filmeaz\u0103 sau le v\u0103d, pur \u0219i simplu.<br \/>\nFie c\u0103 vorbim de promovarea unui film, de modul \u00een care este conceput\u0103 campania de PR \u0219i distribu\u021bie a filmului, de modul \u00een care reu\u0219im s\u0103 ob\u021binem fondurile necesare pentru a face filmul sau pentru a-l face s\u0103 existe pe ecrane dup\u0103 ce montajul este \u00eencheiat, echipa din spatele unui film cuprinde profesioni\u0219ti f\u0103r\u0103 de care produsul final ar putea r\u0103m\u00e2ne doar al\u0103turi de cei care l-au creat.<br \/>\nSeminariile Control N reprezint\u0103 \u00eent\u00e2lniri profesioniste \u0219i aplicate, al c\u0103ror scop este s\u0103 ofere r\u0103spunsuri detaliate la \u00eentreb\u0103ri ce \u021bin de via\u021ba unui film, \u00een afara procesului propriu-zis de crea\u021bie.<br \/>\nInvita\u021bii Seminariilor Control N sunt acei oameni a c\u0103ror experien\u021b\u0103 \u00een domeniu garanteaz\u0103 un tip de dialog profesionist, \u00een urma c\u0103ruia participan\u021bii vor putea s\u0103 pun\u0103 \u00een practic\u0103 cuno\u0219tin\u021bele dob\u00e2ndite \u00een orele petrecute \u00een mansarda Control N.<br \/>\n&nbsp;<br \/>\n<strong>CUI I SE ADRESEAZ\u0102?<\/strong><br \/>\nTuturor celor interesa\u021bi de film, profesioni\u0219ti sau amatori, de orice v\u00e2rst\u0103.<\/p>\n<p><strong>C\u00c2ND \u0218I UNDE AU LOC?<\/strong><br \/>\n\u00cencep\u00e2nd cu luna octombrie 2014, s\u00e2mb\u0103ta, de la ora 11.00 la ora 14.00, \u00een mansarda Control N.<\/p>\n<p><strong>C\u00c2\u021aI PARTICIPAN\u021aI?<\/strong><br \/>\nMinim 7 persoane, maxim 30.<\/p>\n<p><strong>C\u00c2T COST\u0102?<\/strong><br \/>\nPre\u021bul pentru participarea la 1 Seminar Control N este de 100 RON, pl\u0103tibili p\u00e2n\u0103 \u00een weekend-ul dinaintea desf\u0103\u0219ur\u0103rii seminarului respectiv.<\/p>\n<p><strong>CUM V\u0102 \u00ceNSCRIE\u021aI?<\/strong><br \/>\n\u00censcrierile se fac pe mail la adresa <a href=\"mailto:info@controln.ro\">info@controln.ro<\/a>, \u00een limita locurilor disponibile.<\/p>\n<p><strong>C\u00c2ND ORGANIZA\u021aI URM\u0102TORUL SEMINAR?<\/strong><br \/>\nNu s-a stabilit \u00eenc\u0103 data pentru urmatorul seminar.<\/p>\n<\/div>\n<\/div>\n","protected":false},"excerpt":{"rendered":"<p>SEMINARIILE CONTROL N Din toamna lui 2014, Control N concepe \u0219i propune o nou\u0103 serie de \u00eent\u00e2lniri tematice, sus\u021binute de profesioni\u0219ti \u00een domeniul cinematografiei. Seminariile Control N sunt dedicate celor care \u00ee\u0219i pun nenum\u0103rate \u00eentreb\u0103ri legate de filmele pe care [&hellip;]<\/p>\n","protected":false},"author":2,"featured_media":0,"parent":0,"menu_order":0,"comment_status":"closed","ping_status":"closed","template":"side-navigation.php","meta":{"footnotes":""},"class_list":["post-1037","page","type-page","status-publish","hentry"],"jetpack_sharing_enabled":true,"_links":{"self":[{"href":"https:\/\/www.controln.ro\/asociatia-culturala\/wp-json\/wp\/v2\/pages\/1037","targetHints":{"allow":["GET"]}}],"collection":[{"href":"https:\/\/www.controln.ro\/asociatia-culturala\/wp-json\/wp\/v2\/pages"}],"about":[{"href":"https:\/\/www.controln.ro\/asociatia-culturala\/wp-json\/wp\/v2\/types\/page"}],"author":[{"embeddable":true,"href":"https:\/\/www.controln.ro\/asociatia-culturala\/wp-json\/wp\/v2\/users\/2"}],"replies":[{"embeddable":true,"href":"https:\/\/www.controln.ro\/asociatia-culturala\/wp-json\/wp\/v2\/comments?post=1037"}],"version-history":[{"count":5,"href":"https:\/\/www.controln.ro\/asociatia-culturala\/wp-json\/wp\/v2\/pages\/1037\/revisions"}],"predecessor-version":[{"id":1456,"href":"https:\/\/www.controln.ro\/asociatia-culturala\/wp-json\/wp\/v2\/pages\/1037\/revisions\/1456"}],"wp:attachment":[{"href":"https:\/\/www.controln.ro\/asociatia-culturala\/wp-json\/wp\/v2\/media?parent=1037"}],"curies":[{"name":"wp","href":"https:\/\/api.w.org\/{rel}","templated":true}]}}