{"id":1044,"date":"2014-09-03T17:30:18","date_gmt":"2014-09-03T17:30:18","guid":{"rendered":"http:\/\/www.controln.ro\/asociatia-culturala\/?page_id=1044"},"modified":"2016-07-28T14:00:41","modified_gmt":"2016-07-28T14:00:41","slug":"seminar-campanii-de-promovare-pentru-filme","status":"publish","type":"page","link":"https:\/\/www.controln.ro\/asociatia-culturala\/seminarii\/seminar-campanii-de-promovare-pentru-filme\/","title":{"rendered":"seminar \u201cCampanii de promovare pentru filme\u201d"},"content":{"rendered":"<div class=\"margini\">\n<div class=\"verde\">\n<b>SEMINAR &#8220;CAMPANII DE PROMOVARE PENTRU FILME&#8221;<\/b><br \/>\n<b><\/b><b>Invitat: Ileana Cecanu<\/b><\/p>\n<p>Ca filmul s\u0103 ajung\u0103 la public sunt necesari c\u00e2\u021biva pa\u0219i, unii mai mici, altii uria\u0219i, toti importan\u021bi.<br \/>\nIn cadrul seminarului \u201cCampanii de promovare pentru filme\u201d, timp de 3 ore, participan\u021bii vor jonga \u00a0al\u0103turi de Ileana Cecanu cu cele mai importante elemente care fac ca un film s\u0103 aib\u0103 spectatori \u0219i s\u0103 ajung\u0103 la spectatori.<br \/>\nDe la materialele preg\u0103tite \u00eenc\u0103 din timpul film\u0103rilor, uneori chiar \u00eenainte s\u0103 \u00eenceap\u0103 filmarea, p\u00e2n\u0103 la magia din sala de cinema, totul \u00eenseamn\u0103\u00a0 <i>poveste<\/i>. O poveste spus\u0103 de fiecare dat\u0103 altfel, pentru c\u0103 niciun film nu e la fel cu altul.<br \/>\nIleana Cecanu va oferi participan\u021bilor ingredientele folosite ca povestea s\u0103 devin\u0103 realitate.<\/p>\n<p>Astfel, prin discu\u021bii, exemple concrete \u0219i lucru aplicat, participan\u021bii vor aprofunda r\u0103spunsurile la \u00eentreb\u0103ri precum:<b><\/b><\/p>\n<ul>\n<li>ce vrem s\u0103 transmitem \u00eentr-o campanie de promovare a unui film?<\/li>\n<li>cui ne adres\u0103m c\u00e2nd concepem o campanie?<\/li>\n<li>cum \u0219i unde comunic\u0103m mesajele noastre?<\/li>\n<li>care sunt cei cu care vom colabora pe parcursul campaniei?<\/li>\n<li>ce roluri joac\u0103 actorii dup\u0103 ce film\u0103rile s-au \u00eencheiat?<\/li>\n<li>ce nu trebuie s\u0103 uit\u0103m c\u00e2nd filmul ajunge \u00een cinematografe?<\/li>\n<li>care sunt secretele bine ascunse, chichi\u021bele care fac s\u0103 func\u021bioneze mecanismul numit <i>behind the scenes<\/i> \u00een lumea cinematografului?<\/li>\n<li>este marele final momentul c\u00e2nd filmul are premiera?<\/li>\n<\/ul>\n<p><b>Despre Ileana Cecanu<\/b><\/p>\n<p>Specialist PR pentru industria de film, distribuitor de film, fondator Freealize, Ileana are o bogat\u0103 carier\u0103 \u015fi expertiz\u0103 \u00een zona profesional\u0103 de cinema autohton. Este Industry Manager al Transilvania International Film Festival, publicist pentru produc\u0163ii de film locale \u015fi interna\u0163ionale, PR Consultant pentru produc\u0163iile originale realizate de HBO Rom\u00e2nia. Ileana a fost director al companiei de distribu\u0163ie Transilvania Film si a devenit de cur\u00e2nd propriul angajator (Freealize). \u00cen prezent, este membru al Europa Distribution International \u015fi a f\u0103cut parte din juriile sec\u0163iunilor de filme work in progress \u00een cadrul Cinema en Construction \/ Rencontres de Toulouse \u015fi Ventana Sur \/ Buenos Aires.<\/p>\n<p><b>Seminarul \u201cCampanii de promovare pentru filme\u201d <\/b>este deschis tuturor celor interesa\u021bi de film, profesioni\u0219ti sau amatori, de orice v\u00e2rst\u0103.<\/p>\n<p><b>Data de desf\u0103\u0219urare<\/b>: S\u00e2mb\u0103t\u0103, 25 Octombrie 2014<b><br \/>\n<\/b><b><\/b>\n<\/div>\n<\/div>\n","protected":false},"excerpt":{"rendered":"<p>SEMINAR &#8220;CAMPANII DE PROMOVARE PENTRU FILME&#8221; Invitat: Ileana Cecanu Ca filmul s\u0103 ajung\u0103 la public sunt necesari c\u00e2\u021biva pa\u0219i, unii mai mici, altii uria\u0219i, toti importan\u021bi. In cadrul seminarului \u201cCampanii de promovare pentru filme\u201d, timp de 3 ore, participan\u021bii vor [&hellip;]<\/p>\n","protected":false},"author":2,"featured_media":0,"parent":1037,"menu_order":0,"comment_status":"closed","ping_status":"closed","template":"side-navigation.php","meta":{"footnotes":""},"class_list":["post-1044","page","type-page","status-publish","hentry"],"jetpack_sharing_enabled":true,"_links":{"self":[{"href":"https:\/\/www.controln.ro\/asociatia-culturala\/wp-json\/wp\/v2\/pages\/1044","targetHints":{"allow":["GET"]}}],"collection":[{"href":"https:\/\/www.controln.ro\/asociatia-culturala\/wp-json\/wp\/v2\/pages"}],"about":[{"href":"https:\/\/www.controln.ro\/asociatia-culturala\/wp-json\/wp\/v2\/types\/page"}],"author":[{"embeddable":true,"href":"https:\/\/www.controln.ro\/asociatia-culturala\/wp-json\/wp\/v2\/users\/2"}],"replies":[{"embeddable":true,"href":"https:\/\/www.controln.ro\/asociatia-culturala\/wp-json\/wp\/v2\/comments?post=1044"}],"version-history":[{"count":7,"href":"https:\/\/www.controln.ro\/asociatia-culturala\/wp-json\/wp\/v2\/pages\/1044\/revisions"}],"predecessor-version":[{"id":1823,"href":"https:\/\/www.controln.ro\/asociatia-culturala\/wp-json\/wp\/v2\/pages\/1044\/revisions\/1823"}],"up":[{"embeddable":true,"href":"https:\/\/www.controln.ro\/asociatia-culturala\/wp-json\/wp\/v2\/pages\/1037"}],"wp:attachment":[{"href":"https:\/\/www.controln.ro\/asociatia-culturala\/wp-json\/wp\/v2\/media?parent=1044"}],"curies":[{"name":"wp","href":"https:\/\/api.w.org\/{rel}","templated":true}]}}