{"id":105,"date":"2014-01-08T11:53:46","date_gmt":"2014-01-08T11:53:46","guid":{"rendered":"http:\/\/www.controln.ro\/asociatia-culturala\/?page_id=105"},"modified":"2016-07-28T13:31:09","modified_gmt":"2016-07-28T13:31:09","slug":"atelierphoton","status":"publish","type":"page","link":"https:\/\/www.controln.ro\/asociatia-culturala\/cursuri\/atelierphoton\/","title":{"rendered":"atelierphoton"},"content":{"rendered":"<div class=\"margini\">\n<div class=\"verde\">\n<strong>ATELIERPHOTON<\/strong><br \/>\n<strong>ATELIER DE FOTOGRAFIE PE FILM \u0218I FORMATE ALTERNATIVE<\/strong><\/p>\n<p><img decoding=\"async\" class=\"wp-image-351 alignright\" alt=\"1.f.PROIECTE_Cursuri_Atelierphoton\" src=\"http:\/\/www.controln.ro\/asociatia-culturala\/wp-content\/uploads\/2014\/01\/1.f.PROIECTE_Cursuri_Atelierphoton.jpg\" width=\"300\" height=\"447\" srcset=\"https:\/\/www.controln.ro\/asociatia-culturala\/wp-content\/uploads\/2014\/01\/1.f.PROIECTE_Cursuri_Atelierphoton.jpg 300w, https:\/\/www.controln.ro\/asociatia-culturala\/wp-content\/uploads\/2014\/01\/1.f.PROIECTE_Cursuri_Atelierphoton-201x300.jpg 201w\" sizes=\"(max-width: 300px) 100vw, 300px\" \/>Atelierul de fotografie, organizat \u00een parteneriat cu Atelierphoton, se adreseaz\u0103 celor pasiona\u021bi sau interesa\u021bi de fotografia pe film. \u00cen cadrul unor activit\u0103\u021bi ce \u00eembin\u0103 teoria fotografic\u0103\u00a0 general\u0103 (expunere, diafragm\u0103, \u00eencadratur\u0103, compozi\u021bie, culoare etc.) cu lucrul practic, cursan\u021bii vor avea ocazia s\u0103 descopere mijloacele tehnice \u0219i artistice prin care se ob\u021bine o fotografie bun\u0103. De la construc\u021bia unui aparat foto, p\u00e2n\u0103 la developare \u0219i imprimare pe h\u00e2rtie fotografic\u0103 e un drum lung, pe care orice pasionat de fotografie trebuie s\u0103 \u00eel parcurg\u0103 practic.<\/p>\n<p>Atelierphoton \u00ee\u0219i\u00a0 propune s\u0103 aprofundeze studiul fotografiei \u0219i s\u0103 \u00ee\u0219i fac\u0103 participan\u021bii p\u0103rta\u0219i la un proces ce \u00eembin\u0103 creativitatea cu meticulozitatea. Participan\u021bii vor avea ocazia s\u0103 \u00ee\u0219i construiasc\u0103 propriul aparat foto, pentru a \u00een\u021belege mai bine principiile de baz\u0103 ale fotografiei. \u00cen cadrul unor activit\u0103\u021bi practice, vor studia individual procesul develop\u0103rii, revel\u0103rii \u0219i fix\u0103rii unei fotografii imprimate pe film \u0219i copiate pe h\u00e2rtie fotografic\u0103.<\/p>\n<p>Cu un accent puternic pe latura practic\u0103 a fotografiei, atelierul con\u021bine \u0219i o parte teoretic\u0103, menit\u0103 s\u0103 explice no\u021biunile generale \u00een fotografie.<\/p>\n<p>Cursul se va desf\u0103\u0219ura dup\u0103 urmatoarea structur\u0103.<\/p>\n<p>1.\u00a0 Aspecte generale \u0219i tehnice legate de fotografie. Discutarea tipurilor de aparate, diferen\u021bele dintre fotografierea pe film \u0219i cea digital\u0103, obiective, expunere, diafragm\u0103, \u00eencadraturi &#8211; 3 ore<br \/>\n2. Lumina &#8211; tipuri de surse de iluminare, tehnici de iluminare. Exerci\u021bii practice cu aparate de fotografiat pe film \u0219i digitale, introducerea unor no\u021biuni de prelucrare fotografic\u0103 \u00een laborator &#8211; 3 ore<br \/>\n3. Expunerea \u0219i developarea unui film foto. Construc\u021bia unui aparat foto de tip pinhole (stenopa). Participan\u021bii \u00ee\u0219i vor construi propriul aparat foto \u0219i vor \u00een\u021belege procesul fotografic prin realizarea unor teme individuale.<br \/>\n4. Atelier practic. Participan\u021bii vor face exercitii cu aparate clasice si stenope \u0219i vor trece individual prin procesul develop\u0103rii unui film foto &#8211; 3 ore<br \/>\n5. Laborator foto &#8211; transpunerea negativului fotografic pe h\u00e2rtie foto. Developare \u00een laborator \u0219i transpunere \u00een pozitiv pe h\u00e2rtie fotografic\u0103 a temelor individuale &#8211; 4 ore<\/p>\n<p>Participan\u021bilor li se vor asigura toate mijloacele tehnice \u0219i logistice pentru participarea la atelier &#8211; filme, h\u00e2rtie fotografic\u0103, substan\u021be de laborator. Nu este necesar\u0103 de\u021binerea unui aparat foto.<\/p>\n<p><strong>N<\/strong><b>u s-a stabilit perioada de desf\u0103\u0219urare a urm\u0103toarei sesiuni.<\/b>\n<\/div>\n<\/div>\n","protected":false},"excerpt":{"rendered":"<p>ATELIERPHOTON ATELIER DE FOTOGRAFIE PE FILM \u0218I FORMATE ALTERNATIVE Atelierul de fotografie, organizat \u00een parteneriat cu Atelierphoton, se adreseaz\u0103 celor pasiona\u021bi sau interesa\u021bi de fotografia pe film. \u00cen cadrul unor activit\u0103\u021bi ce \u00eembin\u0103 teoria fotografic\u0103\u00a0 general\u0103 (expunere, diafragm\u0103, \u00eencadratur\u0103, compozi\u021bie, [&hellip;]<\/p>\n","protected":false},"author":2,"featured_media":0,"parent":267,"menu_order":6,"comment_status":"closed","ping_status":"closed","template":"side-navigation.php","meta":{"footnotes":""},"class_list":["post-105","page","type-page","status-publish","hentry"],"jetpack_sharing_enabled":true,"_links":{"self":[{"href":"https:\/\/www.controln.ro\/asociatia-culturala\/wp-json\/wp\/v2\/pages\/105","targetHints":{"allow":["GET"]}}],"collection":[{"href":"https:\/\/www.controln.ro\/asociatia-culturala\/wp-json\/wp\/v2\/pages"}],"about":[{"href":"https:\/\/www.controln.ro\/asociatia-culturala\/wp-json\/wp\/v2\/types\/page"}],"author":[{"embeddable":true,"href":"https:\/\/www.controln.ro\/asociatia-culturala\/wp-json\/wp\/v2\/users\/2"}],"replies":[{"embeddable":true,"href":"https:\/\/www.controln.ro\/asociatia-culturala\/wp-json\/wp\/v2\/comments?post=105"}],"version-history":[{"count":5,"href":"https:\/\/www.controln.ro\/asociatia-culturala\/wp-json\/wp\/v2\/pages\/105\/revisions"}],"predecessor-version":[{"id":1803,"href":"https:\/\/www.controln.ro\/asociatia-culturala\/wp-json\/wp\/v2\/pages\/105\/revisions\/1803"}],"up":[{"embeddable":true,"href":"https:\/\/www.controln.ro\/asociatia-culturala\/wp-json\/wp\/v2\/pages\/267"}],"wp:attachment":[{"href":"https:\/\/www.controln.ro\/asociatia-culturala\/wp-json\/wp\/v2\/media?parent=105"}],"curies":[{"name":"wp","href":"https:\/\/api.w.org\/{rel}","templated":true}]}}