{"id":1057,"date":"2014-09-03T21:14:39","date_gmt":"2014-09-03T21:14:39","guid":{"rendered":"http:\/\/www.controln.ro\/asociatia-culturala\/?page_id=1057"},"modified":"2016-07-28T13:23:03","modified_gmt":"2016-07-28T13:23:03","slug":"first-report","status":"publish","type":"page","link":"https:\/\/www.controln.ro\/asociatia-culturala\/cursuri\/first-report\/","title":{"rendered":"first report"},"content":{"rendered":"<div class=\"margini\">\n<div class=\"verde\">\n<strong><a href=\"http:\/\/www.controln.ro\/asociatia-culturala\/wp-content\/uploads\/2014\/09\/first-report-afis3.jpg\"><img decoding=\"async\" class=\"size-medium wp-image-1067 alignright\" alt=\"first-report-afis\" src=\"http:\/\/www.controln.ro\/asociatia-culturala\/wp-content\/uploads\/2014\/09\/first-report-afis3-233x300.jpg\" width=\"233\" height=\"300\" srcset=\"https:\/\/www.controln.ro\/asociatia-culturala\/wp-content\/uploads\/2014\/09\/first-report-afis3-233x300.jpg 233w, https:\/\/www.controln.ro\/asociatia-culturala\/wp-content\/uploads\/2014\/09\/first-report-afis3.jpg 595w\" sizes=\"(max-width: 233px) 100vw, 233px\" \/><\/a>FIRST REPORT<\/strong><br \/>\n<strong> CURS DE JURNALISM DE FILM<\/strong><\/p>\n<p>First Report este un atelier de jurnalism de film dedicat tuturor celor care vor s\u0103 \u00een\u021beleag\u0103 mecanismele din spatele industriei de cinema \u0219i s\u0103 \u00eenve\u021be s\u0103 scrie informat \u0219i competent despre ele.<\/p>\n<p>Pe parcursul celor 8 \u0219edin\u021be, cursan\u021bii vor parcurge genurile jurnalistice, de la \u0219tire, relatare, reportaj, analiz\u0103, anchet\u0103 \u0219i interviu la cronica (de festival), \u0219i vor afla, \u00een paralel, detalii concrete despre cele mai bune surse de informare pentru jurnali\u015ftii pe film \u0219i gestionarea lor, festivaluri, marketing \u0219i distribu\u021bie de cinema, prelucrarea cifrelor din diverse baze de date, mecanismele din industria hollywoodian\u0103 vs. cea european\u0103; Bollywood \u0219i Hollywood; finan\u021bare \u0219i facilit\u0103\u021bi fiscale; reportajul pe platourile de filmare &#8211; structura echipei unui film; agen\u021biile de casting.<\/p>\n<p>De asemenea, participan\u021bii vor afla cum func\u021bioneaz\u0103 Centrul Na\u021bional al Cinematografiei \u2013 o trecere prin istoria scandalurilor \u0219i anchetelor despre institu\u021bie, de unde porne\u015fti, cum urm\u0103re\u015fti firul, cum verifici informa\u0163ia, rela\u021bia cu sursele. Se va discuta aplicat, de asemenea, despre cazul cinematografelor RADEF \u0219i legea cinematografiei.<\/p>\n<p>Participan\u021bii vor primi \u00eendrumare c\u00e2nd vine vorba de diferite ustensile de lucru, specifice jurnalismului de cinema. Cum cite\u0219ti box office-ul; Press-junket-ul \u00een festivaluri \u2013 \u00eent\u00e2lnirea cu vedetele; Q&amp;A vs. interview \u00een presa anglo-saxon\u0103; impresarii, agen\u0163ii, PR-ii \u2013 cum gestionezi rela\u021bia cu ei. Chestiuni generale de editare \u0219i corectitudine a textelor, deontologie; liste de termeni specifici pe film.<\/p>\n<p>Discu\u021biile \u0219i prezent\u0103rile vor fi dublate de teme concrete pe care le vor primi cursan\u021bii de-a lungul celor 8 \u00eent\u00e2lniri \u2013 \u0219tiri, relat\u0103ri din festivaluri, interviuri, subiecte de anchet\u0103 \u0219i analiz\u0103. Textele vor fi discutate, editate \u0219i publicate pe Filmreporter.ro, \u00eentr-o sec\u021biune special\u0103 dedicat\u0103 workshop-ului.<\/p>\n<p><b>FLORENTINA CIUVERCA<\/b><\/p>\n<p>Absolvent\u0103 a Universit\u0103\u021bii \u201eAl. I. Cuza\u201ddin Ia\u015fi, Departamentul de Jurnalistic\u0103 \u0219i \u0218tiin\u021bele Comunic\u0103rii, Florentina Ciuverca a studiat filmologia la Universidade da Beira Interior din Portugalia, \u00een timpul unei burse Socrate-Erasmus. Corespondent\u0103 la festivalurile de la Cannes, Vene\u0163ia, Berlin sau Roma, a debutat \u00een jurnalism \u00een 2003, scriind pentru revista \u201eOpinia studen\u021beasc\u0103\u201d. \u00cen aceast\u0103 perioad\u0103, a fost premiat\u0103 cu men\u021biune la concursul \u201eT\u0103n\u0103rul jurnalist al anului 2003\u201c, sec\u021biunea Cultur\u0103. Ca jurnalist\u0103 pe domeniul Cultur\u0103 la \u201eEvenimentul zilei\u201d, \u00eentre 2006 \u015fi 2010, a fost acreditat\u0103 la Festivalul de la Cannes, cinci edi\u021bii la r\u00e2nd, \u0219i a realizat interviuri cu nume ca Francis Ford Coppola, Emir Kusturica, Monica Bellucci, Catherine Deneuve, Costa-Gavras, Michel Gondry, Dennis Hopper, Guillaume Depardieu, Franco Nero, Rutger Hauer, Olivier Assayas, Stephen Frears, Ken Loach sau Diane Kruger.<\/p>\n<p>Este fondator \u015fi editor al publica\u0163iei online de cinema <b>Filmreporter.ro<\/b>, primul proiect de acest fel premiat de Asocia\u021bia Criticilor de Film din Rom\u00e2nia cu Premiul \u201eIon Cantacuzino\u201d pentru publicistic\u0103, \u00een 2013. Unul dintre cele mai importante proiecte ale Filmreporter.ro a fost seria de investiga\u021bii despre Centrul Na\u021bional al Cinematografiei, \u00een urma c\u0103rora au fost dezv\u0103luite mecanismele din spatele unor finan\u021b\u0103ri acordate discre\u021bionar. \u00cen august 2014, a participat din partea Filmreporter.ro la Festivalul Interna\u021bional de Film Documentar DokuFest din Prizren, Kosovo, ca parte a unui program organizat de Kosovo Foundation for Open Society.<\/p>\n<p>A f\u0103cut parte din juriul de nominaliz\u0103ri al Premiilor Gopo, edi\u021bia 2011, \u0219i din proiectul \u201eEducation a l\u2019Image\u201d, un program de educa\u021bie cinematografic\u0103 \u00een liceele din Bucure\u0219ti. Este c\u00e2\u0219tig\u0103toarea celei de-a doua edi\u021bii a bursei \u201eAlex. Leo \u0218erban\u201d, dedicat\u0103 tinerilor jurnali\u0219ti \u0219i critici de film, const\u00e2nd \u00eentr-un stagiu la New York, \u00een timpul festivalului Making Waves: New Romanian Cinema, \u00een noiembrie-decembrie 2013. Ca specialist \u00een comunicare \u0219i organizare de evenimente, colaboreaz\u0103 cu Les Films de Cannes \u00e0 Bucarest, Festivalul Interna\u021bional de Film Transilvania (TIFF), Festivalul Interna\u021bional de Film NexT sau Cinepolitica.<\/p>\n<p>A publicat articole \u0219i \u00een revista \u201eRegard\u201d, \u201eEsquire\u201d, \u201eDilema Veche\u201d, \u201eIndustry\u201d, \u201eSuplimentul de cultur\u0103\u201d, \u201eAdev\u0103rul\u201d \u0219.a<\/p>\n<p><strong>N<\/strong><b>u s-a stabilit perioada de desf\u0103\u0219urare a urm\u0103toarei sesiuni.<\/b>\n<\/div>\n<\/div>\n","protected":false},"excerpt":{"rendered":"<p>FIRST REPORT CURS DE JURNALISM DE FILM First Report este un atelier de jurnalism de film dedicat tuturor celor care vor s\u0103 \u00een\u021beleag\u0103 mecanismele din spatele industriei de cinema \u0219i s\u0103 \u00eenve\u021be s\u0103 scrie informat \u0219i competent despre ele. Pe [&hellip;]<\/p>\n","protected":false},"author":2,"featured_media":0,"parent":267,"menu_order":0,"comment_status":"closed","ping_status":"closed","template":"side-navigation.php","meta":{"footnotes":""},"class_list":["post-1057","page","type-page","status-publish","hentry"],"jetpack_sharing_enabled":true,"_links":{"self":[{"href":"https:\/\/www.controln.ro\/asociatia-culturala\/wp-json\/wp\/v2\/pages\/1057","targetHints":{"allow":["GET"]}}],"collection":[{"href":"https:\/\/www.controln.ro\/asociatia-culturala\/wp-json\/wp\/v2\/pages"}],"about":[{"href":"https:\/\/www.controln.ro\/asociatia-culturala\/wp-json\/wp\/v2\/types\/page"}],"author":[{"embeddable":true,"href":"https:\/\/www.controln.ro\/asociatia-culturala\/wp-json\/wp\/v2\/users\/2"}],"replies":[{"embeddable":true,"href":"https:\/\/www.controln.ro\/asociatia-culturala\/wp-json\/wp\/v2\/comments?post=1057"}],"version-history":[{"count":11,"href":"https:\/\/www.controln.ro\/asociatia-culturala\/wp-json\/wp\/v2\/pages\/1057\/revisions"}],"predecessor-version":[{"id":1795,"href":"https:\/\/www.controln.ro\/asociatia-culturala\/wp-json\/wp\/v2\/pages\/1057\/revisions\/1795"}],"up":[{"embeddable":true,"href":"https:\/\/www.controln.ro\/asociatia-culturala\/wp-json\/wp\/v2\/pages\/267"}],"wp:attachment":[{"href":"https:\/\/www.controln.ro\/asociatia-culturala\/wp-json\/wp\/v2\/media?parent=1057"}],"curies":[{"name":"wp","href":"https:\/\/api.w.org\/{rel}","templated":true}]}}