{"id":1102,"date":"2014-09-03T22:58:19","date_gmt":"2014-09-03T22:58:19","guid":{"rendered":"http:\/\/www.controln.ro\/asociatia-culturala\/?page_id=1102"},"modified":"2016-07-28T13:23:52","modified_gmt":"2016-07-28T13:23:52","slug":"focus-atelier-de-fotografie-documentara","status":"publish","type":"page","link":"https:\/\/www.controln.ro\/asociatia-culturala\/cursuri\/focus-atelier-de-fotografie-documentara\/","title":{"rendered":"focus"},"content":{"rendered":"<div class=\"margini\">\n<div class=\"verde\">\n<strong><a href=\"http:\/\/www.controln.ro\/asociatia-culturala\/wp-content\/uploads\/2014\/09\/focus-afis10.jpg\"><img decoding=\"async\" class=\"size-medium wp-image-1108 alignright\" alt=\"focus-afis10\" src=\"http:\/\/www.controln.ro\/asociatia-culturala\/wp-content\/uploads\/2014\/09\/focus-afis10-211x300.jpg\" width=\"211\" height=\"300\" srcset=\"https:\/\/www.controln.ro\/asociatia-culturala\/wp-content\/uploads\/2014\/09\/focus-afis10-211x300.jpg 211w, https:\/\/www.controln.ro\/asociatia-culturala\/wp-content\/uploads\/2014\/09\/focus-afis10.jpg 595w\" sizes=\"(max-width: 211px) 100vw, 211px\" \/><\/a><\/strong><\/p>\n<p><b>FOCUS \u2013 ATELIER DE FOTOGRAFIE DOCUMENTAR\u0102<\/b><\/p>\n<p><b>Zilnic trecem pe l\u00e2ng\u0103 sute de oameni \u0219i sute de pove\u0219ti. Dac\u0103 ne-am opri s\u0103 le observ\u0103m oare c\u00e2t de departe am ajunge? Te invit\u0103m s\u0103 descoperi \u0219i s\u0103 dai mai departe pove\u0219tile din spatele oamenilor pe l\u00e2ng\u0103 care treci \u00een fiecare zi.<\/b><\/p>\n<p>FOCUS este un curs practic de fotografie documentar\u0103, sus\u021binut de fotograful \u0219i regizorul de film documentar <a href=\"http:\/\/vladpetri.ro\" target=\"_blank\">Vlad Petri<\/a>. Cursul \u00ee\u0219i propune s\u0103 scoat\u0103 la iveal\u0103 pove\u0219tile oamenilor din Bucure\u0219ti.\u2028Atelierul se adreseaz\u0103 tuturor pasiona\u021bilor de fotografie, cu sau f\u0103r\u0103 o preg\u0103tire prealabil\u0103, care vor s\u0103 descopere mecanismele povestirii \u00een imagini, prin intermediul fotografiei.\u2028Pe parcursul celor 8 \u0219edin\u021be, participan\u021bii vor parcurge etapele contur\u0103rii unui proiect fotografic, prin exerci\u021bii practice, teme pentru acas\u0103, \u00eent\u00e2lniri cu invita\u021bi specializa\u021bi \u00een fotografie documentar\u0103 (fotografi, regizori, directori de imagine), sub \u00eendrumarea atent\u0103 a trainerului atelierului.\u2028La final, fiecare participant va avea \u00een portofoliu o suit\u0103 de 5-10 fotografii.<\/p>\n<p><b>STRUCTUR\u0102 CURS<\/b><\/p>\n<p>1\u00a0 Prezentarea general\u0103 a cursului. Introducere \u00een fotografia documentar\u0103. Scurt istoric.<br \/>\n2\u00a0 Incursiune \u00een tehnica fotografiei documentare. Tipuri de aparate, obiective, formate. De la aparatele pe film la fotografia digital\u0103 modern\u0103.<br \/>\n3\u00a0\u00a0 Cum \u00eemi aleg subiectul?\u00a0 Abord\u0103ri, contexte, exemple de proiecte fotografice.\u00a0 Fotografia de strad\u0103 \u2013 \u201ca fi \u00een locul potrivit la momentul potrivit\u201d.<br \/>\n4\u00a0\u00a0 \u00cent\u00e2lnire cu un jurnalist\/ foto-reporter care va prezenta \u0219i va vorbi despre proiectele sale.<br \/>\n5.\u00a0 Preg\u0103tirea proiectului final. Discutarea propunerilor \u0219i a temelor anterioare. Exemplific\u0103ri din proiecte fotografice consacrate.<br \/>\n6.\u00a0 Filmul documentar \u0219i fotografia documentar\u0103 \u2013 puncte de intersec\u021bie, asem\u0103n\u0103ri \u0219i deosebiri. Rolul reporterului \u00een relatarea unui eveniment. Pres\u0103 \u0219i televiziune.<br \/>\n7.\u00a0 Post-produc\u021bie. Tehnici de editare a fotografiilor. Social media \u2013 share\/ reach\/ diseminare mesaj. Expozi\u021bii, galerii de art\u0103 \u2013 pa\u0219ii necesari pentru preg\u0103tirea imaginilor pentru print.<br \/>\n8.\u00a0 Discutarea proiectelor finale.<\/p>\n<p><b>Vlad Petri<\/b><\/p>\n<p>Vlad Petri a absolvit Universitatea Na\u0163ional\u0103 de Art\u0103 Teatral\u0103 \u015fi Cinematografic\u0103 I.L. Caragiale \u00een 2005. A lucrat ca freelancer la mai multe proiecte de documentare \u00een \u0163\u0103ri precum: Afganistan, Siria, Iordania, Tajikistan, Uzbekistan, Armenia \u015fi Albania. In perioada 2008 \u2013 2010 al\u0103turi de directorul de imagine Marius Iacob, a sus\u0163inut cursuri de fotografie \u00een cadrul atelierului interactiv \u2013 <b>Photon. <\/b>Atelierul era adresat publicului larg \u0219i urm\u0103rea familiarizarea participan\u021bilor cu fotografia \u0219i \u00eenv\u0103\u021barea tehnicilor de baz\u0103. In cadrul <b>Photon<\/b> erau \u00eembinate abordarea teoretic\u0103 (instruc\u0163iuni de folosire a camerei, lumin\u0103, compozi\u0163ie, etc.), cu cea practic\u0103, const\u00e2nd \u00een exerci\u0163ii \u00een studio (fotografie de portret, tehnici de iluminare, fotografie de obiect) \u015fi &#8220;teme&#8221; pentru acas\u0103 (fotografii pe o tem\u0103 dat\u0103).Proiectele actuale ale lui Vlad sunt axate pe film documentar \u0219i jurnalism, fiind interesat \u00een principal de teme sociale \u0219i politice .A documentat <a href=\"http:\/\/vladpetri.ro\/ro\/video\/proteste2012.html\">protestele din 2012 din Pia\u0163a Universit\u0103\u0163ii <\/a>\u015fi pe cele din 2013 <a href=\"http:\/\/vladpetri.ro\/ro\/video\/rosiamontana.html\">\u00eempotriva exploat\u0103rii de la Ro\u015fia Montan\u0103, <\/a>post\u00e2nd cu regularitate clipuri video pe internet (pe canalul personal de Youtube \u0219i pe website-ul www.vladpetri.ro). \u00cencep\u00e2nd cu protestele din 2012 \u015fi 2013 \u015fi continu\u00e2nd cu diverse evenimente stradale, flash mob-uri, festivit\u0103\u0163i \u015fi ac\u0163iuni de protest, Vlad Petri a realizat o serie de clipuri care au reprezentat versiuni alternative la evenimentele prezentate de mass-media tradi\u0163ional\u0103.\u00a0Timp de 2 ani, Vlad a lucrat la documentarul <b>Bucure\u0219ti, unde esti?<\/b>, un portret intim, personal, despre oameni \u015fi pove\u015ftile lor din strad\u0103. Un film despre o lume confuz\u0103, aflat\u0103 \u00eentr-o continu\u0103 tranzi\u0163ie \u00eentre un trecut comunist \u015fi un viitor incert.\u00a0<b>Bucure\u0219ti, unde e\u0219ti? <\/b>a avut premiera \u00een acest an la Festivalul Interna\u0163ional de Film de la Rotterdam. Filmul a fost lansat pe marile ecrane din Rom\u00e2nia \u00een luna iunie, dup\u0103 ce a fost prezentat \u0219i \u00een cadrul celei de-a 13-a edi\u021bii a Festivalului Interna\u021bional de Film Transilvania (TIFF).<\/p>\n<p><i>Pentru participarea la FOCUS nu e necesar\u0103 o preg\u0103tire \u00een prealabil \u0219i nici de\u021binerea unui aparat de fotografiat profesionist.\u00a0<\/i><\/p>\n<p><strong><strong>N<\/strong><b>u s-a stabilit perioada de desf\u0103\u0219urare a urm\u0103toarei sesiuni.<\/b><br \/>\n<\/strong>\n<\/div>\n<\/div>\n","protected":false},"excerpt":{"rendered":"<p>FOCUS \u2013 ATELIER DE FOTOGRAFIE DOCUMENTAR\u0102 Zilnic trecem pe l\u00e2ng\u0103 sute de oameni \u0219i sute de pove\u0219ti. Dac\u0103 ne-am opri s\u0103 le observ\u0103m oare c\u00e2t de departe am ajunge? Te invit\u0103m s\u0103 descoperi \u0219i s\u0103 dai mai departe pove\u0219tile din [&hellip;]<\/p>\n","protected":false},"author":2,"featured_media":0,"parent":267,"menu_order":0,"comment_status":"closed","ping_status":"closed","template":"side-navigation.php","meta":{"footnotes":""},"class_list":["post-1102","page","type-page","status-publish","hentry"],"jetpack_sharing_enabled":true,"_links":{"self":[{"href":"https:\/\/www.controln.ro\/asociatia-culturala\/wp-json\/wp\/v2\/pages\/1102","targetHints":{"allow":["GET"]}}],"collection":[{"href":"https:\/\/www.controln.ro\/asociatia-culturala\/wp-json\/wp\/v2\/pages"}],"about":[{"href":"https:\/\/www.controln.ro\/asociatia-culturala\/wp-json\/wp\/v2\/types\/page"}],"author":[{"embeddable":true,"href":"https:\/\/www.controln.ro\/asociatia-culturala\/wp-json\/wp\/v2\/users\/2"}],"replies":[{"embeddable":true,"href":"https:\/\/www.controln.ro\/asociatia-culturala\/wp-json\/wp\/v2\/comments?post=1102"}],"version-history":[{"count":13,"href":"https:\/\/www.controln.ro\/asociatia-culturala\/wp-json\/wp\/v2\/pages\/1102\/revisions"}],"predecessor-version":[{"id":1796,"href":"https:\/\/www.controln.ro\/asociatia-culturala\/wp-json\/wp\/v2\/pages\/1102\/revisions\/1796"}],"up":[{"embeddable":true,"href":"https:\/\/www.controln.ro\/asociatia-culturala\/wp-json\/wp\/v2\/pages\/267"}],"wp:attachment":[{"href":"https:\/\/www.controln.ro\/asociatia-culturala\/wp-json\/wp\/v2\/media?parent=1102"}],"curies":[{"name":"wp","href":"https:\/\/api.w.org\/{rel}","templated":true}]}}