{"id":1130,"date":"2015-01-29T13:15:20","date_gmt":"2015-01-29T13:15:20","guid":{"rendered":"http:\/\/www.controln.ro\/asociatia-culturala\/?page_id=1130"},"modified":"2016-07-28T14:06:54","modified_gmt":"2016-07-28T14:06:54","slug":"regulament-lim","status":"publish","type":"page","link":"https:\/\/www.controln.ro\/asociatia-culturala\/workshop-uri\/lim\/lim-2015-romania\/regulament-lim\/","title":{"rendered":"regulament LIM"},"content":{"rendered":"<div class=\"margini\">\n<div class=\"verde\">\n<a href=\"http:\/\/www.controln.ro\/asociatia-culturala\/wp-content\/uploads\/2015\/01\/LIM-final.jpg\"><img decoding=\"async\" class=\"size-medium wp-image-1132 alignright\" alt=\"LIM final\" src=\"http:\/\/www.controln.ro\/asociatia-culturala\/wp-content\/uploads\/2015\/01\/LIM-final-231x300.jpg\" width=\"231\" height=\"300\" srcset=\"https:\/\/www.controln.ro\/asociatia-culturala\/wp-content\/uploads\/2015\/01\/LIM-final-231x300.jpg 231w, https:\/\/www.controln.ro\/asociatia-culturala\/wp-content\/uploads\/2015\/01\/LIM-final.jpg 612w\" sizes=\"(max-width: 231px) 100vw, 231px\" \/><\/a><strong>REGULAMENT<\/strong><br \/>\n<strong> Less Is More | LIM<\/strong><br \/>\n<strong> Atelier de dezvoltare de scenarii de filme low budget<\/strong><\/p>\n<p>1. Atelierul de Dezvoltare de Scenarii de Filme Low Budget (LIM) este un proiect de dezvoltare scenaristic\u0103 pentru proiecte de lung metraj low budget, co-organizat de Le Groupe Ouest (Fran\u021ba) \u0219i Asocia\u021bia Cultural\u0103 Control N (Rom\u00e2nia).<\/p>\n<p>2. Prima edi\u021bie a proiectului se desf\u0103\u0219oar\u0103 \u00een perioada 3 \u2013 10 mai 2015 \u0219i cuprinde un training intensiv dedicat dezvolt\u0103rii scenariilor de lung metraj low budget.<\/p>\n<p>3. LIM se adreseaz\u0103 scenari\u0219tilor \u0219i regizorilor din Rom\u00e2nia \u0219i Republica Moldova, interesa\u021bi de dezvoltarea unui proiect de film low budget.<\/p>\n<p>4. V\u00e2rsta minim\u0103 de participare este de 18 ani. Nu exist\u0103 limit\u0103 maxim\u0103 de v\u00e2rst\u0103.<\/p>\n<p>5. LIM ofer\u0103 training \u00een domeniul scrierii \u0219i dezvolt\u0103rii unui scenariu de lung metraj de fic\u021biune, pornind de la un sinopsis \u0219i finaliz\u00e2ndu-se cu un treatment. Trainingul va fi realizat de 2 consultan\u021bi de scenariu, exper\u021bi \u00een zona filmului low budget.<\/p>\n<p>6. Trainingul din cadrul LIM este structurat \u00een diverse etape: instruire teoretic\u0103, seminarii, lucru aplicat pe fiecare proiect, feedback individual \u0219i de grup pe fiecare proiect, training de pitching de proiect, pitching de proiect \u00een fa\u021ba reprezentan\u021bilor industriei cinematografice din Rom\u00e2nia. Pe l\u00e2ng\u0103 sesiunea de training de 7 zile din luna mai, programul cuprinde \u0219i o sesiune de feedback scris, pe baza treatment-ului dezvoltat \u00een cadrul atelierului.<\/p>\n<p>7. Pentru \u00eenscrierea \u00een proiect, cei interesa\u021bi vor furniza organizatorilor urm\u0103toarele materiale:<\/p>\n<p>&#8211; formularul de \u00eenscriere completat cu toate datele aplicantului<br \/>\n&#8211; sinopsisul proiectului de lung metraj (maxim 3000 caractere)<br \/>\n&#8211; scrisoare de motiva\u021bie (max 2000 de caractere)<br \/>\n&#8211; 1 film anterior realizat pe baza unui scenariu scris de aplicant (fictiune, documentar, animatie, scurt sau lung metraj) &#8211; link pentru vizionare (op\u021bional)<br \/>\n&#8211; 1 scenariu din portofoliul autorului (fic\u021biune scurt sau lung metraj)<\/p>\n<p>8. Selec\u021bia celor 8 proiecte va fi realizat\u0103 de organizatori pe baza documentelor con\u021binute \u00een aplica\u021bie. \u00cen cazul \u00een care pentru un singur proiect exist\u0103 mai mul\u021bi autori, un singur reprezentant va putea participa la atelier.<\/p>\n<p>9. Limba de desf\u0103\u0219urare a proiectului este engleza. Cunoa\u0219terea limbii engleze este un criteriu obligatoriu \u00een participarea la program.<\/p>\n<p>10. Taxa de participare la proiect este de 50 de euro \u0219i este pl\u0103tibil\u0103 \u00een lei, la cursul valutar al zilei \u00een care se face plata, prin virament bancar, \u00een contul Organizatorului. Taxa se achit\u0103 \u00een momentul select\u0103rii participantului \u00een proiect. Neplata taxei de participare \u00een termenul anun\u021bat de Organizator atrage dup\u0103 sine excluderea participantului din proiect.<\/p>\n<p>11. Cheltuielile legate de masa de pr\u00e2nz, precum \u0219i cele de cazare (doar pentru participan\u021bii din provincie) vor fi suportate de Organizator, pe toat\u0103 durata desf\u0103\u0219ur\u0103rii atelierului.<\/p>\n<p>12. Pentru \u00eenscrierea \u00een proiect, cei interesa\u021bi sunt ruga\u021bi s\u0103 completeze formularul de \u00eenscriere online, disponibil pe site-ul organizatorului, p\u00e2na la ora 23:59 a zilei de 1 aprilie 2015. Orice aplica\u021bie sosit\u0103 dup\u0103 acest deadline nu va fi luat\u0103 \u00een considerare.<\/p>\n<p>13. \u00censcrierea \u00een proiect presupune acceptarea Regulamentului proiectului.\n<\/p><\/div>\n<\/div>\n","protected":false},"excerpt":{"rendered":"<p>REGULAMENT Less Is More | LIM Atelier de dezvoltare de scenarii de filme low budget 1. Atelierul de Dezvoltare de Scenarii de Filme Low Budget (LIM) este un proiect de dezvoltare scenaristic\u0103 pentru proiecte de lung metraj low budget, co-organizat [&hellip;]<\/p>\n","protected":false},"author":2,"featured_media":0,"parent":1127,"menu_order":1,"comment_status":"closed","ping_status":"closed","template":"side-navigation.php","meta":{"footnotes":""},"class_list":["post-1130","page","type-page","status-publish","hentry"],"jetpack_sharing_enabled":true,"_links":{"self":[{"href":"https:\/\/www.controln.ro\/asociatia-culturala\/wp-json\/wp\/v2\/pages\/1130","targetHints":{"allow":["GET"]}}],"collection":[{"href":"https:\/\/www.controln.ro\/asociatia-culturala\/wp-json\/wp\/v2\/pages"}],"about":[{"href":"https:\/\/www.controln.ro\/asociatia-culturala\/wp-json\/wp\/v2\/types\/page"}],"author":[{"embeddable":true,"href":"https:\/\/www.controln.ro\/asociatia-culturala\/wp-json\/wp\/v2\/users\/2"}],"replies":[{"embeddable":true,"href":"https:\/\/www.controln.ro\/asociatia-culturala\/wp-json\/wp\/v2\/comments?post=1130"}],"version-history":[{"count":11,"href":"https:\/\/www.controln.ro\/asociatia-culturala\/wp-json\/wp\/v2\/pages\/1130\/revisions"}],"predecessor-version":[{"id":1830,"href":"https:\/\/www.controln.ro\/asociatia-culturala\/wp-json\/wp\/v2\/pages\/1130\/revisions\/1830"}],"up":[{"embeddable":true,"href":"https:\/\/www.controln.ro\/asociatia-culturala\/wp-json\/wp\/v2\/pages\/1127"}],"wp:attachment":[{"href":"https:\/\/www.controln.ro\/asociatia-culturala\/wp-json\/wp\/v2\/media?parent=1130"}],"curies":[{"name":"wp","href":"https:\/\/api.w.org\/{rel}","templated":true}]}}