{"id":1212,"date":"2015-02-20T10:15:46","date_gmt":"2015-02-20T10:15:46","guid":{"rendered":"http:\/\/www.controln.ro\/asociatia-culturala\/?page_id=1212"},"modified":"2016-07-28T14:08:09","modified_gmt":"2016-07-28T14:08:09","slug":"consultanti-lim","status":"publish","type":"page","link":"https:\/\/www.controln.ro\/asociatia-culturala\/workshop-uri\/lim\/lim-2015-romania\/consultanti-lim\/","title":{"rendered":"consultan\u021bi LIM"},"content":{"rendered":"<div class=\"margini\">\n<div class=\"verde\"><strong>ANTOINE LE BOS<\/strong><img decoding=\"async\" class=\"alignright size-full wp-image-1214\" alt=\"Antoine-Le-Bos\" src=\"http:\/\/www.controln.ro\/asociatia-culturala\/wp-content\/uploads\/2015\/02\/Antoine-Le-Bos.jpg\" width=\"201\" height=\"300\" \/><\/p>\n<p>Scenarist \u0219i consultant de scenarii francez, a semnat sau co-semnat peste 25 de scenarii de lung metraj \u0219i are experien\u021ba a peste 100 de proiecte de lung metraj, \u00eendrumate din pozi\u021bia de consultant.<\/p>\n<p>Continu\u00e2nd o via\u021b\u0103 \u00eenceput\u0103 ca marinar \u0219i un doctorat \u00een filozofie, \u00eentrerupt, la Sorbona, a absolvit CEEA din Paris \u00een 1996. Dup\u0103 ce a regizat c\u00e2teva scurt metraje \u0219i experimente teatrale, a fost unul dintre co-autorii seriei de anima\u021bie 3D Ratz, difuzata \u00een peste 20 de \u021b\u0103ri. \u00cen 2002 a fondat workshop-urile Cin\u00e9-Ecritures \u00een Paris.<\/p>\n<p>Cur\u00e2nd \u0219i-a descoperit gustul pentru dramaturgie. A lucrat ca script consultant pentru Moulin d\u2019And\u00e9 (CECI, Fran\u021ba), fiind tutor \u00een sesiunile de rescriere, iar \u00eentre 2007 \u0219i 2010 a predat scenaristica la Universitatea din Brest.<\/p>\n<p>A c\u00e2\u0219tigat premiul Gan Foundation ca scenarist \u00een 2005 \u0219i lucreaz\u0103, printre al\u021bii cu regizorul afgan Atiq Rahimi.<\/p>\n<p>Din 2007 e director artistic al <a href=\"http:\/\/www.legroupeouest.com\/\" target=\"_blank\">Le Groupe Ouest<\/a>, centrul european de crea\u021bie cinematografic\u0103 din Bretania \u0219i a \u00eenfiin\u021bat de cur\u00e2nd proiectul Cross Cannel Film Lab \u00eentre Fran\u021ba \u0219i Marea Britanie.<\/p>\n<p>Din 2007 este tutor \u00een cadrul workshop-urilor Script &amp; Pitch, TorinoFilmLab, precum \u0219i \u00een cadrul proiectului Interchange, din 2009.<\/p>\n<p>&nbsp;<\/p>\n<p><strong>JULIEN LILTI<\/strong><br \/>\n<a href=\"http:\/\/www.controln.ro\/asociatia-culturala\/wp-content\/uploads\/2015\/02\/Julien-Lilti1.jpg\"><img decoding=\"async\" class=\"alignright size-full wp-image-1215\" alt=\"Julien-Lilti\" src=\"http:\/\/www.controln.ro\/asociatia-culturala\/wp-content\/uploads\/2015\/02\/Julien-Lilti1.jpg\" width=\"200\" height=\"300\" \/><\/a><br \/>\nPana \u00een 2002, Julien Lilti \u0219i a petrecut majoritatea timpului \u00een Fran\u021ba \u0219i Burkina Faso, unde \u0219i-a \u00eencheiat studiile \u00een sociolologie \u0219i dezvoltare rural\u0103.<\/p>\n<p>Dup\u0103 finalizarea unui master \u00een film documentar \u00een 2003, a lucrat ca reporter pentru Canal+ timp de 4 ani. \u00centre timp a participat la realizarea mai multor filme, in fa\u021ba si \u00een spatele camerei.<\/p>\n<p>\u00cen 2007 a renun\u021bat la jurnalism pentru a deveni scenarist. De atunci a scris at\u00e2t pentru televiziune (The World of Path\u00e9) , filme de fic\u021biune (Pax Romana, Hippocrates, Adama, Rudy) \u0219i documentare (Gilles Caron, j\u2019ai voulu voir).<\/p>\n<p>Hippocrates, filmul de lung metraj al c\u0103rui scenariu \u00eel co-semneaz\u0103, co-produs de Canal + si Fance 2, a fost filmul de \u00eenchidere din sec\u021biunea Semaine de la Critique a Festivalului de film de la Cannes si a fost lansat \u00een cinematografele din Fran\u021ba \u00een septembrie anul trecut.<\/p>\n<p>Cel mai recent proiect al s\u0103u, Adama, un film de lung metraj de anima\u021bie, a f\u0103cut parte din programul de reziden\u021b\u0103 oferit de Groupe Ouest \u0219i a c\u00e2\u0219tigat Premiul pentru Dezvoltare \u00een cadrul edi\u021biei din 2012 a Torino Film Lab. \u00een prezent filmul este \u00een produc\u021bie \u0219i va fi lansat \u00een Octombrie 2015.<\/p>\n<\/div>\n<\/div>\n","protected":false},"excerpt":{"rendered":"<p>ANTOINE LE BOS Scenarist \u0219i consultant de scenarii francez, a semnat sau co-semnat peste 25 de scenarii de lung metraj \u0219i are experien\u021ba a peste 100 de proiecte de lung metraj, \u00eendrumate din pozi\u021bia de consultant. Continu\u00e2nd o via\u021b\u0103 \u00eenceput\u0103 [&hellip;]<\/p>\n","protected":false},"author":2,"featured_media":0,"parent":1127,"menu_order":2,"comment_status":"closed","ping_status":"closed","template":"side-navigation.php","meta":{"footnotes":""},"class_list":["post-1212","page","type-page","status-publish","hentry"],"jetpack_sharing_enabled":true,"_links":{"self":[{"href":"https:\/\/www.controln.ro\/asociatia-culturala\/wp-json\/wp\/v2\/pages\/1212","targetHints":{"allow":["GET"]}}],"collection":[{"href":"https:\/\/www.controln.ro\/asociatia-culturala\/wp-json\/wp\/v2\/pages"}],"about":[{"href":"https:\/\/www.controln.ro\/asociatia-culturala\/wp-json\/wp\/v2\/types\/page"}],"author":[{"embeddable":true,"href":"https:\/\/www.controln.ro\/asociatia-culturala\/wp-json\/wp\/v2\/users\/2"}],"replies":[{"embeddable":true,"href":"https:\/\/www.controln.ro\/asociatia-culturala\/wp-json\/wp\/v2\/comments?post=1212"}],"version-history":[{"count":10,"href":"https:\/\/www.controln.ro\/asociatia-culturala\/wp-json\/wp\/v2\/pages\/1212\/revisions"}],"predecessor-version":[{"id":1831,"href":"https:\/\/www.controln.ro\/asociatia-culturala\/wp-json\/wp\/v2\/pages\/1212\/revisions\/1831"}],"up":[{"embeddable":true,"href":"https:\/\/www.controln.ro\/asociatia-culturala\/wp-json\/wp\/v2\/pages\/1127"}],"wp:attachment":[{"href":"https:\/\/www.controln.ro\/asociatia-culturala\/wp-json\/wp\/v2\/media?parent=1212"}],"curies":[{"name":"wp","href":"https:\/\/api.w.org\/{rel}","templated":true}]}}