{"id":1294,"date":"2015-03-09T23:05:38","date_gmt":"2015-03-09T23:05:38","guid":{"rendered":"http:\/\/www.controln.ro\/asociatia-culturala\/?page_id=1294"},"modified":"2016-07-28T13:26:44","modified_gmt":"2016-07-28T13:26:44","slug":"got-drama","status":"publish","type":"page","link":"https:\/\/www.controln.ro\/asociatia-culturala\/cursuri\/got-drama\/","title":{"rendered":"got drama?"},"content":{"rendered":"<div class=\"margini\">\n<div class=\"verde\">\n<strong>&#8220;GOT DRAMA?&#8221;<a href=\"http:\/\/www.controln.ro\/asociatia-culturala\/wp-content\/uploads\/2015\/03\/Got-Drama.jpg\"><img decoding=\"async\" class=\"alignright size-medium wp-image-1310\" alt=\"Got Drama\" src=\"http:\/\/www.controln.ro\/asociatia-culturala\/wp-content\/uploads\/2015\/03\/Got-Drama-211x300.jpg\" width=\"211\" height=\"300\" srcset=\"https:\/\/www.controln.ro\/asociatia-culturala\/wp-content\/uploads\/2015\/03\/Got-Drama-211x300.jpg 211w, https:\/\/www.controln.ro\/asociatia-culturala\/wp-content\/uploads\/2015\/03\/Got-Drama.jpg 595w\" sizes=\"(max-width: 211px) 100vw, 211px\" \/><\/a><\/strong><br \/>\n<strong> ATELIER DE SCRIERE PENTRU TEATRU<\/strong><\/p>\n<p>Ca o continuare a atelierelor dedicate scrierii de orice tip, organizate p\u00e2n\u0103 acum (First Draft &#8211; scenaristic\u0103, First Season &#8211; scenaristic\u0103 pentru televizune, Punct&#8230; &#8211; creative writing), Control N lanseaz\u0103 <strong>&#8220;Got Drama?&#8221; &#8211; Atelier de scriere pentru teatru.<\/strong><\/p>\n<p>Cursul se adreseaz\u0103 tuturor celor interesa\u021bi de scrierea dramaturgic\u0103, cu sau f\u0103r\u0103 experien\u021b\u0103. Timp de 8 s\u0103pt\u0103m\u00e2ni, participan\u021bii vor parcurge etapele construc\u021biei unui text dramaturgic, urm\u00e2nd ca la finalul cursului s\u0103 aib\u0103 \u00een portofoliu o pies\u0103 de teatru. Textele rezultate vor fi baza unei lecturi publice, realizate de actori profesioni\u0219ti.<\/p>\n<p>Sub \u00eendrumarea dramaturgului Mihaela Michailov, cursul are o puternic\u0103 latur\u0103 practic\u0103, participan\u021bii primind feedback individual pe textele scrise \u00een cadrul atelierului.<\/p>\n<p><strong>STRUCTURA ATELIERULUI<\/strong><\/p>\n<p><strong>\u0218EDIN\u021aA 1<\/strong><br \/>\nDe ce scriem? Cum ne alegem o tem\u0103? C\u00e2t de important este s\u0103 scriem despre o tem\u0103 care ne intereseaz\u0103 extrem de mult? Cum ne apropiem de o tem\u0103 complex\u0103? Care e perspectiva noastr\u0103 de abordare? Cum ne definim subiectul piesei de teatru?<\/p>\n<p><strong>\u0218EDIN\u021aA 2<\/strong><br \/>\nCum structur\u0103m dramaturgic o poveste? Care sunt elementele definitorii ale unei nara\u021biuni teatrale? Cum dezvolt\u0103m povestea \u00een func\u021bie de aceste elemente?<\/p>\n<p><strong>\u0218EDIN\u021aA 3<\/strong><br \/>\nTehnici \u0219i metode observa\u021bionale \u0219i documentare. Cum observ\u0103m detaliile relevante teatral din jurul nostru? Cum le explor\u0103m semnifica\u021bia dramaturgic\u0103? Ce tehnici de documentare folosim \u00een func\u021bie de structura piesei pe care o scriem? De ce este relevant\u0103 documentarea \u00een construc\u021bia unei piese de teatru?<\/p>\n<p><strong>\u0218EDIN\u021aA 4 \u0219i 5<\/strong><br \/>\nPersonaj \u0219i limbaj dramaturgic. Cum construim un personaj? Dezvoltarea personajului, explorarea contradic\u021biilor \u0219i paradoxurilor lui, explorarea motiva\u021biilor care \u00eel fac s\u0103 ac\u021bioneze \u00eentr-un anumit fel. Dezvoltarea dialogurilor \u0219i identificarea particularit\u0103\u021bilor definitorii limbajului fiec\u0103rui personaj \u00een parte. De ce personajele vorbesc a\u0219a cum vorbesc? Cum reu\u0219im s\u0103 nu uniformiz\u0103m felul \u00een care personajele se exprim\u0103? Construc\u021bia unui monolog.<\/p>\n<p><strong>\u0218EDIN\u021aA 6<\/strong><br \/>\nSitua\u021bie dramaturgic\u0103. Ac\u021biune. Conflict. Care sunt elementele care definesc o situa\u021bie \u0219i c\u00e2t de important\u0103 este clarificarea situa\u021biilor \u00een construc\u021bia unei scene? Care sunt ac\u021biunile prin care un personaj se define\u0219te \u0219i se identific\u0103? Cum dezvolt\u0103m un conflict?<\/p>\n<p><strong>\u0218EDIN\u021aA 7<\/strong><br \/>\nLectura pieselor \u0219i feedback individualizat pentru fiecare pies\u0103 \u00een parte. Dezvoltarea \u0219i rescrierea unor scene.<\/p>\n<p><strong>\u0218EDIN\u021aA 8<\/strong><br \/>\nLectura final\u0103 a textelor \u00een urma feedback-ului primit.<\/p>\n<p><strong>MIHAELA MICHAILOV<\/strong><\/p>\n<p>Mihaela Michailov este dramaturg, critic de artele spectacolului, artist comunitar, coordonatoarea mai multor ateliere de teatru pentru copii \u0219i adolescen\u021bi. Printre textele sale se num\u0103r\u0103<strong> Complexul Rom\u00e2nia<\/strong>, <strong>Interzis sub 18 ani<\/strong>, <strong>Capete \u00eenfierb\u00e2ntate<\/strong>, <strong>Copii r\u0103i<\/strong>, <strong>Sub P\u0103m\u00e2nt<\/strong>, <strong>Familia Offline<\/strong>, <strong>Profu\u02c8 de religie<\/strong>, <strong>Amintiri din epoca de \u0219coal\u0103<\/strong>. A colaborat cu regizorii Radu Apostol, Alexandra Badea, Alexandru Dabija, Alexandru Mih\u0103escu, Ioana P\u0103un, Bobi Pricop, David Schwartz. \u00cen 2013 a coordonat al\u0103turi de regizorul Radu Apostol proiectul Copiii migra\u021biei, \u00een cadrul c\u0103ruia a scris textul Familia Offline, jucat de 9 copii \u0219i de doi actori profesioni\u0219ti. A participat la burse \u0219i reziden\u021be de dramaturgie oferite de Royal Court Theatre, Londra \u0219i de Lark Theatre, New York. Piesele sale sunt traduse \u00een bulgar\u0103, englez\u0103, francez\u0103, german\u0103, maghiar\u0103. Textul Copii r\u0103i a fost prezentat \u00een 2014 \u00een cadrul Festivalului de Teatru de la Avignon. Este co-fondatoare a Centrului de Art\u0103 Comunitar\u0103 V\u00e2rsta 4 din cadrul C\u0103minului de V\u00e2rstnici \u201eMoses Rosen\u201d. Din 2013 este unul dintre coordonatorii Gazetei de Art\u0103 Politic\u0103. Este lector universitar la UNATC \u201eI.L.Caragiale\u201d Bucure\u0219ti, unde pred\u0103 \u00een cadrul masteratului de scriere dramatic\u0103 \u0219i masteratului de pedagogie teatral\u0103.<span style=\"line-height: 1.5em;\">\u00a0<\/span><\/p>\n<p><strong>N<\/strong><b>u s-a stabilit perioada de desf\u0103\u0219urare a urm\u0103toarei sesiuni.<\/b>\n<\/div>\n<\/div>\n","protected":false},"excerpt":{"rendered":"<p>&#8220;GOT DRAMA?&#8221; ATELIER DE SCRIERE PENTRU TEATRU Ca o continuare a atelierelor dedicate scrierii de orice tip, organizate p\u00e2n\u0103 acum (First Draft &#8211; scenaristic\u0103, First Season &#8211; scenaristic\u0103 pentru televizune, Punct&#8230; &#8211; creative writing), Control N lanseaz\u0103 &#8220;Got Drama?&#8221; &#8211; [&hellip;]<\/p>\n","protected":false},"author":2,"featured_media":0,"parent":267,"menu_order":0,"comment_status":"closed","ping_status":"closed","template":"side-navigation.php","meta":{"footnotes":""},"class_list":["post-1294","page","type-page","status-publish","hentry"],"jetpack_sharing_enabled":true,"_links":{"self":[{"href":"https:\/\/www.controln.ro\/asociatia-culturala\/wp-json\/wp\/v2\/pages\/1294","targetHints":{"allow":["GET"]}}],"collection":[{"href":"https:\/\/www.controln.ro\/asociatia-culturala\/wp-json\/wp\/v2\/pages"}],"about":[{"href":"https:\/\/www.controln.ro\/asociatia-culturala\/wp-json\/wp\/v2\/types\/page"}],"author":[{"embeddable":true,"href":"https:\/\/www.controln.ro\/asociatia-culturala\/wp-json\/wp\/v2\/users\/2"}],"replies":[{"embeddable":true,"href":"https:\/\/www.controln.ro\/asociatia-culturala\/wp-json\/wp\/v2\/comments?post=1294"}],"version-history":[{"count":13,"href":"https:\/\/www.controln.ro\/asociatia-culturala\/wp-json\/wp\/v2\/pages\/1294\/revisions"}],"predecessor-version":[{"id":1797,"href":"https:\/\/www.controln.ro\/asociatia-culturala\/wp-json\/wp\/v2\/pages\/1294\/revisions\/1797"}],"up":[{"embeddable":true,"href":"https:\/\/www.controln.ro\/asociatia-culturala\/wp-json\/wp\/v2\/pages\/267"}],"wp:attachment":[{"href":"https:\/\/www.controln.ro\/asociatia-culturala\/wp-json\/wp\/v2\/media?parent=1294"}],"curies":[{"name":"wp","href":"https:\/\/api.w.org\/{rel}","templated":true}]}}