{"id":1322,"date":"2015-04-01T06:54:05","date_gmt":"2015-04-01T06:54:05","guid":{"rendered":"http:\/\/www.controln.ro\/asociatia-culturala\/?page_id=1322"},"modified":"2016-07-23T10:20:46","modified_gmt":"2016-07-23T10:20:46","slug":"imagine-2","status":"publish","type":"page","link":"https:\/\/www.controln.ro\/asociatia-culturala\/masterclass\/imagine-2\/","title":{"rendered":"imagine"},"content":{"rendered":"<div class=\"margini\">\n<div class=\"verde\">\n<p>Masterclass-urile de imagine au ca invita\u021bi directori de imagine care joac\u0103 un rol important \u00een istoria cinematografiei rom\u00e2ne\u0219ti.<br \/>\nMasterclass-urile de imagine sunt organizate \u00een 3 \u0219edin\u021be s\u0103pt\u0103m\u00e2nale, a c\u00e2te 2 ore fiecare, \u00eentre orele 19,00 \u0219i 21,00, \u00een mansarda Control N.<\/p>\n<\/div>\n<\/div>\n","protected":false},"excerpt":{"rendered":"<p>Masterclass-urile de imagine au ca invita\u021bi directori de imagine care joac\u0103 un rol important \u00een istoria cinematografiei rom\u00e2ne\u0219ti. Masterclass-urile de imagine sunt organizate \u00een 3 \u0219edin\u021be s\u0103pt\u0103m\u00e2nale, a c\u00e2te 2 ore fiecare, \u00eentre orele 19,00 \u0219i 21,00, \u00een mansarda Control [&hellip;]<\/p>\n","protected":false},"author":2,"featured_media":0,"parent":93,"menu_order":0,"comment_status":"closed","ping_status":"closed","template":"side-navigation.php","meta":{"footnotes":""},"class_list":["post-1322","page","type-page","status-publish","hentry"],"jetpack_sharing_enabled":true,"_links":{"self":[{"href":"https:\/\/www.controln.ro\/asociatia-culturala\/wp-json\/wp\/v2\/pages\/1322","targetHints":{"allow":["GET"]}}],"collection":[{"href":"https:\/\/www.controln.ro\/asociatia-culturala\/wp-json\/wp\/v2\/pages"}],"about":[{"href":"https:\/\/www.controln.ro\/asociatia-culturala\/wp-json\/wp\/v2\/types\/page"}],"author":[{"embeddable":true,"href":"https:\/\/www.controln.ro\/asociatia-culturala\/wp-json\/wp\/v2\/users\/2"}],"replies":[{"embeddable":true,"href":"https:\/\/www.controln.ro\/asociatia-culturala\/wp-json\/wp\/v2\/comments?post=1322"}],"version-history":[{"count":4,"href":"https:\/\/www.controln.ro\/asociatia-culturala\/wp-json\/wp\/v2\/pages\/1322\/revisions"}],"predecessor-version":[{"id":1723,"href":"https:\/\/www.controln.ro\/asociatia-culturala\/wp-json\/wp\/v2\/pages\/1322\/revisions\/1723"}],"up":[{"embeddable":true,"href":"https:\/\/www.controln.ro\/asociatia-culturala\/wp-json\/wp\/v2\/pages\/93"}],"wp:attachment":[{"href":"https:\/\/www.controln.ro\/asociatia-culturala\/wp-json\/wp\/v2\/media?parent=1322"}],"curies":[{"name":"wp","href":"https:\/\/api.w.org\/{rel}","templated":true}]}}