{"id":1371,"date":"2015-10-26T16:17:26","date_gmt":"2015-10-26T16:17:26","guid":{"rendered":"http:\/\/www.controln.ro\/asociatia-culturala\/?page_id=1371"},"modified":"2016-07-28T14:02:27","modified_gmt":"2016-07-28T14:02:27","slug":"telefonul-din-coltul-strazii","status":"publish","type":"page","link":"https:\/\/www.controln.ro\/asociatia-culturala\/spectacole\/telefonul-din-coltul-strazii\/","title":{"rendered":"telefonul din coltul strazii"},"content":{"rendered":"<div class=\"margini\">\n<div class=\"verde\">\n<img decoding=\"async\" class=\"alignright size-medium wp-image-1373\" alt=\"Telefonul din coltul strazii\" src=\"http:\/\/www.controln.ro\/asociatia-culturala\/wp-content\/uploads\/2015\/10\/poster_web-214x300.jpg\" width=\"214\" height=\"300\" srcset=\"https:\/\/www.controln.ro\/asociatia-culturala\/wp-content\/uploads\/2015\/10\/poster_web-214x300.jpg 214w, https:\/\/www.controln.ro\/asociatia-culturala\/wp-content\/uploads\/2015\/10\/poster_web-731x1024.jpg 731w, https:\/\/www.controln.ro\/asociatia-culturala\/wp-content\/uploads\/2015\/10\/poster_web.jpg 1000w\" sizes=\"(max-width: 214px) 100vw, 214px\" \/><\/p>\n<p><i>Telefonul din col\u021bul str\u0103zii <\/i>este un spectacol de teatru itinerant, parte a modulului educa\u021bional cu acela\u0219i nume dedicat liceenilor din Bucure\u0219ti. Purt\u00e2nd titlul uneia dintre cele mai cunoscute poezii scrise de poetul Cristian Popescu, proiectul ini\u021biat de Asocia\u021bia Cultural\u0103 Control N cuprinde dou\u0103 laturi: un spectacol de teatru-dans creat pe baza poeziilor semnate de Cristian Popescu \u0219i o sesiune de discu\u021bii aplicate cu adolescen\u021bii bucure\u0219teni. <i>Telefonul din col\u021bul str\u0103zii <\/i>este un proiect cultural finan\u0163at \u00een cadrul Programului cultural <i>E\u0219ti Bucure\u0219ti 2015.<\/i><\/p>\n<p>\u00cembin\u00e2nd teatrul, dansul \u0219i fotografia, spectacolul <b><i>Telefonul din col\u021bul str\u0103zii<\/i><\/b> \u00ee\u0219i propune s\u0103 ini\u021bieze t\u00e2n\u0103rul public bucure\u0219tean at\u00e2t \u00een aprofundarea \u00een\u021belegerii importan\u021bei rolului scriitorului Cristian Popescu \u00een istoria literaturii rom\u00e2ne, c\u00e2t \u0219i \u00een descoperirea \u0219i \u00een\u021belegerea unui alt tip de manifestare cultural\u0103 \u2013 un spectacol de teatru-dans de tip <i>performance<\/i>.<\/p>\n<p>Spectacolul a fost creat de <b>Oana R\u0103suceanu<\/b> al\u0103turi de actorii <b>Adina Lucaciu, Irina Velcescu, Cristian Popa <\/b>\u0219i<b> George-Albert Costea.<\/b> Decorul \u0219i costumele poart\u0103 semn\u0103tura scenografei <b>Andrada Chiriac<\/b>, iar muzica a fost compus\u0103 de <b>Sebastian Hamburger<\/b>. Imaginile video \u0219i fotografiile care \u00eentregesc spectacolul pe parte de proiec\u021bie video au fost realizate de fotograful <b>Adi Marineci<\/b>.<\/p>\n<p>\u00cencep\u00e2nd din 27 octombrie, spectacolul va fi prezentat \u00een 5 licee bucure\u0219tene: Colegiul Na\u021bional de Art\u0103 &#8220;Dinu Lipatti&#8221; (27.10, ora 17.30), Liceul Bilingv &#8220;Miguel de Cervantes&#8221; (29.10, ora 16.30), Colegiul Na\u021bional &#8220;Gheorghe Laz\u0103r&#8221; (02.11, ora 17.30), Liceul Teoretic &#8220;Jean Monnet&#8221; (03.11, ora 17.30) \u0219i Colegiul Na\u021bional Sf. Sava (03.11, ora 12.30 &amp; ora 18.30). Fiecare reprezenta\u021bie va fi urmat\u0103 de o sesiune de discu\u021bii cu tinerii spectatori \u0219i echipa de crea\u021bie. La discu\u021bie vor participa, de asemenea, \u0219i o serie de invita\u021bi speciali, precum scriitorii Florin Iaru \u0219i Cristian Tudor Popescu, care vor dialoga cu liceeni pe baza textelor lui Cristian Popescu \u0219i vor puncta importan\u021ba acestui autor, prea pu\u021bin cunoscut tinerei genera\u021bii.<\/p>\n<p>Modulul educa\u021bional \u0219i spectacolul <b><i>Telefonul din col\u021bul str\u0103zii<\/i><\/b> se inspir\u0103, \u00eentru totul, din lumea scrierilor lui Cristian Popescu \u0219i \u00ee\u0219i propun s\u0103 ofere adolescen\u021bilor spectatori posibilitatea descoperirii acestei lumi aparte \u0219i unice create de Popescu \u00een volumul s\u0103u <i>Cuv\u00e2nt \u00eenainte <\/i>(publicat \u00een 1988).<\/p>\n<p><a href=\"http:\/\/www.controln.ro\/asociatia-culturala\/wp-content\/uploads\/2015\/10\/ARCUB-esti-finantare-pmb.jpg\"><img decoding=\"async\" class=\"size-large wp-image-1388 alignleft\" alt=\"ARCUB esti finantare &amp; pmb\" src=\"http:\/\/www.controln.ro\/asociatia-culturala\/wp-content\/uploads\/2015\/10\/ARCUB-esti-finantare-pmb-1024x252.jpg\" width=\"669\" height=\"164\" srcset=\"https:\/\/www.controln.ro\/asociatia-culturala\/wp-content\/uploads\/2015\/10\/ARCUB-esti-finantare-pmb-1024x252.jpg 1024w, https:\/\/www.controln.ro\/asociatia-culturala\/wp-content\/uploads\/2015\/10\/ARCUB-esti-finantare-pmb-300x73.jpg 300w\" sizes=\"(max-width: 669px) 100vw, 669px\" \/><\/a><\/p>\n<p>&nbsp;<\/p>\n<p><strong>Parteneri<\/strong><\/p>\n<p><a href=\"http:\/\/www.controln.ro\/asociatia-culturala\/wp-content\/uploads\/2015\/10\/parteneri-telefonul-din-coltul-strazii.jpg\"><img decoding=\"async\" class=\"size-large wp-image-1392 alignleft\" alt=\"parteneri telefonul din coltul strazii\" src=\"http:\/\/www.controln.ro\/asociatia-culturala\/wp-content\/uploads\/2015\/10\/parteneri-telefonul-din-coltul-strazii-1024x176.jpg\" width=\"669\" height=\"114\" srcset=\"https:\/\/www.controln.ro\/asociatia-culturala\/wp-content\/uploads\/2015\/10\/parteneri-telefonul-din-coltul-strazii-1024x176.jpg 1024w, https:\/\/www.controln.ro\/asociatia-culturala\/wp-content\/uploads\/2015\/10\/parteneri-telefonul-din-coltul-strazii-300x51.jpg 300w\" sizes=\"(max-width: 669px) 100vw, 669px\" \/><\/a>\n<\/div>\n<\/div>\n","protected":false},"excerpt":{"rendered":"<p>Telefonul din col\u021bul str\u0103zii este un spectacol de teatru itinerant, parte a modulului educa\u021bional cu acela\u0219i nume dedicat liceenilor din Bucure\u0219ti. Purt\u00e2nd titlul uneia dintre cele mai cunoscute poezii scrise de poetul Cristian Popescu, proiectul ini\u021biat de Asocia\u021bia Cultural\u0103 Control [&hellip;]<\/p>\n","protected":false},"author":2,"featured_media":0,"parent":1419,"menu_order":0,"comment_status":"closed","ping_status":"closed","template":"side-navigation.php","meta":{"footnotes":""},"class_list":["post-1371","page","type-page","status-publish","hentry"],"jetpack_sharing_enabled":true,"_links":{"self":[{"href":"https:\/\/www.controln.ro\/asociatia-culturala\/wp-json\/wp\/v2\/pages\/1371","targetHints":{"allow":["GET"]}}],"collection":[{"href":"https:\/\/www.controln.ro\/asociatia-culturala\/wp-json\/wp\/v2\/pages"}],"about":[{"href":"https:\/\/www.controln.ro\/asociatia-culturala\/wp-json\/wp\/v2\/types\/page"}],"author":[{"embeddable":true,"href":"https:\/\/www.controln.ro\/asociatia-culturala\/wp-json\/wp\/v2\/users\/2"}],"replies":[{"embeddable":true,"href":"https:\/\/www.controln.ro\/asociatia-culturala\/wp-json\/wp\/v2\/comments?post=1371"}],"version-history":[{"count":9,"href":"https:\/\/www.controln.ro\/asociatia-culturala\/wp-json\/wp\/v2\/pages\/1371\/revisions"}],"predecessor-version":[{"id":1825,"href":"https:\/\/www.controln.ro\/asociatia-culturala\/wp-json\/wp\/v2\/pages\/1371\/revisions\/1825"}],"up":[{"embeddable":true,"href":"https:\/\/www.controln.ro\/asociatia-culturala\/wp-json\/wp\/v2\/pages\/1419"}],"wp:attachment":[{"href":"https:\/\/www.controln.ro\/asociatia-culturala\/wp-json\/wp\/v2\/media?parent=1371"}],"curies":[{"name":"wp","href":"https:\/\/api.w.org\/{rel}","templated":true}]}}