{"id":1376,"date":"2015-10-26T16:26:21","date_gmt":"2015-10-26T16:26:21","guid":{"rendered":"http:\/\/www.controln.ro\/asociatia-culturala\/?page_id=1376"},"modified":"2016-07-28T14:03:32","modified_gmt":"2016-07-28T14:03:32","slug":"despre-cristian-popescu","status":"publish","type":"page","link":"https:\/\/www.controln.ro\/asociatia-culturala\/spectacole\/telefonul-din-coltul-strazii\/despre-cristian-popescu\/","title":{"rendered":"despre cristian popescu"},"content":{"rendered":"<div class=\"margini\">\n<div class=\"verde\">\n\u201cCristian Popescu a tr\u0103it treizeci \u015fi \u015fase de ani (ne\u00eemplini\u0163i). S-a n\u0103scut la 1 iunie 1959 \u015fi a murit la 21 februarie 1995. \u00cen acest scurt interval a reu\u015fit s\u0103-\u015fi fac\u0103 studiile (a absolvit Facultatea de Litere a Universit\u0103\u0163ii din Bucure\u015fti \u00een 1990), s\u0103 publice trei c\u0103r\u0163i (<i>Familia Popescu<\/i>, 1987, <i>Cuv\u00e2nt \u00eenainte<\/i>, 1988, <i>Arta Popescu<\/i>, 1987-1993, 1994), s\u0103 devin\u0103 membru al Uniunii Scriitorilor, s\u0103 lucreze ca redactor-\u015fef adjunct la <i>Nou\u0103zeci<\/i>, supliment al revistei Luceaf\u0103rul (1990-1993) \u015fi ca redactor la ziarul Adev\u0103rul (1994), s\u0103 colaboreze cu poeme \u015fi eseuri la multe alte publica\u0163ii, s\u0103 preg\u0103teasc\u0103, \u00eempreun\u0103 cu regizorul Alexander Hausvater textele pentru dou\u0103 spectacole de teatru de mare succes (<i>&#8230; Au pus c\u0103tu\u015fe florilor<\/i>\u2026 de Fernando Arrabal \u015fi <i>La \u0163ig\u0103nci<\/i> de Mircea Eliade).<\/p>\n<p>A reu\u015fit, totodat\u0103, s\u0103-i farmece pe mii de cititori cu un mod nemai\u00eent\u00e2lnit de a scrie poezie \u00een limba rom\u00e2n\u0103, s\u0103 provoace emula\u0163ie \u00een mediile literare pe care le frecventa \u015fi s\u0103 fac\u0103 (\u00eenc\u0103 o dat\u0103) din banalul nume Popescu un nume cunoscut. Moartea sa nea\u015fteptat\u0103 nu numai c\u0103 i-a \u00eentristat pe iubitorii de poezie, dar i-a l\u0103sat dezorienta\u0163i: poetul \u00ee\u015fi tr\u0103ise via\u0163a prea repede, astfel \u00eenc\u00e2t aproape nimeni n-avusese timp s\u0103-l \u00een\u0163eleag\u0103 (&#8230;.) Despre Cristian Popescu nu se poate spune: a tr\u0103it \u015fi a murit. El \u015fi-a cheltuit via\u0163a, d\u00e2nd-o \u00een schimbul literaturii\u201d. (Alex. \u0218tef\u0103nescu, <i>Rom\u00e2nia Literar\u0103<\/i>)<b><\/b>\n<\/div>\n<\/div>\n","protected":false},"excerpt":{"rendered":"<p>\u201cCristian Popescu a tr\u0103it treizeci \u015fi \u015fase de ani (ne\u00eemplini\u0163i). S-a n\u0103scut la 1 iunie 1959 \u015fi a murit la 21 februarie 1995. \u00cen acest scurt interval a reu\u015fit s\u0103-\u015fi fac\u0103 studiile (a absolvit Facultatea de Litere a Universit\u0103\u0163ii din [&hellip;]<\/p>\n","protected":false},"author":2,"featured_media":0,"parent":1371,"menu_order":0,"comment_status":"closed","ping_status":"closed","template":"side-navigation.php","meta":{"footnotes":""},"class_list":["post-1376","page","type-page","status-publish","hentry"],"jetpack_sharing_enabled":true,"_links":{"self":[{"href":"https:\/\/www.controln.ro\/asociatia-culturala\/wp-json\/wp\/v2\/pages\/1376","targetHints":{"allow":["GET"]}}],"collection":[{"href":"https:\/\/www.controln.ro\/asociatia-culturala\/wp-json\/wp\/v2\/pages"}],"about":[{"href":"https:\/\/www.controln.ro\/asociatia-culturala\/wp-json\/wp\/v2\/types\/page"}],"author":[{"embeddable":true,"href":"https:\/\/www.controln.ro\/asociatia-culturala\/wp-json\/wp\/v2\/users\/2"}],"replies":[{"embeddable":true,"href":"https:\/\/www.controln.ro\/asociatia-culturala\/wp-json\/wp\/v2\/comments?post=1376"}],"version-history":[{"count":2,"href":"https:\/\/www.controln.ro\/asociatia-culturala\/wp-json\/wp\/v2\/pages\/1376\/revisions"}],"predecessor-version":[{"id":1826,"href":"https:\/\/www.controln.ro\/asociatia-culturala\/wp-json\/wp\/v2\/pages\/1376\/revisions\/1826"}],"up":[{"embeddable":true,"href":"https:\/\/www.controln.ro\/asociatia-culturala\/wp-json\/wp\/v2\/pages\/1371"}],"wp:attachment":[{"href":"https:\/\/www.controln.ro\/asociatia-culturala\/wp-json\/wp\/v2\/media?parent=1376"}],"curies":[{"name":"wp","href":"https:\/\/api.w.org\/{rel}","templated":true}]}}