{"id":1378,"date":"2015-10-26T16:30:20","date_gmt":"2015-10-26T16:30:20","guid":{"rendered":"http:\/\/www.controln.ro\/asociatia-culturala\/?page_id=1378"},"modified":"2016-07-28T14:04:17","modified_gmt":"2016-07-28T14:04:17","slug":"despre-echipa-de-creatie","status":"publish","type":"page","link":"https:\/\/www.controln.ro\/asociatia-culturala\/spectacole\/telefonul-din-coltul-strazii\/despre-echipa-de-creatie\/","title":{"rendered":"despre echipa de creatie"},"content":{"rendered":"<div class=\"margini\">\n<div class=\"verde\">\nSpectacolul a fost creat de <b>Oana R\u0103suceanu<\/b> al\u0103turi de actorii <b>Adina Lucaciu, Irina Velcescu, Cristian Popa <\/b>\u0219i<b> George-Albert Costea.<\/b> Decorul \u0219i costumele poart\u0103 semn\u0103tura scenografei <b>Andrada Chiriac<\/b>, iar muzica a fost compus\u0103 de <b>Sebastian Hamburger<\/b>. Imaginile video \u0219i fotografiile care \u00eentregesc spectacolul pe parte de proiec\u021bie video au fost realizate de fotograful <b>Adi Marineci<\/b>.<\/p>\n<p><b>Oana R\u0103suceanu<\/b><\/p>\n<p>Cu o bogat\u0103 experien\u021b\u0103 \u00een film \u0219i teatru, \u00een calitate de scenarist, coregraf \u0219i dansator, absolvent\u0103 a Facult\u0103\u021bii de Film \u2013 sec\u021bia Scenaristic\u0103 \u0219i a unui Master \u00een Art\u0103 Coregrafic\u0103 \u00een cadrul Facult\u0103\u021bii de Teatru, la UNATC, Oana R\u0103suceanu este, de asemenea, \u0219i Pre\u0219edintele Asocia\u021biei Culturale Control N cu care, \u00een ultimii 6 ani, a implementat o serie de ateliere \u0219i programe educa\u021bionale, dedicate tuturor celor pasiona\u021bi de cinema. Pasiunea ei pentru scris \u0219i experien\u021ba \u00een acest domeniu au \u00eencurajat-o s\u0103 elaboreze o serie de cursuri de educa\u021bie cinematografic\u0103, axate pe scrierea de scenariu.<\/p>\n<p><b>Andrada Chiriac<\/b><\/p>\n<p>Nominalizat\u0103 la Premiile UNITER 2015 pentru scenografia spectacolului <i>Cerere \u00een c\u0103s\u0103torie<\/i> de la Teatrul Dramatic \u201cFani Tardini\u201d Gala\u021bi, Andrada Chiriac a colaborat \u00een teatru cu regizori precum Felix Alexa, Alexandru Dabija, Alexader Morfov, Iury Kordonsky, Alice Barb sau Ioana P\u0103un. Experien\u021ba ei profesional\u0103 include \u0219i semnarea scenografiei pentru mai multe filme, at\u00e2t de scurt, c\u00e2t \u0219i de lung metraj.<\/p>\n<p><b>Sebastian Hamburger <\/b><\/p>\n<p>\u00cen calitate de compozitor, Sebastian Hamburger a colaborat cu o serie de regizori de teatru (precum Ada Lupu, Traian \u0218oimu, Alexandru Mih\u0103escu, Mirela Puia \u0219i al\u021bii) semn\u00e2nd muzica original\u0103 pentru 10 spectacole de teatru. <i>Telefonul din col\u021bul str\u0103zii<\/i> este al doilea spectacol de dans pentru care va compune muzica original\u0103, dupa <i>Bioluminescent<\/i> de Ovidiu Zimcea.<\/p>\n<p><b>Adi Marineci <\/b><\/p>\n<p>Unul dintre cei mai activi fotografi de platou \u0219i evenimente culturale ai momentului, Adi Marineci, absolvent al Universit\u0103\u021bii MEDIA,\u00a0 sec\u021bia Imagine este \u0219i unul dintre cei mai buni profesioni\u0219ti din domeniu, camera sa surprinz\u00e2nd, de fiecare dat\u0103, momente \u0219i personaje-cheie \u00een \u00eencadraturi memorabile.<\/p>\n<p><b>Adina Lucaciu <\/b><\/p>\n<p>Adina Lucaciu este la a doua colaborare cu Oana R\u0103suceanu \u00een calitate de actri\u021b\u0103-dansatoare, dupa spectacolul de coregrafie <i>Dear Diary, <\/i>concept \u0219i coregrafie semnate de Oana R\u0103suceanu. In teatru, Adina a jucat \u00een spectacole precum <i>Apus de soare<\/i> (regia Dan Pi\u021ba), <i>Flori, fete, filme sau b\u0103ie\u021bi<\/i> (regia Mimi Br\u0103nescu), <i>\u00censemnar\u0103rile unui nebun<\/i> (regia Iarina Demian).\u00a0 \u00cen film Adina a colaborat cu regizori precum Adrian Sitaru (<i>Din dragoste cu cele mai bune inten\u021bii),<\/i> Radu Muntean (<i>Un etaj mai sus<\/i>), Luiza P\u00e2rvu (<i>Aniversarea<\/i>), Marian Cri\u0219an (<i>Camelia)<\/i>, Cristina Iliescu (<i>Nu azi<\/i>) sau Andreea P\u0103duraru (<i>Moebius<\/i>).<\/p>\n<p><b>Irina Velcescu <\/b><\/p>\n<p>De-a lungul carierei sale \u00een teatru, Irina Velcescu a jucat \u00een spectacole precum <i>Ni\u0219te fete<\/i> (regia Cristi Juncu), <i>Shape of Things<\/i> (regia Vlad Massaci), <i>XXL <\/i>(regia Cristi Juncu), <i>Cupluri <\/i>(regia Vlad Zamfirescu), <i>Un pic prea intim<\/i> (regia Cristi Juncu), <i>BASH<\/i> (regia Vlad Massaci), <i>Iluzii<\/i> (regia Cristi Juncu). Filmografia Irinei cuprinde roluri \u00een filme precum <i>Vineri \u00een jur de 11 <\/i>\u0219i <i>Tabasco<\/i> (ambele \u00een regia Iuliei Rugin\u0103) sau seriale TV precum <i>O s\u0103pt\u0103m\u00e2n\u0103 nebun\u0103 <\/i>(o produc\u021bie Media Pro Pictures).<\/p>\n<p><b>Cristian Popa<\/b><\/p>\n<p>Actor al Teatrului <i>Toma Caragiu <\/i>din Ploie\u0219ti, Cristian Popa este unul dintre cei mai activi profesioni\u0219ti ai genera\u021biei sale, cu roluri at\u00e2t pe scen\u0103, c\u00e2t \u0219i \u00een film. \u00cen teatru a colaborat cu regizori precum Radu Afrim, Vlad Massaci, Cristi Juncu, Vlad Cristache, S\u00e2nziana Stoican, Cristi popescu, Nona Ciobanu, Teodora Herghelegiu sau Mariana C\u0103m\u0103r\u0103\u0219an. In prezent, Cristian poate fi v\u0103zut \u00een spectacole precum <i>C\u00e2nd ploaia se va opri<\/i>, <i>Omul care a v\u0103zut moartea, Chip de foc, Menajeria de sticl\u0103<\/i> sau <i>A fi sau a nu fi.<\/i><\/p>\n<p><b>George \u2013 Albert Costea<\/b><\/p>\n<p>Angajat al Teatrului \u201cMarin Sorescu\u201d din Craiova, George \u2013 Albert Costea este unul dintre cei mai activi actori ai tinerei generatii, cariera sa teatru cuprinz\u00e2nd\u00a0 27 de roluri \u00een spectacole de teatru, 3 colabor\u0103ri pentru spectacole de dans \u0219i un rol \u00een cel mai recent musical al scenei bucure\u0219tene \u2013 <i>West Side Story <\/i>(regia \u0219i coregrafia R\u0103zvan Mazilu). P\u00e2n\u0103 acum, George a lucrat cu regizori de teatru precum Robert Wilson, Mircea Corni\u0219teanu, Tim Carroll, Alexandru Berceanu, Vlad Cristache, Catinca Dr\u0103g\u0103nescu, Liviu Lucaci, Ioana P\u0103un, Vera Ion \u0219i al\u021bii.\n<\/div>\n<\/div>\n","protected":false},"excerpt":{"rendered":"<p>Spectacolul a fost creat de Oana R\u0103suceanu al\u0103turi de actorii Adina Lucaciu, Irina Velcescu, Cristian Popa \u0219i George-Albert Costea. Decorul \u0219i costumele poart\u0103 semn\u0103tura scenografei Andrada Chiriac, iar muzica a fost compus\u0103 de Sebastian Hamburger. Imaginile video \u0219i fotografiile care [&hellip;]<\/p>\n","protected":false},"author":2,"featured_media":0,"parent":1371,"menu_order":0,"comment_status":"closed","ping_status":"closed","template":"side-navigation.php","meta":{"footnotes":""},"class_list":["post-1378","page","type-page","status-publish","hentry"],"jetpack_sharing_enabled":true,"_links":{"self":[{"href":"https:\/\/www.controln.ro\/asociatia-culturala\/wp-json\/wp\/v2\/pages\/1378","targetHints":{"allow":["GET"]}}],"collection":[{"href":"https:\/\/www.controln.ro\/asociatia-culturala\/wp-json\/wp\/v2\/pages"}],"about":[{"href":"https:\/\/www.controln.ro\/asociatia-culturala\/wp-json\/wp\/v2\/types\/page"}],"author":[{"embeddable":true,"href":"https:\/\/www.controln.ro\/asociatia-culturala\/wp-json\/wp\/v2\/users\/2"}],"replies":[{"embeddable":true,"href":"https:\/\/www.controln.ro\/asociatia-culturala\/wp-json\/wp\/v2\/comments?post=1378"}],"version-history":[{"count":2,"href":"https:\/\/www.controln.ro\/asociatia-culturala\/wp-json\/wp\/v2\/pages\/1378\/revisions"}],"predecessor-version":[{"id":1827,"href":"https:\/\/www.controln.ro\/asociatia-culturala\/wp-json\/wp\/v2\/pages\/1378\/revisions\/1827"}],"up":[{"embeddable":true,"href":"https:\/\/www.controln.ro\/asociatia-culturala\/wp-json\/wp\/v2\/pages\/1371"}],"wp:attachment":[{"href":"https:\/\/www.controln.ro\/asociatia-culturala\/wp-json\/wp\/v2\/media?parent=1378"}],"curies":[{"name":"wp","href":"https:\/\/api.w.org\/{rel}","templated":true}]}}