{"id":1415,"date":"2016-07-20T11:33:43","date_gmt":"2016-07-20T11:33:43","guid":{"rendered":"http:\/\/www.controln.ro\/asociatia-culturala\/?page_id=1415"},"modified":"2019-05-02T17:56:12","modified_gmt":"2019-05-02T15:56:12","slug":"workshop-uri","status":"publish","type":"page","link":"https:\/\/www.controln.ro\/asociatia-culturala\/workshop-uri\/","title":{"rendered":"workshop-uri"},"content":{"rendered":"<div class=\"margini\">\n<div class=\"verde\">\n<p><strong>WORKSHOP-URILE CONTROL N<\/strong><\/p>\n<p>Asocia\u021bia Cultural\u0103 Control N organizeaz\u0103, \u00eencep\u00e2nd cu anul 2012, workshop-uri dedicate profesioni\u0219tilor din cinematografie, debutan\u021bi sau cinea\u0219ti la \u00eenceput de carier\u0103. Al\u0103turi de partenerii s\u0103i (Asocia\u021bia pentru Promovarea Filmului Rom\u00e2nesc, Festivalul Interna\u021bional de Film Transilvania, Le Groupe Ouest, American Romanian Cultural Society), Control N \u00eencearc\u0103 s\u0103 ofere o ramp\u0103 de lansare tinerilor interesa\u021bi de dezvoltarea, finan\u021barea, producerea \u0219i distribu\u021bia de film.<\/p>\n<\/div>\n<\/div>\n","protected":false},"excerpt":{"rendered":"<p>WORKSHOP-URILE CONTROL N Asocia\u021bia Cultural\u0103 Control N organizeaz\u0103, \u00eencep\u00e2nd cu anul 2012, workshop-uri dedicate profesioni\u0219tilor din cinematografie, debutan\u021bi sau cinea\u0219ti la \u00eenceput de carier\u0103. Al\u0103turi de partenerii s\u0103i (Asocia\u021bia pentru Promovarea Filmului Rom\u00e2nesc, Festivalul Interna\u021bional de Film Transilvania, Le Groupe [&hellip;]<\/p>\n","protected":false},"author":2,"featured_media":0,"parent":0,"menu_order":0,"comment_status":"closed","ping_status":"closed","template":"side-navigation.php","meta":{"footnotes":""},"class_list":["post-1415","page","type-page","status-publish","hentry"],"jetpack_sharing_enabled":true,"_links":{"self":[{"href":"https:\/\/www.controln.ro\/asociatia-culturala\/wp-json\/wp\/v2\/pages\/1415","targetHints":{"allow":["GET"]}}],"collection":[{"href":"https:\/\/www.controln.ro\/asociatia-culturala\/wp-json\/wp\/v2\/pages"}],"about":[{"href":"https:\/\/www.controln.ro\/asociatia-culturala\/wp-json\/wp\/v2\/types\/page"}],"author":[{"embeddable":true,"href":"https:\/\/www.controln.ro\/asociatia-culturala\/wp-json\/wp\/v2\/users\/2"}],"replies":[{"embeddable":true,"href":"https:\/\/www.controln.ro\/asociatia-culturala\/wp-json\/wp\/v2\/comments?post=1415"}],"version-history":[{"count":4,"href":"https:\/\/www.controln.ro\/asociatia-culturala\/wp-json\/wp\/v2\/pages\/1415\/revisions"}],"predecessor-version":[{"id":2341,"href":"https:\/\/www.controln.ro\/asociatia-culturala\/wp-json\/wp\/v2\/pages\/1415\/revisions\/2341"}],"wp:attachment":[{"href":"https:\/\/www.controln.ro\/asociatia-culturala\/wp-json\/wp\/v2\/media?parent=1415"}],"curies":[{"name":"wp","href":"https:\/\/api.w.org\/{rel}","templated":true}]}}