{"id":1419,"date":"2016-07-20T12:03:56","date_gmt":"2016-07-20T12:03:56","guid":{"rendered":"http:\/\/www.controln.ro\/asociatia-culturala\/?page_id=1419"},"modified":"2016-07-21T09:13:05","modified_gmt":"2016-07-21T09:13:05","slug":"spectacole","status":"publish","type":"page","link":"https:\/\/www.controln.ro\/asociatia-culturala\/spectacole\/","title":{"rendered":"spectacole"},"content":{"rendered":"<div class=\"margini\">\n<div class=\"verde\">\n<p><strong>SPECTACOLE<\/strong><\/p>\n<p><span style=\"line-height: 1.5em;\">Aria spectacolului de dans din Rom\u00e2nia \u2013 care cuprinde dans contemporan, instala\u021bii multimedia care includ dansul, manifest\u0103ri culturale \u00een spa\u021bii neconven\u021bionale \u2013 s-a extins \u00een ultimii ani \u0219i s-a dezvoltat \u00eentr-o m\u0103sur\u0103 optimist\u0103 pentru viitor. At\u00e2t creatorii, c\u00e2t \u0219i receptorii acestui tip de reprezentare artistic\u0103 sunt din ce \u00een ce mai interesa\u021bi de a se ad\u00e2nci \u00een cercetare, \u00een descoperire, \u00een aprofundarea acestui domeniu.\u00a0Asocia\u021bia Cultural\u0103 Control N\u00a0sus\u0163ine produc\u0163ia artistic\u0103 din Rom\u00e2nia, prin propunerea unor spectacole ce \u00eembin\u0103 teatrul, dansul, muzica \u0219i proiec\u021biile video. \u00cencerc\u0103m s\u0103 apropiem publicul de teatru, poezie, coregrafie, fotografie, sus\u021bin\u00e2nd \u00een accela\u021bi timp diverse categorii de creatori, la \u00eenceput de carier\u0103 (actori, dansatori, scenografi, fotografi, muzicieni, coregrafi, regizori).<\/span>\n<\/div>\n<\/div>\n","protected":false},"excerpt":{"rendered":"<p>SPECTACOLE Aria spectacolului de dans din Rom\u00e2nia \u2013 care cuprinde dans contemporan, instala\u021bii multimedia care includ dansul, manifest\u0103ri culturale \u00een spa\u021bii neconven\u021bionale \u2013 s-a extins \u00een ultimii ani \u0219i s-a dezvoltat \u00eentr-o m\u0103sur\u0103 optimist\u0103 pentru viitor. At\u00e2t creatorii, c\u00e2t \u0219i [&hellip;]<\/p>\n","protected":false},"author":2,"featured_media":0,"parent":0,"menu_order":0,"comment_status":"closed","ping_status":"closed","template":"side-navigation.php","meta":{"footnotes":""},"class_list":["post-1419","page","type-page","status-publish","hentry"],"jetpack_sharing_enabled":true,"_links":{"self":[{"href":"https:\/\/www.controln.ro\/asociatia-culturala\/wp-json\/wp\/v2\/pages\/1419","targetHints":{"allow":["GET"]}}],"collection":[{"href":"https:\/\/www.controln.ro\/asociatia-culturala\/wp-json\/wp\/v2\/pages"}],"about":[{"href":"https:\/\/www.controln.ro\/asociatia-culturala\/wp-json\/wp\/v2\/types\/page"}],"author":[{"embeddable":true,"href":"https:\/\/www.controln.ro\/asociatia-culturala\/wp-json\/wp\/v2\/users\/2"}],"replies":[{"embeddable":true,"href":"https:\/\/www.controln.ro\/asociatia-culturala\/wp-json\/wp\/v2\/comments?post=1419"}],"version-history":[{"count":6,"href":"https:\/\/www.controln.ro\/asociatia-culturala\/wp-json\/wp\/v2\/pages\/1419\/revisions"}],"predecessor-version":[{"id":1923,"href":"https:\/\/www.controln.ro\/asociatia-culturala\/wp-json\/wp\/v2\/pages\/1419\/revisions\/1923"}],"wp:attachment":[{"href":"https:\/\/www.controln.ro\/asociatia-culturala\/wp-json\/wp\/v2\/media?parent=1419"}],"curies":[{"name":"wp","href":"https:\/\/api.w.org\/{rel}","templated":true}]}}