{"id":1918,"date":"2016-11-17T13:31:35","date_gmt":"2016-11-17T13:31:35","guid":{"rendered":"http:\/\/www.controln.ro\/asociatia-culturala\/?page_id=1918"},"modified":"2018-09-24T17:11:16","modified_gmt":"2018-09-24T15:11:16","slug":"lim-2017","status":"publish","type":"page","link":"https:\/\/www.controln.ro\/asociatia-culturala\/workshop-uri\/lim\/lim-2017\/","title":{"rendered":"ce este lim?"},"content":{"rendered":"<div class=\"margini\">\n<div class=\"verde\">\n<p><strong>CE ESTE LIM &#8211; LESS IS MORE?<\/strong><\/p>\n<p><a href=\"http:\/\/www.controln.ro\/asociatia-culturala\/wp-content\/uploads\/2016\/11\/lim_600x379.jpg\"><img decoding=\"async\" class=\"alignright wp-image-1981\" src=\"http:\/\/www.controln.ro\/asociatia-culturala\/wp-content\/uploads\/2016\/11\/lim_600x379.jpg\" alt=\"lim_600x379\" width=\"360\" height=\"227\" srcset=\"https:\/\/www.controln.ro\/asociatia-culturala\/wp-content\/uploads\/2016\/11\/lim_600x379.jpg 600w, https:\/\/www.controln.ro\/asociatia-culturala\/wp-content\/uploads\/2016\/11\/lim_600x379-300x189.jpg 300w, https:\/\/www.controln.ro\/asociatia-culturala\/wp-content\/uploads\/2016\/11\/lim_600x379-320x202.jpg 320w\" sizes=\"(max-width: 360px) 100vw, 360px\" \/><\/a><\/p>\n<p>\u00cen contextul ultimilor ani, procentul filmelor de lung metraj scrise pentru bugete confortabile, dar care sf\u00e2r\u0219esc prin a fi produc\u021bii micro-budget din lips\u0103 de finan\u021bare cre\u0219te \u00eengrijor\u0103tor de mult. Presiunea reducerii bugetului cade pe umerii \u00eentregii echipe artistice, de produc\u021bie sau post-produc\u021bie, duc\u00e2nd la compromisuri, frustr\u0103ri \u0219i proiecte ratate.<\/p>\n<p>Obiectivul LIM este acela de a ajuta scenari\u0219tii, regizorii \u0219i produc\u0103torii genera\u021biilor tinere s\u0103 integreze reducerea de costuri din bugetul filmului \u00eenc\u0103 de la \u00eenceputul procesului de dezvoltare a scenariului. Asumarea limit\u0103rilor financiare \u0219i folosirea lor \u00een avantajul creativ al produsului final poate fi solu\u021bia pentru generarea unei experien\u021be cinematografice consistente at\u00e2t pentru cinea\u0219ti, c\u00e2t \u0219i pentru spectatori.<\/p>\n<p>Scopul LIM este acela de a oferi \u0219ansa unei noi genera\u021bii de scenari\u0219ti \u0219i regizori din Europa de a face un pas important c\u0103tre aventura realiz\u0103rii unui film de lung metraj prin prisma limit\u0103rii bugetului de produc\u021bie. LIM este dedicat at\u00e2t cinea\u0219tilor din zona filmului de fic\u021biune \u0219i din sfera filmului documentar, c\u00e2t \u0219i arti\u0219tilor care provin din doemnii precum teatru sau arte vizuale.<\/p>\n<p>Proiectul se desf\u0103\u0219oar\u0103 sub forma unei reziden\u021be de crea\u021bie ce se \u00eentinde pe parcursul a 8 luni.\u00a0LIM | Less is More este structurat \u00een jurul a trei workshop-uri reziden\u021be de crea\u021bie, organizate \u00een zone rurale (sate) din 3 p\u0103r\u021bi diferite ale Europei: Workshop 1 \u00een Bretania (Fran\u021ba) \u00een luna martie, cel de-al doilea \u00een Transilvania (Rom\u00e2nia) \u00een luna iunie, iar cel de-al treilea \u00een Malopolaska (Polonia) \u00een luna octombrie. Procesul de lucru \u0219i dezvoltare a proiectelor va fi supervizat de 5 consultan\u021bi de scenarii. Intre workshop-uri, sesiunile de rescriere online \u0219i deadline-urile stabilite asigur\u0103 un proces regulat de schimb \u00eentre consultan\u021bi \u0219i participan\u021bi.<\/p>\n<p>LIM ofer\u0103 participan\u021bilor \u0219i un eveniment special \u00een cadrul Festivalului Interna\u021bional de Film Transilvania (TIFF), ce are ca scop prezentarea proiectelor dezvoltate \u00een cadrul LIM produc\u0103torilor \u0219i profesioni\u0219tilor \u00een domeniu din Europa.<\/p>\n<p>Sus\u021binut de Creative Europe \u2013 Programul MEDIA al Uniunii Europene, LIM este ini\u021biat de Le Groupe Ouest (Fran\u021ba) \u0219i dezvoltat \u00een parteneriat cu Asocia\u021bia Cultural\u0103 Control N (Rom\u00e2nia), Vlaams Audiovisueel Fonds \u2013 VAF (Belgia), Krakow Festival Office \u2013 KBF (Polonia) \u0219i Festivalul Interna\u021bional de Film Transilvania \u2013 TIFF (Rom\u00e2nia).<\/p>\n<p>LIM | Less is More este co-finan\u021bat de Administra\u0163ia Fondului Cultural Na\u0163ional (AFCN) \u0219i de Centrul Na\u021bional al Cinematografiei (CNC).<\/p>\n<p>Asocia\u021bia Cultural\u0103 Control N mul\u021bume\u0219te partenerilor media: Zile \u0219i Nop\u021bi, Cinemap, Sunete, Cinemagia, Film Reporter, Cinefan, Liternet, Blogul Lu\u2019 Otrav\u0103, Bazavan.ro, Ziarul Metropolis, AaRC.ro &#8211; All about Romanian Cinema, Filme C\u0103r\u021bi.<\/p>\n<p>Cei interesati s\u0103 aplice pot accesa acest link:\u00a0<a href=\"https:\/\/application-lim.festicine.fr\/en\/identification\">https:\/\/application-lim.festicine.fr\/en\/identification<\/a><\/p>\n<\/div>\n<\/div>\n","protected":false},"excerpt":{"rendered":"<p>CE ESTE LIM &#8211; LESS IS MORE? \u00cen contextul ultimilor ani, procentul filmelor de lung metraj scrise pentru bugete confortabile, dar care sf\u00e2r\u0219esc prin a fi produc\u021bii micro-budget din lips\u0103 de finan\u021bare cre\u0219te \u00eengrijor\u0103tor de mult. Presiunea reducerii bugetului cade [&hellip;]<\/p>\n","protected":false},"author":2,"featured_media":0,"parent":1885,"menu_order":0,"comment_status":"closed","ping_status":"closed","template":"side-navigation.php","meta":{"footnotes":""},"class_list":["post-1918","page","type-page","status-publish","hentry"],"jetpack_sharing_enabled":true,"_links":{"self":[{"href":"https:\/\/www.controln.ro\/asociatia-culturala\/wp-json\/wp\/v2\/pages\/1918","targetHints":{"allow":["GET"]}}],"collection":[{"href":"https:\/\/www.controln.ro\/asociatia-culturala\/wp-json\/wp\/v2\/pages"}],"about":[{"href":"https:\/\/www.controln.ro\/asociatia-culturala\/wp-json\/wp\/v2\/types\/page"}],"author":[{"embeddable":true,"href":"https:\/\/www.controln.ro\/asociatia-culturala\/wp-json\/wp\/v2\/users\/2"}],"replies":[{"embeddable":true,"href":"https:\/\/www.controln.ro\/asociatia-culturala\/wp-json\/wp\/v2\/comments?post=1918"}],"version-history":[{"count":7,"href":"https:\/\/www.controln.ro\/asociatia-culturala\/wp-json\/wp\/v2\/pages\/1918\/revisions"}],"predecessor-version":[{"id":2277,"href":"https:\/\/www.controln.ro\/asociatia-culturala\/wp-json\/wp\/v2\/pages\/1918\/revisions\/2277"}],"up":[{"embeddable":true,"href":"https:\/\/www.controln.ro\/asociatia-culturala\/wp-json\/wp\/v2\/pages\/1885"}],"wp:attachment":[{"href":"https:\/\/www.controln.ro\/asociatia-culturala\/wp-json\/wp\/v2\/media?parent=1918"}],"curies":[{"name":"wp","href":"https:\/\/api.w.org\/{rel}","templated":true}]}}