{"id":1921,"date":"2016-11-17T13:44:44","date_gmt":"2016-11-17T13:44:44","guid":{"rendered":"http:\/\/www.controln.ro\/asociatia-culturala\/?page_id=1921"},"modified":"2018-09-24T16:55:21","modified_gmt":"2018-09-24T14:55:21","slug":"detalii-aplicatie","status":"publish","type":"page","link":"https:\/\/www.controln.ro\/asociatia-culturala\/workshop-uri\/lim\/detalii-aplicatie\/","title":{"rendered":"detalii aplica\u021bie"},"content":{"rendered":"<div class=\"margini\">\n<div class=\"verde\">\n<p><strong>CINE POATE S\u0102 APLICE?<\/strong><\/p>\n<p><a href=\"http:\/\/www.controln.ro\/asociatia-culturala\/wp-content\/uploads\/2016\/11\/lim_600x379.jpg\"><img decoding=\"async\" class=\"alignright wp-image-1981\" src=\"http:\/\/www.controln.ro\/asociatia-culturala\/wp-content\/uploads\/2016\/11\/lim_600x379.jpg\" alt=\"lim_600x379\" width=\"360\" height=\"227\" srcset=\"https:\/\/www.controln.ro\/asociatia-culturala\/wp-content\/uploads\/2016\/11\/lim_600x379.jpg 600w, https:\/\/www.controln.ro\/asociatia-culturala\/wp-content\/uploads\/2016\/11\/lim_600x379-300x189.jpg 300w, https:\/\/www.controln.ro\/asociatia-culturala\/wp-content\/uploads\/2016\/11\/lim_600x379-320x202.jpg 320w\" sizes=\"(max-width: 360px) 100vw, 360px\" \/><\/a><\/p>\n<p>Programul se adreseaz\u0103 scenari\u0219tilor \/ regizorilor afla\u021bi la primul, al doilea sau al treilea film de lung metraj, c\u00e2t \u0219i artistilor ce provin din teatru, documentar sau arte vizuale.<\/p>\n<p><em>Not\u0103: Toate activit\u0103\u021bile reziden\u021bei de crea\u021bie LIM (workshop-uri, \u00eent\u00e2lniri, sesiuni de feedback online, masterclassuri, etc) se desf\u0103\u0219oar\u0103 \u00een limba englez\u0103.<\/em><\/p>\n<p><strong>CE CON\u021aINE APLICA\u021aIA?<\/strong><\/p>\n<p>&#8211; Scurt\u0103 descriere a proiectului (850 semne)<br \/>\n&#8211; Scurt sinopsis al proiectului (15000 semne)<br \/>\n&#8211; Scrisoare de inten\u021bie \u00een care s\u0103 fie prezentate motivele pentru care scenaristul\/ regizorul dore\u0219te s\u0103 participe la acest proiect (5000 semne)<br \/>\n&#8211; Scrisoare de inten\u021bie prin care se demonstreaz\u0103 modul \u00een care filmul va fi realizat cu un buget limitat (10000 semne)<br \/>\n&#8211; Biografie (850 semne)<br \/>\n&#8211; Filmografie \/ sau alte proiecte (maxim 10)<br \/>\n&#8211; Link c\u0103tre un film de scurt metraj sau un film de lung metraj, reprezentativ pentru cineast.<\/p>\n<p>Deadline-ul de trimitere a aplica\u021biei pentru LIM 2019 este <strong>31 octombrie 2018<\/strong>.<\/p>\n<p>Cei interesa\u021bi pot aplica acces\u00e2nd link-ul\u00a0: <a href=\"https:\/\/application-lim.festicine.fr\/en\/identification\">https:\/\/application-lim.festicine.fr\/en\/identification<\/a><\/p>\n<\/div>\n<\/div>\n","protected":false},"excerpt":{"rendered":"<p>CINE POATE S\u0102 APLICE? Programul se adreseaz\u0103 scenari\u0219tilor \/ regizorilor afla\u021bi la primul, al doilea sau al treilea film de lung metraj, c\u00e2t \u0219i artistilor ce provin din teatru, documentar sau arte vizuale. Not\u0103: Toate activit\u0103\u021bile reziden\u021bei de crea\u021bie LIM [&hellip;]<\/p>\n","protected":false},"author":2,"featured_media":0,"parent":1885,"menu_order":2,"comment_status":"closed","ping_status":"closed","template":"side-navigation.php","meta":{"footnotes":""},"class_list":["post-1921","page","type-page","status-publish","hentry"],"jetpack_sharing_enabled":true,"_links":{"self":[{"href":"https:\/\/www.controln.ro\/asociatia-culturala\/wp-json\/wp\/v2\/pages\/1921","targetHints":{"allow":["GET"]}}],"collection":[{"href":"https:\/\/www.controln.ro\/asociatia-culturala\/wp-json\/wp\/v2\/pages"}],"about":[{"href":"https:\/\/www.controln.ro\/asociatia-culturala\/wp-json\/wp\/v2\/types\/page"}],"author":[{"embeddable":true,"href":"https:\/\/www.controln.ro\/asociatia-culturala\/wp-json\/wp\/v2\/users\/2"}],"replies":[{"embeddable":true,"href":"https:\/\/www.controln.ro\/asociatia-culturala\/wp-json\/wp\/v2\/comments?post=1921"}],"version-history":[{"count":10,"href":"https:\/\/www.controln.ro\/asociatia-culturala\/wp-json\/wp\/v2\/pages\/1921\/revisions"}],"predecessor-version":[{"id":2276,"href":"https:\/\/www.controln.ro\/asociatia-culturala\/wp-json\/wp\/v2\/pages\/1921\/revisions\/2276"}],"up":[{"embeddable":true,"href":"https:\/\/www.controln.ro\/asociatia-culturala\/wp-json\/wp\/v2\/pages\/1885"}],"wp:attachment":[{"href":"https:\/\/www.controln.ro\/asociatia-culturala\/wp-json\/wp\/v2\/media?parent=1921"}],"curies":[{"name":"wp","href":"https:\/\/api.w.org\/{rel}","templated":true}]}}