{"id":1928,"date":"2016-11-17T13:54:37","date_gmt":"2016-11-17T13:54:37","guid":{"rendered":"http:\/\/www.controln.ro\/asociatia-culturala\/?page_id=1928"},"modified":"2018-02-21T20:55:48","modified_gmt":"2018-02-21T18:55:48","slug":"parteneri-lim","status":"publish","type":"page","link":"https:\/\/www.controln.ro\/asociatia-culturala\/workshop-uri\/lim\/parteneri-lim\/","title":{"rendered":"parteneri lim"},"content":{"rendered":"<div class=\"margini\">\n<div class=\"verde\">\n<p><a href=\"http:\/\/www.controln.ro\/asociatia-culturala\/wp-content\/uploads\/2018\/02\/logos_noirs.png\"><img decoding=\"async\" class=\"size-large wp-image-2176 aligncenter\" src=\"http:\/\/www.controln.ro\/asociatia-culturala\/wp-content\/uploads\/2018\/02\/logos_noirs-1024x158.png\" alt=\"\" width=\"669\" height=\"103\" srcset=\"https:\/\/www.controln.ro\/asociatia-culturala\/wp-content\/uploads\/2018\/02\/logos_noirs-1024x158.png 1024w, https:\/\/www.controln.ro\/asociatia-culturala\/wp-content\/uploads\/2018\/02\/logos_noirs-300x46.png 300w, https:\/\/www.controln.ro\/asociatia-culturala\/wp-content\/uploads\/2018\/02\/logos_noirs-768x118.png 768w, https:\/\/www.controln.ro\/asociatia-culturala\/wp-content\/uploads\/2018\/02\/logos_noirs.png 1261w\" sizes=\"(max-width: 669px) 100vw, 669px\" \/><\/a><\/p>\n<p>&nbsp;<\/p>\n<p><strong>LIM este un proiect european ce beneficiaz\u0103 de sprijinul programului Creative Europe al Uniunii Europene, \u0219i are la baz\u0103 un parteneriat \u00eentre mai multe organiza\u021bii:<\/strong><\/p>\n<p><a href=\"http:\/\/www.controln.ro\/asociatia-culturala\/wp-content\/uploads\/2016\/11\/lim_600x379.jpg\"><img decoding=\"async\" class=\"alignright wp-image-1981\" src=\"http:\/\/www.controln.ro\/asociatia-culturala\/wp-content\/uploads\/2016\/11\/lim_600x379.jpg\" alt=\"lim_600x379\" width=\"360\" height=\"227\" srcset=\"https:\/\/www.controln.ro\/asociatia-culturala\/wp-content\/uploads\/2016\/11\/lim_600x379.jpg 600w, https:\/\/www.controln.ro\/asociatia-culturala\/wp-content\/uploads\/2016\/11\/lim_600x379-300x189.jpg 300w, https:\/\/www.controln.ro\/asociatia-culturala\/wp-content\/uploads\/2016\/11\/lim_600x379-320x202.jpg 320w\" sizes=\"(max-width: 360px) 100vw, 360px\" \/><\/a><\/p>\n<p><b>Asocia\u021bia Cultural\u0103 Control N (Rom\u00e2nia)<\/b><\/p>\n<p>Fondat\u0103 de doi scenari\u0219ti \u0219i un regizor, Control N este una dintre cele mai active asocia\u021bii din Rom\u00e2nia, \u00een zona educa\u021biei cinematografice \u0219i a sus\u021binerii tinerelor talente. Proiectele Control N sunt centrate pe zona workshop-urilor, training-ului legat de cinema, cu accent deosebit pe scenaristic\u0103, cursuri, masterclass-uri cu personalit\u0103\u021bi din lumea filmului \u0219i dezbateri deschise celor interesa\u021bi de cinema. Printre cele mai importante proiecte Control N se num\u0103r\u0103: LIM Rom\u00e2nia (2015), workshop-ul de dezvoltare de scenarii de scurt metraj Second Draft, laboratorul de crea\u021bie Transilvania Talent Lab \u0219i Atelierul de Film Let\u2019s Go Digital! din cadrul TIFF, ultimele dou\u0103 realizate \u00een parteneriat cu Festivalul Interna\u021bional de Film Transilvania, cu care fondatorii Control N colaboreaz\u0103 de 15 ani. www.controln.ro<\/p>\n<p><b>Le Groupe Ouest (Fran\u021ba)<\/b><\/p>\n<p>Creat \u00een Bretania, Fran\u021ba, \u00een 2006, Le Groupe Ouest a devenit cel mai amplu proiect de reziden\u021b\u0103 pentru scenari\u0219ti din Europa. Peste 500 de scenari\u0219ti \u0219i regizori au fost consilia\u021bi pe plajele din Finistere, rezult\u00e2nd filme apreciate interna\u021bional, printre care \u201cDivines\u201d (Camera d\u2019Or Cannes 2016), \u201cGodless\u201d (Leopardul de Aur Locarno 2016), \u201cSon of Saul\u201d (Oscar pentru Cel Mai Bun Film Strain 2016). www.legroupeouest.com<\/p>\n<p><b>Festivalul Interna\u021bional de Film Transilvania (Rom\u00e2nia)<\/b><\/p>\n<p>Cel mai mare festival de film din Rom\u00e2nia, TIFF \u0219i-a f\u0103cut o reputa\u021bie din eforturie de a promova t\u00e2n\u0103ra genera\u021bie de cinea\u0219ti \u0219i sus\u021binerea dezvolt\u0103rii proiectelor cinematografice. Dup\u0103 ani de lucru continuu pentru promovarea cinema-ului rom\u00e2nesc \u0219i intermedierea rela\u021biei dintre invita\u021bii interna\u021bionali \u0219i cinea\u0219tii rom\u00e2ni, \u00een 2015, TIFF \u0219i-a unit toate activit\u0103\u021bile legate de industria filmului sub o singur\u0103 umbrel\u0103. TIFF \u2013 Industry este o platform\u0103 deschis\u0103 tinerelor talente din Rom\u00e2nia \u0219i Republica Moldova, ce cuprinde Transilvania Talent Lab (TTL) \u2013 un program intensiv dedicat tinerilor la \u00eenceput de carier\u0103, Transilvania Pitch Stop (TPS) \u2013 un workshop de lung metraj finalizat cu o prezentare public\u0103 de proiect \u0219i \u00eent\u00e2lniri unu-la-unu. G\u0103zduirea LIM de c\u0103tre TIFF cre\u0219te nivelul de vizibilitate a proiectului \u0219i \u00eel plaseaz\u0103 \u00een cel mai favorabil loc din Rom\u00e2nia: centrul industriei filmului, \u00een luna iunie a fiec\u0103rui an. www.tiff.ro<\/p>\n<p><strong>The Flanders Audiovisual Fund &#8211; VAF (Belgia)<\/strong><\/p>\n<p>Activ sus\u021bin\u0103tor al produc\u021biei audio-vizuale \u00een regiunea Flamand\u0103, precum \u0219i co-produc\u021biile interna\u021bionale. Fondul a fost \u00eenfiin\u021bat de guvernul flamand \u00een 2002 \u0219i are sediul \u00een Bruxelles. Scopul VAF este acela de a dezvolta o industrie audio-vizual\u0103 sustenabil\u0103, de a \u00eencuraja \u0219i spijini tinerele talente \u00een domenu \u0219i de a promova cultura audio-video \u00een Beligia Flamand\u0103. VAF acord\u0103 burse, sprijin\u0103\/organizeaz\u0103 workshop-uri \u0219i realizeaz\u0103 sondaje \u00een domeniu.<\/p>\n<p><strong>Krakow Festival Office (Polonia)<\/strong><\/p>\n<p>Una dintre cele mai active insititu\u021bii de cultur\u0103 din Polonia, responsabil\u0103 pentru cele mai mari festivaluri din Cracovia, \u00a0din 2002 activ sus\u021bin\u0103tor al zonei de entertainment \u00een zona muzicii, teatrului, filmului \u0219i literaturii, at\u00e2t \u00een Polonia, c\u00e2t \u0219i \u00een \u00eentreaga Europ\u0103. \u00a0Prin activit\u0103\u021bile sus\u021binute de Krakow Film Commission \u0219i Krakow Regional Film Fund, Krakow Festival Office sprijin\u0103 dezvoltarea industriei audio-video \u00een regiunea Malopolska (finan\u021bare de filme, sprijin de produc\u021bie, training profesionist \u0219i evenimente legate de industria filmului).<\/p>\n<p>Proiectul e sus\u021binut, de asemenea, de partenerii asocia\u021bi:\u00a0<a href=\"https:\/\/afcn.ro\/\">Administra\u021bia Fondului Cultural Na\u021bional<\/a> \u0219i <a href=\"http:\/\/cnc.gov.ro\/\">Centrul Na\u021bional al Cinematografiei<\/a> (Rom\u00e2nia),\u00a0<a href=\"http:\/\/euphoriaborealis.net\/\" target=\"_blank\" rel=\"noopener\">Euphoria Borealis<\/a>\u00a0(Finlanda),\u00a0<a href=\"http:\/\/storylab.pro\/\" target=\"_blank\" rel=\"noopener\">StoryLab.pro<\/a>\u00a0(Polonie),\u00a0<a href=\"http:\/\/www.dfi.dk\/english.aspx\" target=\"_blank\" rel=\"noopener\">Danish Film Institute<\/a>\u00a0\u2013 New Danish Screen (Danemarca),\u00a0<a href=\"http:\/\/www.ifeatures.co.uk\/\" target=\"_blank\" rel=\"noopener\">iFeatures<\/a>\u00a0\/\u00a0<a href=\"http:\/\/www.creativeengland.co.uk\/\" target=\"_blank\" rel=\"noopener\">Creative England<\/a>\u00a0(Marea Britanie),\u00a0<a href=\"http:\/\/www.torinofilmlab.it\/\" target=\"_blank\" rel=\"noopener\">TorinoFilmLab<\/a>\u00a0(Italia),\u00a0<a href=\"http:\/\/fondation-gan.com\/\" target=\"_blank\" rel=\"noopener\">Gan Foundation for Cinema<\/a>\u00a0(Fran\u021ba),\u00a0<a href=\"http:\/\/cnc.fr\/web\/en\" target=\"_blank\" rel=\"noopener\">Centre National du Cin\u00e9ma, CNC<\/a>\u00a0(Fran\u021ba).<\/p>\n<\/div>\n<\/div>\n","protected":false},"excerpt":{"rendered":"<p>&nbsp; LIM este un proiect european ce beneficiaz\u0103 de sprijinul programului Creative Europe al Uniunii Europene, \u0219i are la baz\u0103 un parteneriat \u00eentre mai multe organiza\u021bii: Asocia\u021bia Cultural\u0103 Control N (Rom\u00e2nia) Fondat\u0103 de doi scenari\u0219ti \u0219i un regizor, Control N [&hellip;]<\/p>\n","protected":false},"author":2,"featured_media":0,"parent":1885,"menu_order":3,"comment_status":"closed","ping_status":"closed","template":"side-navigation.php","meta":{"footnotes":""},"class_list":["post-1928","page","type-page","status-publish","hentry"],"jetpack_sharing_enabled":true,"_links":{"self":[{"href":"https:\/\/www.controln.ro\/asociatia-culturala\/wp-json\/wp\/v2\/pages\/1928","targetHints":{"allow":["GET"]}}],"collection":[{"href":"https:\/\/www.controln.ro\/asociatia-culturala\/wp-json\/wp\/v2\/pages"}],"about":[{"href":"https:\/\/www.controln.ro\/asociatia-culturala\/wp-json\/wp\/v2\/types\/page"}],"author":[{"embeddable":true,"href":"https:\/\/www.controln.ro\/asociatia-culturala\/wp-json\/wp\/v2\/users\/2"}],"replies":[{"embeddable":true,"href":"https:\/\/www.controln.ro\/asociatia-culturala\/wp-json\/wp\/v2\/comments?post=1928"}],"version-history":[{"count":13,"href":"https:\/\/www.controln.ro\/asociatia-culturala\/wp-json\/wp\/v2\/pages\/1928\/revisions"}],"predecessor-version":[{"id":2186,"href":"https:\/\/www.controln.ro\/asociatia-culturala\/wp-json\/wp\/v2\/pages\/1928\/revisions\/2186"}],"up":[{"embeddable":true,"href":"https:\/\/www.controln.ro\/asociatia-culturala\/wp-json\/wp\/v2\/pages\/1885"}],"wp:attachment":[{"href":"https:\/\/www.controln.ro\/asociatia-culturala\/wp-json\/wp\/v2\/media?parent=1928"}],"curies":[{"name":"wp","href":"https:\/\/api.w.org\/{rel}","templated":true}]}}