{"id":2012,"date":"2017-02-22T10:55:13","date_gmt":"2017-02-22T10:55:13","guid":{"rendered":"http:\/\/www.controln.ro\/asociatia-culturala\/?page_id=2012"},"modified":"2017-03-01T09:13:47","modified_gmt":"2017-03-01T09:13:47","slug":"participanti-lim-2017","status":"publish","type":"page","link":"https:\/\/www.controln.ro\/asociatia-culturala\/workshop-uri\/lim\/participanti-lim-2017\/","title":{"rendered":"participan\u021bi lim 2017"},"content":{"rendered":"<p>\u00cen anul \u00een care se lanseaz\u0103, <b>LIM &#8211; Less is More, platforma european\u0103 de dezvoltare a filmelor cu buget limitat, <\/b>va scoate la iveal\u0103 o nou\u0103 genera\u021bie de cinea\u0219ti talenta\u021bi ce \u00ee\u0219i doresc s\u0103 lucreze prin prisma unei produc\u021bii cinematografice cu buget limitat.<b>16 proiecte (toate filme de debut) \u0219i 4 produc\u0103tori Europeni la \u00eenceput de carier\u0103<\/b>, au fost selecta\u021bi dintre cele 290 de aplica\u021bii primite, provenind din 59 de \u021b\u0103ri. Juriul LIM, compus din 6 membri din 6 state europene \u2013 Massimiliano Nardulli (Pre\u0219edinte al juriului de selec\u021bie, Italia), Antoine Le Bos (Director artistic, Fran\u021ba), Oana R\u0103suceanu (scenarist, reprezentant Control N, Rom\u00e2nia), Siebe Dumon (reprezentant VAF, Belgia), Natalia Woda (reprezentant KBF, Polonia) \u0219i Vassili Silovic (Project Manager LIM, Slovenia) \u2013 au selectat proiectele participante dintre cei 45 regizori\/scenari\u0219ti \u0219i cei 8 produc\u0103tori afla\u021bi pe lista scurt\u0103, \u00een urma primei etape de selec\u021bie.<\/p>\n<p><span style=\"text-decoration: underline;\">Proiectele <\/span><span style=\"text-decoration: underline;\">\u0219i cinea\u0219tii selecta\u021bi \u00een edi\u021bia LIM 2017 sunt<\/span><span style=\"text-decoration: underline;\">:<\/span><\/p>\n<p>&nbsp;<\/p>\n<p>Nathalie Biancheri \u2014 Animal Instinct (Italia)<br \/>\nSimao Cayatte \u2014 Sandra (Portugalia)<br \/>\nPieter Coudyzer \u2014 Banvard (Belgia)<br \/>\nTaisia Deeva \u2014 Not Here. Not Us. (Rusia)<br \/>\nDina Duma \u2014 Sister (Macedonia)<br \/>\nSvetozar Georgiev &amp; Ivaylo Minov \u2014 Electricity (Bulgaria)<br \/>\nKarolis Kaupinis \u2014 Corcovado Borealis (Lituania)<br \/>\nKim Lysgaard Andersen &amp; Tine Mosegaard \u2014 In a teacup (Danemarca)<br \/>\nMarianela Maldonado \u2014 The Belly of the Whale (Venezuela)<br \/>\nKabir Mehta \u2014 Showdots (India)<br \/>\nDan Radu Mihai \u2014 The Ancelins (Rom\u00e2nia)<br \/>\nMauricio Osaki \u2014 The paths of my father (Brazilia)<br \/>\nTomasz Sliwinski \u2014 Animus (Polonie)<br \/>\nRory Stewart \u2014 Organs in the grass (Sco\u021bia)<br \/>\nGiil Taws \u2014 Tro Fa\u00f1ch (Fran\u021ba)<\/p>\n<p><span style=\"text-decoration: underline;\">Produc\u0103torii<\/span><span style=\"text-decoration: underline;\"> selecta\u021bi \u00een edi\u021bia LIM 2017 sunt<\/span><span style=\"text-decoration: underline;\">:<\/span><\/p>\n<p>Jelena Miseljic \u2014 Muntenegru<br \/>\nFr\u00e9d\u00e9ric Pr\u00e9mel \u2014 Fran\u021ba<br \/>\nGabi Suciu \u2014 Rom\u00e2nia<br \/>\nAneta Zagorska \u2014 Polonie<\/p>\n<p><b>LIM &#8211; Less is More<\/b> e structurat \u00een 3 etape de reziden\u021b\u0103, \u00een cadrul a 3 workshop-uri de c\u00e2te o s\u0103pt\u0103m\u00e2n\u0103, organizate \u00een sate din 3 p\u0103r\u021bi ale Europei: <b>Workshop 1 \u00een Regiunea Flamand\u0103, Belgia<\/b> (5-11 martie), <b>Workshop 2 \u00een Transilvania, Rom\u00e2nia<\/b> (5 \u2013 13 iunie) \u0219i <b>Workshop 3 \u00een Bretania, Fran\u021ba<\/b> (1 \u2013 8 octombrie). Lucrul dedicat dezvolt\u0103rii de scenariu din prima edi\u021bie LIM va fi coordonat de 4 consultan\u021bi de scenariu cu experien\u021b\u0103 (cu to\u021bii scenari\u0219ti la r\u00e2ndul lor): <b>Leonardo Stagliano<\/b> (Italia), <b>Pierre Hogdson<\/b> (Marea Britanie, Fran\u021ba), <b>Marcel Beaulieu<\/b> (Canada) \u0219i <b>Antoine Le Bos<\/b> (Fran\u021ba). Grupul de tutori va fi completat, de asemenea, cu speciali\u0219ti \u00een cinematografia low budget \u0219i micro-budget.<\/p>\n","protected":false},"excerpt":{"rendered":"<p>\u00cen anul \u00een care se lanseaz\u0103, LIM &#8211; Less is More, platforma european\u0103 de dezvoltare a filmelor cu buget limitat, va scoate la iveal\u0103 o nou\u0103 genera\u021bie de cinea\u0219ti talenta\u021bi ce \u00ee\u0219i doresc s\u0103 lucreze prin prisma unei produc\u021bii cinematografice [&hellip;]<\/p>\n","protected":false},"author":2,"featured_media":0,"parent":1885,"menu_order":4,"comment_status":"closed","ping_status":"closed","template":"side-navigation.php","meta":{"footnotes":""},"class_list":["post-2012","page","type-page","status-publish","hentry"],"jetpack_sharing_enabled":true,"_links":{"self":[{"href":"https:\/\/www.controln.ro\/asociatia-culturala\/wp-json\/wp\/v2\/pages\/2012","targetHints":{"allow":["GET"]}}],"collection":[{"href":"https:\/\/www.controln.ro\/asociatia-culturala\/wp-json\/wp\/v2\/pages"}],"about":[{"href":"https:\/\/www.controln.ro\/asociatia-culturala\/wp-json\/wp\/v2\/types\/page"}],"author":[{"embeddable":true,"href":"https:\/\/www.controln.ro\/asociatia-culturala\/wp-json\/wp\/v2\/users\/2"}],"replies":[{"embeddable":true,"href":"https:\/\/www.controln.ro\/asociatia-culturala\/wp-json\/wp\/v2\/comments?post=2012"}],"version-history":[{"count":3,"href":"https:\/\/www.controln.ro\/asociatia-culturala\/wp-json\/wp\/v2\/pages\/2012\/revisions"}],"predecessor-version":[{"id":2018,"href":"https:\/\/www.controln.ro\/asociatia-culturala\/wp-json\/wp\/v2\/pages\/2012\/revisions\/2018"}],"up":[{"embeddable":true,"href":"https:\/\/www.controln.ro\/asociatia-culturala\/wp-json\/wp\/v2\/pages\/1885"}],"wp:attachment":[{"href":"https:\/\/www.controln.ro\/asociatia-culturala\/wp-json\/wp\/v2\/media?parent=2012"}],"curies":[{"name":"wp","href":"https:\/\/api.w.org\/{rel}","templated":true}]}}