{"id":2052,"date":"2017-09-11T22:57:50","date_gmt":"2017-09-11T20:57:50","guid":{"rendered":"http:\/\/www.controln.ro\/asociatia-culturala\/?page_id=2052"},"modified":"2017-09-11T23:06:33","modified_gmt":"2017-09-11T21:06:33","slug":"inscrieri-dance-yourself","status":"publish","type":"page","link":"https:\/\/www.controln.ro\/asociatia-culturala\/workshop-uri\/dance-yourself\/inscrieri-dance-yourself\/","title":{"rendered":"\u00eenscrieri dance yourself"},"content":{"rendered":"<p><strong><a href=\"http:\/\/www.controln.ro\/asociatia-culturala\/wp-content\/uploads\/2017\/09\/visualOK_preview.jpg\"><img decoding=\"async\" class=\"alignright  wp-image-2048\" src=\"http:\/\/www.controln.ro\/asociatia-culturala\/wp-content\/uploads\/2017\/09\/visualOK_preview-731x1024.jpg\" alt=\"\" width=\"267\" height=\"374\" srcset=\"https:\/\/www.controln.ro\/asociatia-culturala\/wp-content\/uploads\/2017\/09\/visualOK_preview-731x1024.jpg 731w, https:\/\/www.controln.ro\/asociatia-culturala\/wp-content\/uploads\/2017\/09\/visualOK_preview-214x300.jpg 214w, https:\/\/www.controln.ro\/asociatia-culturala\/wp-content\/uploads\/2017\/09\/visualOK_preview-768x1075.jpg 768w, https:\/\/www.controln.ro\/asociatia-culturala\/wp-content\/uploads\/2017\/09\/visualOK_preview.jpg 1000w\" sizes=\"(max-width: 267px) 100vw, 267px\" \/><\/a>DANCE YOURSELF &#8211; ATELIER DE DANS CONTEMPORANT PENTRU ADOLESCEN\u021aI<\/strong><\/p>\n<p>To\u021bi cei interesa\u021bi se pot \u00eenscrie la adresa de email <a href=\"mailto:info@controln.ro\"><strong>info@controln.ro<\/strong><\/a> p\u00e2n\u0103 la data de <strong>1 octombrie 2017<\/strong> prin trimiterea unui mesaj cu subiectul \u201c\u00censcriere Dance Yourself\u201d care s\u0103 con\u021bin\u0103:<\/p>\n<ul>\n<li>Numele<\/li>\n<li>Num\u0103r de telefon<\/li>\n<li>V\u00e2rsta<\/li>\n<li>Liceul la care \u00eenve\u021bi<\/li>\n<li>Motivul sau motivele pentru care \u00ee\u021bi dore\u0219ti s\u0103 participi la Dance Yourself (maxim 1000 de semne)<\/li>\n<li>Men\u021biunea altor ateliere de gen la care ai mai participat (dac\u0103 e cazul)<\/li>\n<li>Orice alte informa\u021bii relevante legate de pasiunea ta pentru dans<\/li>\n<\/ul>\n","protected":false},"excerpt":{"rendered":"<p>DANCE YOURSELF &#8211; ATELIER DE DANS CONTEMPORANT PENTRU ADOLESCEN\u021aI To\u021bi cei interesa\u021bi se pot \u00eenscrie la adresa de email info@controln.ro p\u00e2n\u0103 la data de 1 octombrie 2017 prin trimiterea unui mesaj cu subiectul \u201c\u00censcriere Dance Yourself\u201d care s\u0103 con\u021bin\u0103: Numele [&hellip;]<\/p>\n","protected":false},"author":2,"featured_media":0,"parent":2045,"menu_order":0,"comment_status":"closed","ping_status":"closed","template":"side-navigation.php","meta":{"footnotes":""},"class_list":["post-2052","page","type-page","status-publish","hentry"],"jetpack_sharing_enabled":true,"_links":{"self":[{"href":"https:\/\/www.controln.ro\/asociatia-culturala\/wp-json\/wp\/v2\/pages\/2052","targetHints":{"allow":["GET"]}}],"collection":[{"href":"https:\/\/www.controln.ro\/asociatia-culturala\/wp-json\/wp\/v2\/pages"}],"about":[{"href":"https:\/\/www.controln.ro\/asociatia-culturala\/wp-json\/wp\/v2\/types\/page"}],"author":[{"embeddable":true,"href":"https:\/\/www.controln.ro\/asociatia-culturala\/wp-json\/wp\/v2\/users\/2"}],"replies":[{"embeddable":true,"href":"https:\/\/www.controln.ro\/asociatia-culturala\/wp-json\/wp\/v2\/comments?post=2052"}],"version-history":[{"count":6,"href":"https:\/\/www.controln.ro\/asociatia-culturala\/wp-json\/wp\/v2\/pages\/2052\/revisions"}],"predecessor-version":[{"id":2065,"href":"https:\/\/www.controln.ro\/asociatia-culturala\/wp-json\/wp\/v2\/pages\/2052\/revisions\/2065"}],"up":[{"embeddable":true,"href":"https:\/\/www.controln.ro\/asociatia-culturala\/wp-json\/wp\/v2\/pages\/2045"}],"wp:attachment":[{"href":"https:\/\/www.controln.ro\/asociatia-culturala\/wp-json\/wp\/v2\/media?parent=2052"}],"curies":[{"name":"wp","href":"https:\/\/api.w.org\/{rel}","templated":true}]}}