{"id":2058,"date":"2017-09-11T23:02:51","date_gmt":"2017-09-11T21:02:51","guid":{"rendered":"http:\/\/www.controln.ro\/asociatia-culturala\/?page_id=2058"},"modified":"2017-09-11T23:08:27","modified_gmt":"2017-09-11T21:08:27","slug":"trainer-dance-yourself","status":"publish","type":"page","link":"https:\/\/www.controln.ro\/asociatia-culturala\/workshop-uri\/dance-yourself\/trainer-dance-yourself\/","title":{"rendered":"trainer dance yourself"},"content":{"rendered":"<p><strong>TRAINER DANCE YOURSELF<a href=\"http:\/\/www.controln.ro\/asociatia-culturala\/wp-content\/uploads\/2017\/09\/visualOK_preview.jpg\"><img decoding=\"async\" class=\"alignright  wp-image-2048\" src=\"http:\/\/www.controln.ro\/asociatia-culturala\/wp-content\/uploads\/2017\/09\/visualOK_preview-731x1024.jpg\" alt=\"\" width=\"267\" height=\"374\" srcset=\"https:\/\/www.controln.ro\/asociatia-culturala\/wp-content\/uploads\/2017\/09\/visualOK_preview-731x1024.jpg 731w, https:\/\/www.controln.ro\/asociatia-culturala\/wp-content\/uploads\/2017\/09\/visualOK_preview-214x300.jpg 214w, https:\/\/www.controln.ro\/asociatia-culturala\/wp-content\/uploads\/2017\/09\/visualOK_preview-768x1075.jpg 768w, https:\/\/www.controln.ro\/asociatia-culturala\/wp-content\/uploads\/2017\/09\/visualOK_preview.jpg 1000w\" sizes=\"(max-width: 267px) 100vw, 267px\" \/><\/a><\/strong><\/p>\n<p><strong>Oana R\u0103suceanu<\/strong> a absolvit Universitatea Na\u0163ional\u0103 de Art\u0103 Teatral\u0103 \u015fi Cinematografic\u0103 \u201cI.L. Caragiale\u201d &#8211; Facultatea de Film, sec\u0163ia Comunicare audio-vizual\u0103 (scenaristic\u0103 \u015fi critic\u0103 de film) \u015fi S.N.S.P.A &#8211; Facultatea de Rela\u021bii Publice \u015fi Comunicare David Ogilvy \u00een 2006.<\/p>\n<p>A absolvit un master \u00een Art\u0103 Coregrafic\u0103 la UNATC \u00een 2007.<\/p>\n<p>A derulat o serie de proiecte \u00een zona teatrului \u0219i dansului, ca scenarist \/ dramaturg, regizor \u0219i coregraf, fiind \u00een continuare activ\u0103 \u00een aceste domenii. Printre spectacolele realizate de ea p\u00e2n\u0103 \u00een acest moment se afl\u0103 DORIAN (spectacol de dans contemporan, produs de Asocia\u021bia Cultural\u0103 Control N, co-finan\u021bat de AFCN \u0219i Ministerul Culturii prin programul Acces; selec\u021bionat \u00een cadrul Festivalului Na\u021bional de Teatru &#8211; FNT2017), Telefonul din col\u021bul str\u0103zii (dup\u0103 texte de Cristian Popescu \u2013 spectacol de teatru-dans integrat \u00een modulul educa\u021bional cu acela\u0219i titlu, implementat \u00een 6 licee din Bucure\u0219ti \u00een noiembrie 2015, cu sprijinul ArCub, parte din proiectul E\u0219ti Bucure\u0219ti!), Dear Diary (spectacol de master \u00een art\u0103 coregrafic\u0103, realizat cu sprijinul Teatrului Nottara din Bucure\u0219ti).<\/p>\n<p>\u00cen toamna anului 2016 Oana a demarat \u00een Bucure\u0219ti modulul educa\u021bional pentru copii &#8211; Carina pe drumul spre cas\u0103, compus din spectacolul de teatru cu acela\u0219i nume (scris \u0219i regizat de ea) \u0219i o serie de ateliere de teatru pentru copii. Spectacolul a fost preluat \u00een repertoriul teatrului Apollo111 la \u00eenceputul anului 2017 \u0219i a fost itinerat \u00een ora\u0219e precum Timi\u0219oara, Buz\u0103u, Constan\u021ba \u0219i Arad. Din toamna anului 2017, Carina pe drumul spre cas\u0103 se vede la Teatrul Odeon din Bucure\u0219ti \u0219i \u00ee\u0219i continu\u0103 traseul na\u021bional, \u00een diferite ora\u0219e \u0219i teatre.<\/p>\n<p>Spectacolul DORIAN, creat de Oana al\u0103turi de o echip\u0103 de arti\u0219ti din domenii precum film, arhitectur\u0103, muzic\u0103, poate fi v\u0103zut \u00een aceast\u0103 toamn\u0103 la Teatrul Odeon din Bucure\u0219ti \u0219i \u00een diferite ora\u0219e din \u021bar\u0103 precum Cluj (la Teatrul Maghiar de Stat), T\u00e2rgu Mure\u0219 (la Teatrul Na\u021bional din T\u00e2rgu Mure\u0219), Buz\u0103u (la Teatrul \u201eGeorge Ciprian\u201d), Tulcea (la Teatrul \u201eJean Bart\u201d) \u0219i Sibiu (la Teatrul GONG).<\/p>\n<p>\u00cencep\u00e2nd cu 2009, \u00een calitate de trainer, Oana a derulat o serie de ateliere de dans contemporan \u0219i scenaristic\u0103, dedicate adolescen\u021bilor. Din 2009 este membru-fondator, Pre\u0219edinte \u0219i trainer al Asocia\u021biei Culturale Control N.<\/p>\n<p>Oana este co-scenarist al scurt metrajelor \u201eS\u0103 mori de dragoste r\u0103nit\u0103\u201d, \u201cBun\u0103 Cristina! Pa Cristina!\u201d, \u201cVineri \u00een jur de 11\u201d, \u201cTabasco\u201d \u0219i \u201cSkugos\u201d, mediu metrajului \u201cCaptivi de Cr\u0103ciun\u201d \u0219i al lung metrajelor \u201cLove Buiding\u201d (locul 2 in Box Office 2013), \u201eAlt Love Building\u201d (2014) \u0219i \u201cBreaking News\u201d (premier\u0103 \u00een septembrie 2017).<\/p>\n","protected":false},"excerpt":{"rendered":"<p>TRAINER DANCE YOURSELF Oana R\u0103suceanu a absolvit Universitatea Na\u0163ional\u0103 de Art\u0103 Teatral\u0103 \u015fi Cinematografic\u0103 \u201cI.L. Caragiale\u201d &#8211; Facultatea de Film, sec\u0163ia Comunicare audio-vizual\u0103 (scenaristic\u0103 \u015fi critic\u0103 de film) \u015fi S.N.S.P.A &#8211; Facultatea de Rela\u021bii Publice \u015fi Comunicare David Ogilvy \u00een [&hellip;]<\/p>\n","protected":false},"author":2,"featured_media":0,"parent":2045,"menu_order":0,"comment_status":"closed","ping_status":"closed","template":"side-navigation.php","meta":{"footnotes":""},"class_list":["post-2058","page","type-page","status-publish","hentry"],"jetpack_sharing_enabled":true,"_links":{"self":[{"href":"https:\/\/www.controln.ro\/asociatia-culturala\/wp-json\/wp\/v2\/pages\/2058","targetHints":{"allow":["GET"]}}],"collection":[{"href":"https:\/\/www.controln.ro\/asociatia-culturala\/wp-json\/wp\/v2\/pages"}],"about":[{"href":"https:\/\/www.controln.ro\/asociatia-culturala\/wp-json\/wp\/v2\/types\/page"}],"author":[{"embeddable":true,"href":"https:\/\/www.controln.ro\/asociatia-culturala\/wp-json\/wp\/v2\/users\/2"}],"replies":[{"embeddable":true,"href":"https:\/\/www.controln.ro\/asociatia-culturala\/wp-json\/wp\/v2\/comments?post=2058"}],"version-history":[{"count":3,"href":"https:\/\/www.controln.ro\/asociatia-culturala\/wp-json\/wp\/v2\/pages\/2058\/revisions"}],"predecessor-version":[{"id":2066,"href":"https:\/\/www.controln.ro\/asociatia-culturala\/wp-json\/wp\/v2\/pages\/2058\/revisions\/2066"}],"up":[{"embeddable":true,"href":"https:\/\/www.controln.ro\/asociatia-culturala\/wp-json\/wp\/v2\/pages\/2045"}],"wp:attachment":[{"href":"https:\/\/www.controln.ro\/asociatia-culturala\/wp-json\/wp\/v2\/media?parent=2058"}],"curies":[{"name":"wp","href":"https:\/\/api.w.org\/{rel}","templated":true}]}}