{"id":2061,"date":"2017-09-11T23:04:49","date_gmt":"2017-09-11T21:04:49","guid":{"rendered":"http:\/\/www.controln.ro\/asociatia-culturala\/?page_id=2061"},"modified":"2017-09-11T23:07:45","modified_gmt":"2017-09-11T21:07:45","slug":"regulament-dance-yourself","status":"publish","type":"page","link":"https:\/\/www.controln.ro\/asociatia-culturala\/workshop-uri\/dance-yourself\/regulament-dance-yourself\/","title":{"rendered":"regulament dance yourself"},"content":{"rendered":"<p><strong>\u201cDance Yourself \u2013 atelier de dans contemporan pentru adolescen\u021bi\u201d<\/strong>este <a href=\"http:\/\/www.controln.ro\/asociatia-culturala\/wp-content\/uploads\/2017\/09\/visualOK_preview.jpg\"><img decoding=\"async\" class=\"alignright wp-image-2048\" src=\"http:\/\/www.controln.ro\/asociatia-culturala\/wp-content\/uploads\/2017\/09\/visualOK_preview-731x1024.jpg\" alt=\"\" width=\"267\" height=\"374\" srcset=\"https:\/\/www.controln.ro\/asociatia-culturala\/wp-content\/uploads\/2017\/09\/visualOK_preview-731x1024.jpg 731w, https:\/\/www.controln.ro\/asociatia-culturala\/wp-content\/uploads\/2017\/09\/visualOK_preview-214x300.jpg 214w, https:\/\/www.controln.ro\/asociatia-culturala\/wp-content\/uploads\/2017\/09\/visualOK_preview-768x1075.jpg 768w, https:\/\/www.controln.ro\/asociatia-culturala\/wp-content\/uploads\/2017\/09\/visualOK_preview.jpg 1000w\" sizes=\"(max-width: 267px) 100vw, 267px\" \/><\/a>un program de training \u00een sfera dansului contemporan, care cuprinde at\u00e2t o component\u0103 teoretic\u0103, c\u00e2t \u0219i una practic\u0103, fiind dedicat liceenilor din Bucure\u0219ti.<\/p>\n<p><strong>Dance Yourself <\/strong>este un proiect cultural finan\u021bat \u00een cadrul Programului cultural Bucure\u0219ti &#8211; Ora\u0219 Participativ.<\/p>\n<ol>\n<li>20 de adolescen\u021bi din Bucure\u0219ti, selec\u021biona\u021bi \u00een urma \u00eenscrierilor, vor participa la un training \u00een urma c\u0103ruia va rezulta 1 Performance de dans contemporan, creat de participan\u021bi al\u0103turi de trainer-ul atelierului.<\/li>\n<li>Dance Yourself Performance va avea un num\u0103r de 3 reprezenta\u021bii, ce vor fi dedicate publicului larg. Dance Yourself Performance va hi g\u0103zduit de 3 spa\u021bii culturale din Bucure\u0219ti: LINOTIP \u2013 Centru Coregrafic Independent, Centrul de teatru educa\u021bional REPLIKA \u0219i Make a Point.<\/li>\n<li>Pot participa la <strong>Dance Yourself <\/strong>adolescen\u021bi din Bucure\u0219ti cu v\u00e2rste cuprinse \u00eentre 15 \u0219i 18 ani.<\/li>\n<li>Prima etap\u0103 a proiectului include \u00eenscrierile tuturor celor interesa\u021bi la adresa de email <a href=\"mailto:info@controln.ro\">info@controln.ro<\/a>, p\u00e2n\u0103 la data de 1 octombrie 2017.<\/li>\n<li>\u00censcrierile au loc \u00een perioada 12 septembrie \u2013 1 octombrie.<\/li>\n<li>To\u021bi cei interesa\u021bi s\u0103 participe trebuie s\u0103 trimit\u0103 un email care s\u0103 con\u021bin\u0103 Numele \/ V\u00e2rsta \/ Contactul \/ detalii despre motivele pentru care \u00ee\u0219i doresc s\u0103 ia parte la atelier \/ orice alte detalii pe care le consider\u0103 relevante pentru pasiunea lor legat\u0103 de dans contemporan.<\/li>\n<li>Cei 20 de tineri selec\u021biona\u021bi vor participa la etapa urm\u0103toare a proiectului, atelierul de dans contemporan, unde o vor avea ca trainer pe Oana R\u0103suceanu \u2013 scenarist \u0219i coregraf.<\/li>\n<li>Atelierul de dans contemporan Dance Yourself, edi\u021bia 1, se va desf\u0103\u0219ura la LINOTIP, \u00een perioada 9 \u2013 15 octombrie , 2017.<\/li>\n<li>Nu exist\u0103 tax\u0103 de participare la proiect.<\/li>\n<li>\u00cen urma selec\u021biei, participan\u021bii cu v\u00e2rste sub 18 ani trebuie s\u0103 pun\u0103 la dispozi\u021bia organizatorilor o declara\u021bie semnat\u0103 de p\u0103rin\u021bi prin care ace\u0219tia \u00ee\u0219i dau acordul ca minorul selec\u021bionat s\u0103 participe la atelierul de dans contemporan Dance Yourself.<\/li>\n<\/ol>\n","protected":false},"excerpt":{"rendered":"<p>\u201cDance Yourself \u2013 atelier de dans contemporan pentru adolescen\u021bi\u201deste un program de training \u00een sfera dansului contemporan, care cuprinde at\u00e2t o component\u0103 teoretic\u0103, c\u00e2t \u0219i una practic\u0103, fiind dedicat liceenilor din Bucure\u0219ti. Dance Yourself este un proiect cultural finan\u021bat \u00een [&hellip;]<\/p>\n","protected":false},"author":2,"featured_media":0,"parent":2045,"menu_order":0,"comment_status":"closed","ping_status":"closed","template":"side-navigation.php","meta":{"footnotes":""},"class_list":["post-2061","page","type-page","status-publish","hentry"],"jetpack_sharing_enabled":true,"_links":{"self":[{"href":"https:\/\/www.controln.ro\/asociatia-culturala\/wp-json\/wp\/v2\/pages\/2061","targetHints":{"allow":["GET"]}}],"collection":[{"href":"https:\/\/www.controln.ro\/asociatia-culturala\/wp-json\/wp\/v2\/pages"}],"about":[{"href":"https:\/\/www.controln.ro\/asociatia-culturala\/wp-json\/wp\/v2\/types\/page"}],"author":[{"embeddable":true,"href":"https:\/\/www.controln.ro\/asociatia-culturala\/wp-json\/wp\/v2\/users\/2"}],"replies":[{"embeddable":true,"href":"https:\/\/www.controln.ro\/asociatia-culturala\/wp-json\/wp\/v2\/comments?post=2061"}],"version-history":[{"count":3,"href":"https:\/\/www.controln.ro\/asociatia-culturala\/wp-json\/wp\/v2\/pages\/2061\/revisions"}],"predecessor-version":[{"id":2064,"href":"https:\/\/www.controln.ro\/asociatia-culturala\/wp-json\/wp\/v2\/pages\/2061\/revisions\/2064"}],"up":[{"embeddable":true,"href":"https:\/\/www.controln.ro\/asociatia-culturala\/wp-json\/wp\/v2\/pages\/2045"}],"wp:attachment":[{"href":"https:\/\/www.controln.ro\/asociatia-culturala\/wp-json\/wp\/v2\/media?parent=2061"}],"curies":[{"name":"wp","href":"https:\/\/api.w.org\/{rel}","templated":true}]}}