{"id":2095,"date":"2017-09-26T10:30:58","date_gmt":"2017-09-26T08:30:58","guid":{"rendered":"http:\/\/www.controln.ro\/asociatia-culturala\/?page_id=2095"},"modified":"2018-08-31T10:14:47","modified_gmt":"2018-08-31T08:14:47","slug":"despre-expozitie","status":"publish","type":"page","link":"https:\/\/www.controln.ro\/asociatia-culturala\/expozitii\/disco-btt\/despre-expozitie\/","title":{"rendered":"despre expozi\u021bie"},"content":{"rendered":"<p>\u00cencep\u00e2nd cu 1968, odat\u0103 cu \u00eenfiin\u021barea BTT \u2013 Biroul de Turism pentru Tineret &#8211; distrac\u021bia tinerilor era reglementat\u0103 de Partidul Comunist Rom\u00e2n. BTT facilita organizarea vacan\u0163elor pentru tineri \u00een complexuri hoteliere din principalele sta\u0163iuni de la munte \u015fi de pe litoral.<\/p>\n<p>Ini\u0163iativele BTT au atins \u015fi zona de <i>entertainment<\/i>, prin \u00eenfiin\u0163area mai multor discoteci, locuri destinate exclusiv dansului. \u00cen afara discotecilor BTT, \u00een Rom\u00e2nia comunist\u0103 existau discotecile IAPIT (Intreprinderea de Agrement \u0219i Produc\u021bie Industrial\u0103 pentru Turism), discotecile studen\u021be\u0219ti \u0219i discotecile pe valut\u0103. Aceste locuri au fost, timp de 30 de ani, singurul liant \u00eentre muzica ce se asculta \u00een afara blocului comunist \u015fi tinerii avizi de ea.<\/p>\n<p><strong>Expozi\u021bia Multimedia DISCO BTT \u2013 DISCOTECILE COMUNISTE \u00ee\u0219i propune s\u0103 recreeze acea perioad\u0103.<\/strong><\/p>\n<p><a href=\"http:\/\/www.controln.ro\/asociatia-culturala\/wp-content\/uploads\/2018\/08\/7.jpg\"><img decoding=\"async\" class=\"size-large wp-image-2251 alignleft\" src=\"http:\/\/www.controln.ro\/asociatia-culturala\/wp-content\/uploads\/2018\/08\/7-1024x576.jpg\" alt=\"\" width=\"669\" height=\"376\" srcset=\"https:\/\/www.controln.ro\/asociatia-culturala\/wp-content\/uploads\/2018\/08\/7-1024x576.jpg 1024w, https:\/\/www.controln.ro\/asociatia-culturala\/wp-content\/uploads\/2018\/08\/7-300x169.jpg 300w, https:\/\/www.controln.ro\/asociatia-culturala\/wp-content\/uploads\/2018\/08\/7-768x432.jpg 768w, https:\/\/www.controln.ro\/asociatia-culturala\/wp-content\/uploads\/2018\/08\/7.jpg 1200w\" sizes=\"(max-width: 669px) 100vw, 669px\" \/><\/a><\/p>\n<p>&nbsp;<\/p>\n<p>Expozi\u0163ia \u00ee\u015fi propune s\u0103 redea, cu ajutorul unor multiple mijloace vizuale, o parte din istoria recent\u0103 a Rom\u00e2niei, despre care nu exist\u0103 \u00een prezent o documenta\u0163ie foarte clar\u0103, ea r\u0103m\u00e2n\u00e2nd doar \u00een memoria genera\u0163iilor care au tr\u0103it-o.<\/p>\n<p>Expozi\u0163ia este o crea\u0163ie artistic\u0103 original\u0103, inspirat\u0103 din elementele acelor vremuri, ce \u00ee\u015fi propune s\u0103 poarte vizitatorul prin diverse spa\u0163ii neconven\u0163ionale. Expozi\u0163ia con\u0163ine at\u00e2t exponate reale din perioada respectiv\u0103, precum \u015fi fragmente din atmosfera care le \u00eenso\u0163ea, folosind mijloace vizuale diverse: proiec\u0163ie foto-video, muzic\u0103, instala\u0163ii.<\/p>\n<p>Recrearea unei discoteci din anii \u201880 sub c\u00e2t mai multe aspecte se face \u00een cadrul acestei expozi\u0163ii prin imaginarea unui traseu senzorial prin mai multe camere, concepute fiecare pe baza unei realit\u0103\u021bi din acele vremuri.<\/p>\n<p>Spa\u0163iul expozi\u021bional e format din 7 \u00eenc\u0103peri pe care vizitatorul le parcurge, ghidat scenografic. Fiecare \u00eenc\u0103p\u0103re reprezint\u0103 un capitol important \u00een formarea unei imagini de ansamblu asupra a ceea ce a \u00eensemnat aceast\u0103 perioad\u0103 din istoria comunist\u0103, cu toate implica\u0163iile ei socio-culturale.<\/p>\n<p>Nu exist\u0103 ghid, vizit\u0103 e individual\u0103, nu se formeaz\u0103 grupuri de vizitatori, fiecare put\u00e2nd z\u0103bovi oric\u00e2t \u00een oricare dintre \u00eenc\u0103peri. Vizita reprezint\u0103 o experien\u0163\u0103 \u00een primul r\u00e2nd senzorial\u0103, fiecare dintre \u00eenc\u0103peri trezind \u00een vizitator emo\u0163ii precum entuziasm, amuzament, energie, triste\u0163e, nostalgie.<\/p>\n<p>Expozi\u0163ia e construit\u0103 cu ajutorul diverselor elemente audio-vizuale, combinate pentru a reda o emo\u0163ie concret\u0103: muzic\u0103, proiec\u0163ii video, fotografii, decor, obiecte de recuzit\u0103, tip\u0103rituri, interviuri.<\/p>\n<p>Experien\u0163a complet\u0103 a vizit\u0103rii expozi\u0163iei se aseam\u0103n\u0103 cu participarea \u00eentr-un film interactiv, construit din elemente concrete, organizate de multe ori abstract, sub form\u0103 de concept.<\/p>\n<p><strong>Expozi\u0163ia spune povestea unei lumi uitate, pe care fiecare dintre vizitatori e invitat s\u0103 o descopere (sau re-descopere), emo\u0163ional, senzorial \u015fi foarte subiectiv. <\/strong><\/p>\n<p>Expozitia Multimedia DISCO BTT \u2013 Discotecile Perioadei Comuniste este co-finan\u021bat de <strong>Administra\u021bia Fondului Cultural Na\u021bional,<\/strong>\u00a0bucur\u00e2ndu-se de sprijinul <a href=\"http:\/\/bere-azuga.ro\/age-gate\">AZUGA<\/a>\u00a0\u0219i de parteneriatul cu\u00a0<a href=\"https:\/\/www.facebook.com\/discROteca\/\">Discotec\u0103<\/a>, <a href=\"https:\/\/www.iiccr.ro\/\">Institutul de Investigare a Crimelor Comunismului \u0219i Memoria Exilului Rom\u00e2nesc<\/a>,\u00a0<a href=\"https:\/\/www.facebook.com\/thelightdesign\/\">The Light Design<\/a>\u00a0<a href=\"http:\/\/www.111film.ro\">111 Film<\/a>,\u00a0<a href=\"http:\/\/www.wearebasca.ro\/\">Wearebasca<\/a>,\u00a0<a href=\"http:\/\/www.fives.ro\/en\">Five&#8217;s<\/a>, &#8220;Suntem Rom\u00e2nia!&#8221;.<\/p>\n<p><em>Proiectul nu reprezint\u0103 \u00een mod necesar pozi\u0163ia Administra\u021biei Fondului Cultural Na\u021bional. AFCN nu este responsabil\u0103 de con\u021binutul proiectului sau de modul \u00een care rezultatele proiectului pot fi folosite. Acestea sunt \u00een \u00eentregime responsabilitea beneficiarului fina\u021b\u0103rii.<\/em><\/p>\n","protected":false},"excerpt":{"rendered":"<p>\u00cencep\u00e2nd cu 1968, odat\u0103 cu \u00eenfiin\u021barea BTT \u2013 Biroul de Turism pentru Tineret &#8211; distrac\u021bia tinerilor era reglementat\u0103 de Partidul Comunist Rom\u00e2n. BTT facilita organizarea vacan\u0163elor pentru tineri \u00een complexuri hoteliere din principalele sta\u0163iuni de la munte \u015fi de pe [&hellip;]<\/p>\n","protected":false},"author":2,"featured_media":0,"parent":2091,"menu_order":0,"comment_status":"closed","ping_status":"closed","template":"side-navigation.php","meta":{"footnotes":""},"class_list":["post-2095","page","type-page","status-publish","hentry"],"jetpack_sharing_enabled":true,"_links":{"self":[{"href":"https:\/\/www.controln.ro\/asociatia-culturala\/wp-json\/wp\/v2\/pages\/2095","targetHints":{"allow":["GET"]}}],"collection":[{"href":"https:\/\/www.controln.ro\/asociatia-culturala\/wp-json\/wp\/v2\/pages"}],"about":[{"href":"https:\/\/www.controln.ro\/asociatia-culturala\/wp-json\/wp\/v2\/types\/page"}],"author":[{"embeddable":true,"href":"https:\/\/www.controln.ro\/asociatia-culturala\/wp-json\/wp\/v2\/users\/2"}],"replies":[{"embeddable":true,"href":"https:\/\/www.controln.ro\/asociatia-culturala\/wp-json\/wp\/v2\/comments?post=2095"}],"version-history":[{"count":9,"href":"https:\/\/www.controln.ro\/asociatia-culturala\/wp-json\/wp\/v2\/pages\/2095\/revisions"}],"predecessor-version":[{"id":2252,"href":"https:\/\/www.controln.ro\/asociatia-culturala\/wp-json\/wp\/v2\/pages\/2095\/revisions\/2252"}],"up":[{"embeddable":true,"href":"https:\/\/www.controln.ro\/asociatia-culturala\/wp-json\/wp\/v2\/pages\/2091"}],"wp:attachment":[{"href":"https:\/\/www.controln.ro\/asociatia-culturala\/wp-json\/wp\/v2\/media?parent=2095"}],"curies":[{"name":"wp","href":"https:\/\/api.w.org\/{rel}","templated":true}]}}