{"id":2107,"date":"2017-09-26T10:43:06","date_gmt":"2017-09-26T08:43:06","guid":{"rendered":"http:\/\/www.controln.ro\/asociatia-culturala\/?page_id=2107"},"modified":"2018-08-31T10:27:20","modified_gmt":"2018-08-31T08:27:20","slug":"program-de-vizitare","status":"publish","type":"page","link":"https:\/\/www.controln.ro\/asociatia-culturala\/expozitii\/disco-btt\/program-de-vizitare\/","title":{"rendered":"program de vizitare"},"content":{"rendered":"<p>Dup\u0103 o prim\u0103 edi\u021bie de succes organizat\u0103 \u00een Bucure\u0219ti, la Palatul \u0218tirbei, \u00een toamna anului 2017, expozi\u021bia DISCO BTT poate fi vizitat\u0103 la <strong>Cluj-Napoca<\/strong>, \u00een perioada <strong>27 octombrie &#8211; 3 noiembrie 2018<\/strong> \u00een loca\u021bia situat\u0103 \u00een <strong>Pia\u021ba \u0218tefan cel Mare nr. 18<\/strong>.<\/p>\n<p>16,00 \u2013 20,00<strong> \u2013 <\/strong>luni \u2013 joi<br \/>\n16,00 \u2013 22,00 \u2013\u00a0vineri &#8211; duminic\u0103<\/p>\n<p>* Programul de vizitare \u00eencearc\u0103 s\u0103 imite orarul de func\u021bionare al discotecilor din perioada comunist\u0103.\u00a0<strong>Intrarea este liber\u0103.<\/strong><\/p>\n<p><a href=\"http:\/\/www.controln.ro\/asociatia-culturala\/wp-content\/uploads\/2018\/08\/CLUJ_panou_intrare.jpg\"><img decoding=\"async\" class=\"size-large wp-image-2257 aligncenter\" src=\"http:\/\/www.controln.ro\/asociatia-culturala\/wp-content\/uploads\/2018\/08\/CLUJ_panou_intrare-1024x508.jpg\" alt=\"\" width=\"669\" height=\"332\" srcset=\"https:\/\/www.controln.ro\/asociatia-culturala\/wp-content\/uploads\/2018\/08\/CLUJ_panou_intrare-1024x508.jpg 1024w, https:\/\/www.controln.ro\/asociatia-culturala\/wp-content\/uploads\/2018\/08\/CLUJ_panou_intrare-300x149.jpg 300w, https:\/\/www.controln.ro\/asociatia-culturala\/wp-content\/uploads\/2018\/08\/CLUJ_panou_intrare-768x381.jpg 768w\" sizes=\"(max-width: 669px) 100vw, 669px\" \/><\/a><\/p>\n","protected":false},"excerpt":{"rendered":"<p>Dup\u0103 o prim\u0103 edi\u021bie de succes organizat\u0103 \u00een Bucure\u0219ti, la Palatul \u0218tirbei, \u00een toamna anului 2017, expozi\u021bia DISCO BTT poate fi vizitat\u0103 la Cluj-Napoca, \u00een perioada 27 octombrie &#8211; 3 noiembrie 2018 \u00een loca\u021bia situat\u0103 \u00een Pia\u021ba \u0218tefan cel Mare [&hellip;]<\/p>\n","protected":false},"author":2,"featured_media":0,"parent":2091,"menu_order":0,"comment_status":"closed","ping_status":"closed","template":"side-navigation.php","meta":{"footnotes":""},"class_list":["post-2107","page","type-page","status-publish","hentry"],"jetpack_sharing_enabled":true,"_links":{"self":[{"href":"https:\/\/www.controln.ro\/asociatia-culturala\/wp-json\/wp\/v2\/pages\/2107","targetHints":{"allow":["GET"]}}],"collection":[{"href":"https:\/\/www.controln.ro\/asociatia-culturala\/wp-json\/wp\/v2\/pages"}],"about":[{"href":"https:\/\/www.controln.ro\/asociatia-culturala\/wp-json\/wp\/v2\/types\/page"}],"author":[{"embeddable":true,"href":"https:\/\/www.controln.ro\/asociatia-culturala\/wp-json\/wp\/v2\/users\/2"}],"replies":[{"embeddable":true,"href":"https:\/\/www.controln.ro\/asociatia-culturala\/wp-json\/wp\/v2\/comments?post=2107"}],"version-history":[{"count":5,"href":"https:\/\/www.controln.ro\/asociatia-culturala\/wp-json\/wp\/v2\/pages\/2107\/revisions"}],"predecessor-version":[{"id":2258,"href":"https:\/\/www.controln.ro\/asociatia-culturala\/wp-json\/wp\/v2\/pages\/2107\/revisions\/2258"}],"up":[{"embeddable":true,"href":"https:\/\/www.controln.ro\/asociatia-culturala\/wp-json\/wp\/v2\/pages\/2091"}],"wp:attachment":[{"href":"https:\/\/www.controln.ro\/asociatia-culturala\/wp-json\/wp\/v2\/media?parent=2107"}],"curies":[{"name":"wp","href":"https:\/\/api.w.org\/{rel}","templated":true}]}}