{"id":2283,"date":"2018-09-25T21:34:07","date_gmt":"2018-09-25T19:34:07","guid":{"rendered":"http:\/\/www.controln.ro\/asociatia-culturala\/?page_id=2283"},"modified":"2018-09-25T21:34:07","modified_gmt":"2018-09-25T19:34:07","slug":"neverland","status":"publish","type":"page","link":"https:\/\/www.controln.ro\/asociatia-culturala\/spectacole\/neverland\/","title":{"rendered":"neverland"},"content":{"rendered":"<p><a href=\"http:\/\/www.controln.ro\/asociatia-culturala\/wp-content\/uploads\/2018\/09\/poster_neverland_web.jpg\"><img decoding=\"async\" class=\" wp-image-2285 aligncenter\" src=\"http:\/\/www.controln.ro\/asociatia-culturala\/wp-content\/uploads\/2018\/09\/poster_neverland_web-717x1024.jpg\" alt=\"\" width=\"486\" height=\"694\" srcset=\"https:\/\/www.controln.ro\/asociatia-culturala\/wp-content\/uploads\/2018\/09\/poster_neverland_web-717x1024.jpg 717w, https:\/\/www.controln.ro\/asociatia-culturala\/wp-content\/uploads\/2018\/09\/poster_neverland_web-210x300.jpg 210w, https:\/\/www.controln.ro\/asociatia-culturala\/wp-content\/uploads\/2018\/09\/poster_neverland_web-768x1097.jpg 768w, https:\/\/www.controln.ro\/asociatia-culturala\/wp-content\/uploads\/2018\/09\/poster_neverland_web.jpg 1000w\" sizes=\"(max-width: 486px) 100vw, 486px\" \/><\/a><\/p>\n<p>Spectacolul multimedia <strong>NEVERLAND<\/strong>, \u00een regia <strong>Iuliei Rugin\u0103<\/strong>, un one woman show cu actri\u021ba <strong>Ioana Flora<\/strong>, va avea premiera pe <strong>16 octombrie<\/strong>, la <strong>Apollo 111 Teatrul<\/strong>. Premiera va fi urmat\u0103 de alte 5 reprezenta\u021bii, dou\u0103 \u00een luna octombrie \u0219i trei \u00een noiembrie.<\/p>\n<p>Produs de Asocia\u021bia Cultural\u0103 Control N \u0219i co-finan\u021bat de Administra\u021bia Fondului Cultural Na\u021bional, <strong>NEVERLAND <\/strong>este construit \u00een jurul unui singur personaj \u0219i folose\u0219te diverse mijloace de expresie: text, dans, proiec\u021bie video, muzic\u0103 live. Scenariul urm\u0103re\u0219te via\u021ba unei femei de la 16 la 42 de ani, prin prezentarea unor momente distincte din evolu\u021bia ei, pe tot parcursul celor 26 de ani, \u00eentre 1992 \u0219i 2018. E o privire pe furi\u0219 \u00een intimitatea unei femei, ce \u00eei scoate la iveal\u0103 traseul emo\u021bional pe parcursul vie\u021bii, vulnerabilitatea, fricile, iubirile, raportarea la locul din care provine \u0219i o dorin\u021b\u0103 de evadare, cronicizat\u0103 \u00een timp.<\/p>\n<p><strong>NEVERLAND<\/strong> pune lupa pe unul dintre cele mai discutate fenomene antropologice la nivel mondial, a\u0219a numita genera\u021bie Peter Pan. De\u0219i mai pu\u021bin resim\u021bit \u00een societatea rom\u00e2neasc\u0103, oarecum tradi\u021bionalist\u0103, genera\u021bia Peter Pan se refer\u0103 la acea categorie de v\u00e2rst\u0103 care, potrivit studiilor recente, refuz\u0103 s\u0103 \u00ee\u0219i asume normele sociale ce caracterizeaz\u0103 de multe ori via\u021ba adult\u0103 \u00een societ\u0103\u021bile dezvoltate economic, ajung\u00e2nd la v\u00e2rste de 30-40 de ani f\u0103r\u0103 s\u0103 fi bifat realiz\u0103ri precum c\u0103s\u0103toria, un job stabil, copii, o cas\u0103 sau posesiuni materiale importante.<\/p>\n<p>Extrem de ancorat \u00een realitatea social\u0103 a Rom\u00e2niei prezente, spectacolul propune \u0219i o dezbatere antropologic\u0103 privind rolul femeii \u00een societatea rom\u00e2neasc\u0103 post comunist\u0103.<\/p>\n<p>La nivel de form\u0103, spectacolul \u00eemprumut\u0103 foarte multe elemente din cinema. Regizor \u0219i scenarist exclusiv de film p\u00e2n\u0103 la NEVERLAND, Iulia Rugin\u0103 recunoa\u0219te c\u0103 \u201ce un teritoriu total necunoscut pentru mine \u0219i acesta e motivul pentru care m\u0103 feresc s\u0103 spun c\u0103 NEVERLAND e o pies\u0103 de teatru. NEVERLAND e un performance multimedia, g\u00e2ndit \u0219i pus \u00een aplicare de o echip\u0103 \u00eentreag\u0103 care provine din film, dup\u0103 o poveste original\u0103, care e scris\u0103 asemenea unui scenariu de cinema \u0219i care vorbeste, cred eu, despre genera\u021bia mea \u0219i a Ioanei \u2013 a celor care sunt acum <em>in their 30s \u2013 40s<\/em>. E genera\u021bia care \u00een adolescen\u021b\u0103 vorbea la telefon cu disc \u0219i se uita la video. NEVERLAND e de fapt o reamintire a ceea ce eu cred c\u0103 e o via\u021b\u0103 comun\u0103. Este, de fapt, un film care se \u00eent\u00e2mpl\u0103 pe scen\u0103, pentru c\u0103 toate elementele de nara\u021biune \u0219i de limbaj provin din film, nu din teatru (textul, tipul de joc, realismul, proiec\u021biile video, sound design-ul). E un perfomance multimedia cu mai mul\u021bi actori, dar \u00een care joac\u0103 doar unul.\u201d<\/p>\n<p>La r\u00e2ndul s\u0103u, actri\u021ba Ioana Flora, protagonista spectacolului, spune c\u0103 \u201cNEVERLAND s-a n\u0103scut dintr-o admira\u021bie profesional\u0103 reciproc\u0103, apoi din nevoia de exprima cumva acelea\u0219i g\u00e2nduri \u0219i viziuni. Am pornit la drum de la o idee, evit\u00e2nd s\u0103 avem un text livrat, gata scris. Am construit acest spectatol de la punctul zero. Textul s-a n\u0103scut din discu\u021bii, fi\u0219e de personaje, leg\u0103turi \u00eentre ele, improviza\u021bie, multe pove\u0219ti \u0219i \u00eent\u00e2mpl\u0103ri de care ne aduceam aminte, pentru a deveni, \u00eencet, \u00eencet, povestea unui om care nu \u00ee\u0219i g\u0103se\u0219te locul.\u201d<\/p>\n<p><strong>Iulia Rugin\u0103<\/strong> este regizor de film (Breaking News, 2017, Alt love Building, 2015, S\u0103 mori din dragoste r\u0103nit\u0103, 2014, Love Building, 2013, Captivi de Cr\u0103ciun, 2010) \u0219i acesta e primul spectacol de teatru pe care-l monteaz\u0103.<\/p>\n<p><strong>Ioana Flora<\/strong> este o actri\u021b\u0103 cu portofoliu extins \u00een film (Marfa \u0219i banii, 2001, Pescuit Sportiv, 2009, Periferic, 2010, Domestic, 2012, Acas\u0103 la tata, 2015), dar \u0219i \u00een teatru.<\/p>\n<p>Iulia \u0219i Ioana au mai lucrat \u00eempreun\u0103 \u0219i pentru cel mai recent lungmetraj semnat de Iulia Rugin\u0103, <strong>Breaking News<\/strong> (2017).<\/p>\n<p>Dup\u0103 premiera de pe 16 octombrie, spectacolul NEVERLAND va putea fi vizionat la Apollo 111 Teatrul \u00een datele de 16, 18, 19 octombrie \u0219i pe 9,10, 13 noiembrie 2018.<\/p>\n<p>***<\/p>\n<p><strong>Echipa NEVERLAND:<\/strong><\/p>\n<p>Actri\u021b\u0103: Ioana Flora<br \/>\nConcept: Iulia Rugin\u0103, Ioana Flora<br \/>\nScenariu \u0219i regie: Iulia Rugin\u0103<br \/>\nScenografie: Andreea Popa<br \/>\nConstruc\u021bie decor: Marius B\u0103rd\u0103\u0219an, Cristian B\u0103rd\u0103\u0219an, Bianca Micu<br \/>\nCostume: Laura H\u00eencu<br \/>\nLight design scen\u0103: Alin Popa<br \/>\nLight design video: Mi\u0219u Ionescu<br \/>\nProiec\u021bie video: Viorel Petric, Iulia Rugina<br \/>\nSound design: Dumitru Alexandru<br \/>\nCoregrafie: Oana R\u0103suceanu<br \/>\nProduc\u0103tor: Asocia\u021bia Cultural\u0103 Control N<br \/>\nPromovare \u0219i PR: Oana Dobre<br \/>\nIdentitate vizual\u0103: Glitch Shop<br \/>\nRoluri adi\u021bionale: Alina Grigore, Eduard Haris<br \/>\nVoci adi\u021bionale: Ion Rusu, Floriela Grapini, Eugen Matei Lumezianu, Dumitru Alexandru<\/p>\n<p>***<\/p>\n<p>Proiect cultural co-finan\u0163at de <strong>Administra\u0163ia Fondului Cultural Na\u0163ional<\/strong><em>*<\/em><\/p>\n<p>*Proiectul nu reprezint\u0103 \u00een mod necesar pozi\u0163ia Administra\u021biei Fondului Cultural Na\u021bional. AFCN nu este responsabil\u0103 de con\u021binutul proiectului sau de modul \u00een care rezultatele proiectului pot fi folosite. Acestea sunt \u00een \u00eentregime responsabilitea beneficiarului fina\u021b\u0103rii.<\/p>\n","protected":false},"excerpt":{"rendered":"<p>Spectacolul multimedia NEVERLAND, \u00een regia Iuliei Rugin\u0103, un one woman show cu actri\u021ba Ioana Flora, va avea premiera pe 16 octombrie, la Apollo 111 Teatrul. Premiera va fi urmat\u0103 de alte 5 reprezenta\u021bii, dou\u0103 \u00een luna octombrie \u0219i trei \u00een [&hellip;]<\/p>\n","protected":false},"author":2,"featured_media":0,"parent":1419,"menu_order":0,"comment_status":"closed","ping_status":"closed","template":"side-navigation.php","meta":{"footnotes":""},"class_list":["post-2283","page","type-page","status-publish","hentry"],"jetpack_sharing_enabled":true,"_links":{"self":[{"href":"https:\/\/www.controln.ro\/asociatia-culturala\/wp-json\/wp\/v2\/pages\/2283","targetHints":{"allow":["GET"]}}],"collection":[{"href":"https:\/\/www.controln.ro\/asociatia-culturala\/wp-json\/wp\/v2\/pages"}],"about":[{"href":"https:\/\/www.controln.ro\/asociatia-culturala\/wp-json\/wp\/v2\/types\/page"}],"author":[{"embeddable":true,"href":"https:\/\/www.controln.ro\/asociatia-culturala\/wp-json\/wp\/v2\/users\/2"}],"replies":[{"embeddable":true,"href":"https:\/\/www.controln.ro\/asociatia-culturala\/wp-json\/wp\/v2\/comments?post=2283"}],"version-history":[{"count":2,"href":"https:\/\/www.controln.ro\/asociatia-culturala\/wp-json\/wp\/v2\/pages\/2283\/revisions"}],"predecessor-version":[{"id":2286,"href":"https:\/\/www.controln.ro\/asociatia-culturala\/wp-json\/wp\/v2\/pages\/2283\/revisions\/2286"}],"up":[{"embeddable":true,"href":"https:\/\/www.controln.ro\/asociatia-culturala\/wp-json\/wp\/v2\/pages\/1419"}],"wp:attachment":[{"href":"https:\/\/www.controln.ro\/asociatia-culturala\/wp-json\/wp\/v2\/media?parent=2283"}],"curies":[{"name":"wp","href":"https:\/\/api.w.org\/{rel}","templated":true}]}}