{"id":2310,"date":"2018-10-03T23:42:50","date_gmt":"2018-10-03T21:42:50","guid":{"rendered":"http:\/\/www.controln.ro\/asociatia-culturala\/?page_id=2310"},"modified":"2018-10-08T18:41:23","modified_gmt":"2018-10-08T16:41:23","slug":"cine-a-fost-costica-acsinte","status":"publish","type":"page","link":"https:\/\/www.controln.ro\/asociatia-culturala\/expozitii\/acsinte-100\/cine-a-fost-costica-acsinte\/","title":{"rendered":"cine a fost costic\u0103 acsinte?"},"content":{"rendered":"<p><strong>CINE A FOST COSTIC\u0102 ACSINTE?<\/strong><\/p>\n<p>Constantin C. Axinte s-a n\u0103scut pe 4 iulie 1897 \u00een comuna Perie\u021bi din jude\u021bul Ialomi\u021ba fiind al doilea din cei \u0219apte copii ai lui Costache \u0219i Maria.<\/p>\n<p>La v\u00e2rsta de 18 ani a absolvit \u0218coala de Pilotaj de la Cotroceni, \u00een Bucure\u0219ti, dar f\u0103r\u0103 a ob\u021bine licen\u021ba de pilot. \u00cen 1913 Rom\u00e2nia avea doar 20 de pilo\u021bi licen\u021bia\u021bi.<\/p>\n<p>Odat\u0103 cu \u00eenceperea Primului R\u0103zboi Mondial, Costic\u0103 Acsinte se \u00eenroleaz\u0103 voluntar ca fotograf de r\u0103zboi, develop\u00e2nd at\u00e2t fotografiile sale, c\u00e2t \u0219i pe cele ale pilo\u021bilor \u0219i observatorilor aerieni rom\u00e2ni, francezi \u0219i ru\u0219i din grupurile 1 \u0219i 3 Avia\u021bie. A f\u0103cut parte din Sec\u021bia Foto a Escadrilei 1 Avia\u021bie.<\/p>\n<p>A fost demobilizat pe data de 15 iunie 1920 cu gradul de sergent.<\/p>\n<p>Dup\u0103 retragerea din armat\u0103 a revenit \u00een Slobozia unde \u015fi-a deschis propriul studio pe care l-a denumit \u201eFoto Splendid\u201c.<\/p>\n<p>\u00cen iunie 1920, cu titlul \u201eAlbum. Grupul 3 Aeronautic. Fotografii din R\u0103zboiul Mondial anii 1916-1917-1918-1919. Sergent fotograf, Acsinte Constantin\u201c, publica un album ce con\u021binea 84 de pagini \u0219i 327 de fotografii de pe front, majoritatea fiind \u00eenso\u021bite de o scurt\u0103 descriere dactilografiat\u0103. Printre cei fotografia\u021bi se reg\u0103sesc Regele Ferdinand, Regina Maria, Pin\u021bul Carol, Generalul Eremia Grigorescu, Generalul Berthelot \u0219i mul\u021bi solda\u021bi \u0219i ofi\u021beri.<\/p>\n<p>\u00cen 1930 a deschis un studio foto \u00een centrul ora\u0219ului Slobozia numit \u201eFoto Splendid Acsinte\u201c unde a f\u0103cut mii de fotografii folosind pl\u0103ci de sticl\u0103 pentru ca ulterior s\u0103 treac\u0103 pe planfilm \u0219i film de 35mm \u0219i 120mm.<\/p>\n<p>S-a pensionat \u00een 1960, iar studioul s\u0103u a fost demolat la scurt timp dup\u0103 aceea. A continuat \u00eens\u0103 s\u0103 fac\u0103 fotografii prin \u00eemprejurimile Sloboziei, pl\u0103c\u00e2ndu-i s\u0103 mearg\u0103 cu bicicleta \u00een satele din apropierea ora\u0219ului.<\/p>\n<p>A murit pe 7 ianuarie 1984, fiind \u00eenmorm\u00e2ntat \u00een cimitirul Bora din Slobozia.<\/p>\n<p>Costic\u0103 Acsinte a l\u0103sat \u00een urma sa un num\u0103r de peste 9000 de negative fotografice pe pl\u0103ci de sticl\u0103, planfilme \u0219i un num\u0103r necunoscut de printuri fotografice &#8211; multe dintre ele aflate la familiile persoanelor ce au fost fotografiate de c\u0103tre Acsinte. Majoritatea printurilor poart\u0103 pe verso \u0219tampila studio-ului \u201eFoto Splendid Acsinte\u201c.<\/p>\n","protected":false},"excerpt":{"rendered":"<p>CINE A FOST COSTIC\u0102 ACSINTE? Constantin C. Axinte s-a n\u0103scut pe 4 iulie 1897 \u00een comuna Perie\u021bi din jude\u021bul Ialomi\u021ba fiind al doilea din cei \u0219apte copii ai lui Costache \u0219i Maria. La v\u00e2rsta de 18 ani a absolvit \u0218coala [&hellip;]<\/p>\n","protected":false},"author":2,"featured_media":0,"parent":2303,"menu_order":0,"comment_status":"closed","ping_status":"closed","template":"side-navigation.php","meta":{"footnotes":""},"class_list":["post-2310","page","type-page","status-publish","hentry"],"jetpack_sharing_enabled":true,"_links":{"self":[{"href":"https:\/\/www.controln.ro\/asociatia-culturala\/wp-json\/wp\/v2\/pages\/2310","targetHints":{"allow":["GET"]}}],"collection":[{"href":"https:\/\/www.controln.ro\/asociatia-culturala\/wp-json\/wp\/v2\/pages"}],"about":[{"href":"https:\/\/www.controln.ro\/asociatia-culturala\/wp-json\/wp\/v2\/types\/page"}],"author":[{"embeddable":true,"href":"https:\/\/www.controln.ro\/asociatia-culturala\/wp-json\/wp\/v2\/users\/2"}],"replies":[{"embeddable":true,"href":"https:\/\/www.controln.ro\/asociatia-culturala\/wp-json\/wp\/v2\/comments?post=2310"}],"version-history":[{"count":3,"href":"https:\/\/www.controln.ro\/asociatia-culturala\/wp-json\/wp\/v2\/pages\/2310\/revisions"}],"predecessor-version":[{"id":2331,"href":"https:\/\/www.controln.ro\/asociatia-culturala\/wp-json\/wp\/v2\/pages\/2310\/revisions\/2331"}],"up":[{"embeddable":true,"href":"https:\/\/www.controln.ro\/asociatia-culturala\/wp-json\/wp\/v2\/pages\/2303"}],"wp:attachment":[{"href":"https:\/\/www.controln.ro\/asociatia-culturala\/wp-json\/wp\/v2\/media?parent=2310"}],"curies":[{"name":"wp","href":"https:\/\/api.w.org\/{rel}","templated":true}]}}