{"id":2342,"date":"2019-05-02T18:23:06","date_gmt":"2019-05-02T16:23:06","guid":{"rendered":"http:\/\/www.controln.ro\/asociatia-culturala\/?page_id=2342"},"modified":"2019-05-02T18:23:07","modified_gmt":"2019-05-02T16:23:07","slug":"arcs-summer-camp","status":"publish","type":"page","link":"https:\/\/www.controln.ro\/asociatia-culturala\/workshop-uri\/arcs-summer-camp\/","title":{"rendered":"arcs summer camp"},"content":{"rendered":"\n<p>ARCS SUMMER CAMP este primul proiect transatlantic \u00een care Asocia\u021bia Cultural\u0103 Control N este implicat\u0103 ca partener, al\u0103turi de American Romanian Cultural Society (ARCS) din Seattle, Washington, SUA. <\/p>\n\n\n\n<p>Tab\u0103ra de var\u0103 ARCS dureaz\u0103 se \u00eentinde pe parcursul a dou\u0103 s\u0103pt\u0103m\u00e2ni, e compus\u0103 dintr-un set de ateliere de limb\u0103, identitate na\u021bional\u0103 \u0219i cultur\u0103 rom\u00e2n\u0103 pentru copiii rom\u00e2ni din Seattle \u0219i are ca scop reconectarea copiilor din diaspora de pe coasta de vest a SUA la valorile culturii \u0219i identit\u0103\u021bii rom\u00e2ne\u0219ti. <\/p>\n\n\n\n<figure class=\"wp-block-image\"><img decoding=\"async\" width=\"600\" height=\"379\" src=\"http:\/\/www.controln.ro\/asociatia-culturala\/wp-content\/uploads\/2019\/05\/ARCS-SUMMER-CAMP-2018__600x379.jpg\" alt=\"\" class=\"wp-image-2344\" srcset=\"https:\/\/www.controln.ro\/asociatia-culturala\/wp-content\/uploads\/2019\/05\/ARCS-SUMMER-CAMP-2018__600x379.jpg 600w, https:\/\/www.controln.ro\/asociatia-culturala\/wp-content\/uploads\/2019\/05\/ARCS-SUMMER-CAMP-2018__600x379-300x190.jpg 300w, https:\/\/www.controln.ro\/asociatia-culturala\/wp-content\/uploads\/2019\/05\/ARCS-SUMMER-CAMP-2018__600x379-320x202.jpg 320w\" sizes=\"(max-width: 600px) 100vw, 600px\" \/><figcaption>ARCS Summer Camp 2018<\/figcaption><\/figure>\n\n\n\n<p>Printr-un tip de educa\u021bie non-formal\u0103 (joc, teatru, film, pictur\u0103, dans), proiectul are ca obiectiv principal asumarea apartenen\u021bei la identitatea rom\u00e2neasc\u0103, prin asimilarea emo\u021bional\u0103 a valorilor na\u021bionale \u0219i consolidarea comunit\u0103\u021bii de rom\u00e2ni din zon\u0103. Sub \u00eendrumarea atent\u0103 a doi traneri cu o vast\u0103 experien\u021b\u0103 \u00een cinema, actri\u021ba Ioana Flora \u0219i regizoarea \u0219i scenarista Iulia Rugin\u0103, p\u00e2n\u0103 la finalul taberei copiii realizeaz\u0103 5 filme de scurt metraj prezent\u00e2nd Rom\u00e2nia v\u0103zut\u0103 prin ochii lor. \u00centregul proces e documentat \u00eentr-un film de 15 minute, care e proiectat publicului din Seattle la finalul taberei. <\/p>\n\n\n\n<p>American Romanian Cultural Society are ca\nmisiune promovarea culturii \u0219i tradi\u021biilor\nrom\u00e2ne\u0219ti, organizarea evenimentelor de consolidare a comunit\u0103\u021bii prin\neduca\u021bie, arte vizuale, film \u0219i literatur\u0103. Printre cele mai importante\nproiecte ARCS se num\u0103r\u0103 Festivalul de Film Rom\u00e2nesc, fondat \u00een 2014, \u00een\nparteneriat cu Seattle International Film Festival \u0219i Institutul Cultural\nRom\u00e2n. ARCS organizeaz\u0103 expozi\u021bii de fotografie \u0219i art\u0103 plastic\u0103, concerte de\nmuzic\u0103 clasic\u0103 \u0219i jazz, precum \u0219i lans\u0103ri de carte, programe de educa\u021bie\n(Romanian in High School \u0219i Club Piticot). <\/p>\n\n\n\n<p><\/p>\n\n\n\n<p><\/p>\n","protected":false},"excerpt":{"rendered":"<p>ARCS SUMMER CAMP este primul proiect transatlantic \u00een care Asocia\u021bia Cultural\u0103 Control N este implicat\u0103 ca partener, al\u0103turi de American Romanian Cultural Society (ARCS) din Seattle, Washington, SUA. Tab\u0103ra de var\u0103 ARCS dureaz\u0103 se \u00eentinde pe parcursul a dou\u0103 s\u0103pt\u0103m\u00e2ni, [&hellip;]<\/p>\n","protected":false},"author":2,"featured_media":0,"parent":1415,"menu_order":0,"comment_status":"closed","ping_status":"closed","template":"side-navigation.php","meta":{"footnotes":""},"class_list":["post-2342","page","type-page","status-publish","hentry"],"jetpack_sharing_enabled":true,"_links":{"self":[{"href":"https:\/\/www.controln.ro\/asociatia-culturala\/wp-json\/wp\/v2\/pages\/2342","targetHints":{"allow":["GET"]}}],"collection":[{"href":"https:\/\/www.controln.ro\/asociatia-culturala\/wp-json\/wp\/v2\/pages"}],"about":[{"href":"https:\/\/www.controln.ro\/asociatia-culturala\/wp-json\/wp\/v2\/types\/page"}],"author":[{"embeddable":true,"href":"https:\/\/www.controln.ro\/asociatia-culturala\/wp-json\/wp\/v2\/users\/2"}],"replies":[{"embeddable":true,"href":"https:\/\/www.controln.ro\/asociatia-culturala\/wp-json\/wp\/v2\/comments?post=2342"}],"version-history":[{"count":3,"href":"https:\/\/www.controln.ro\/asociatia-culturala\/wp-json\/wp\/v2\/pages\/2342\/revisions"}],"predecessor-version":[{"id":2346,"href":"https:\/\/www.controln.ro\/asociatia-culturala\/wp-json\/wp\/v2\/pages\/2342\/revisions\/2346"}],"up":[{"embeddable":true,"href":"https:\/\/www.controln.ro\/asociatia-culturala\/wp-json\/wp\/v2\/pages\/1415"}],"wp:attachment":[{"href":"https:\/\/www.controln.ro\/asociatia-culturala\/wp-json\/wp\/v2\/media?parent=2342"}],"curies":[{"name":"wp","href":"https:\/\/api.w.org\/{rel}","templated":true}]}}