{"id":2348,"date":"2019-05-02T18:37:18","date_gmt":"2019-05-02T16:37:18","guid":{"rendered":"http:\/\/www.controln.ro\/asociatia-culturala\/?page_id=2348"},"modified":"2019-05-02T18:37:20","modified_gmt":"2019-05-02T16:37:20","slug":"arcs-summer-camp-2018","status":"publish","type":"page","link":"https:\/\/www.controln.ro\/asociatia-culturala\/workshop-uri\/arcs-summer-camp\/arcs-summer-camp-2018\/","title":{"rendered":"arcs summer camp 2018"},"content":{"rendered":"\n<p>Prima edi\u021bie a taberei de var\u0103 ARCS SUMMER CAMP s-a finalizat duminic\u0103, 5 august 2018 \u00een Seattle, Washington cu o proiec\u021bie public\u0103 a filmelor rezultate \u00een cadrul proiectului.<\/p>\n\n\n\n<p>Proiectul a fost organizat de American Romanian Cultural Society din Seattle \u00een parteneriat cu Asocia\u021bia Cultural\u0103 Control N. Tab\u0103ra a reunit un numar de 22 de copii de origine rom\u00e2n\u0103, din jurul ora\u0219ului Seattle, cu v\u00e2rste cuprinse \u00eentre 8 \u0219i 16 ani. Tabara a fost g\u0103zduit\u0103 de University of Washington. <\/p>\n\n\n\n<figure class=\"wp-block-image\"><img decoding=\"async\" width=\"1000\" height=\"667\" src=\"http:\/\/www.controln.ro\/asociatia-culturala\/wp-content\/uploads\/2019\/05\/ARCS-SUMMER-CAMP-2018_1_foto-credit-Edi-Prava\u0306t\u0326.jpg\" alt=\"\" class=\"wp-image-2349\" srcset=\"https:\/\/www.controln.ro\/asociatia-culturala\/wp-content\/uploads\/2019\/05\/ARCS-SUMMER-CAMP-2018_1_foto-credit-Edi-Prava\u0306t\u0326.jpg 1000w, https:\/\/www.controln.ro\/asociatia-culturala\/wp-content\/uploads\/2019\/05\/ARCS-SUMMER-CAMP-2018_1_foto-credit-Edi-Prava\u0306t\u0326-300x200.jpg 300w, https:\/\/www.controln.ro\/asociatia-culturala\/wp-content\/uploads\/2019\/05\/ARCS-SUMMER-CAMP-2018_1_foto-credit-Edi-Prava\u0306t\u0326-768x512.jpg 768w\" sizes=\"(max-width: 1000px) 100vw, 1000px\" \/><figcaption>ARCS SUMMER CAMP 2018, credit foto Edi Prav\u0103\u021b<\/figcaption><\/figure>\n\n\n\n<p>Timp de 10 zile, \u00eendruma\u021bi de cei doi instructori &#8211; actri\u021ba\nIoana Flora \u0219i regizoarea Iulia Rugin\u0103 &#8211; participan\u021bii au primit informa\u021bii\ndespre geografia, istoria, tradi\u021biile \u0219i civiliza\u021bia Rom\u00e2niei, cu scopul de a-i\nreconecta, printr-un tip de educa\u021bie non-formal\u0103, cu identitatea \u021b\u0103rii de\norigine. Informa\u021biile despre Romania au fost completate de elemente introductive\ndin arta actoriei,\nscenaristicii, regiei \u0219i produc\u021biei de film.&nbsp;\n<\/p>\n\n\n\n<figure class=\"wp-block-image\"><img decoding=\"async\" width=\"1000\" height=\"667\" src=\"http:\/\/www.controln.ro\/asociatia-culturala\/wp-content\/uploads\/2019\/05\/ARCS-SUMMER-CAMP-2018_3_foto-credit-Edi-Prava\u0306t\u0326.jpg\" alt=\"\" class=\"wp-image-2350\" srcset=\"https:\/\/www.controln.ro\/asociatia-culturala\/wp-content\/uploads\/2019\/05\/ARCS-SUMMER-CAMP-2018_3_foto-credit-Edi-Prava\u0306t\u0326.jpg 1000w, https:\/\/www.controln.ro\/asociatia-culturala\/wp-content\/uploads\/2019\/05\/ARCS-SUMMER-CAMP-2018_3_foto-credit-Edi-Prava\u0306t\u0326-300x200.jpg 300w, https:\/\/www.controln.ro\/asociatia-culturala\/wp-content\/uploads\/2019\/05\/ARCS-SUMMER-CAMP-2018_3_foto-credit-Edi-Prava\u0306t\u0326-768x512.jpg 768w\" sizes=\"(max-width: 1000px) 100vw, 1000px\" \/><figcaption>ARCS SUMMER CAMP 2018, credit foto Edi Prav\u0103\u021b<\/figcaption><\/figure>\n\n\n\n<p>Cele mai\nimportante produse ale taberei au fost cele 4 filme de scurt-metraj realizate\nde copiii \u00eemp\u0103r\u021bi\u021bi \u00een echipe de c\u00e2te 5. Filmele au fost scrise,\nproduse, regizate \u0219i filmate \u00een totalitate de ei.<\/p>\n\n\n\n<p>\u00centreaga tab\u0103r\u0103 a fost filmat\u0103, rezult\u00e2nd un documentar de\n30 de minute, prezentat publicului format din comunitatea romaneasca din\nSeattle, al\u0103turi de cele 4 scurt metraje, \u00een data 5 august. Evenimentul a avut\nloc la Centrul Rom\u00e2nesc al Bisericii Sfin\u021bii Trei Ierarhi din Mountlake\nTerrace. <\/p>\n\n\n\n<figure class=\"wp-block-image\"><img decoding=\"async\" width=\"1000\" height=\"667\" src=\"http:\/\/www.controln.ro\/asociatia-culturala\/wp-content\/uploads\/2019\/05\/ARCS-SUMMER-CAMP-2018_4_foto-credit-Edi-Prava\u0306t\u0326.jpg\" alt=\"\" class=\"wp-image-2351\" srcset=\"https:\/\/www.controln.ro\/asociatia-culturala\/wp-content\/uploads\/2019\/05\/ARCS-SUMMER-CAMP-2018_4_foto-credit-Edi-Prava\u0306t\u0326.jpg 1000w, https:\/\/www.controln.ro\/asociatia-culturala\/wp-content\/uploads\/2019\/05\/ARCS-SUMMER-CAMP-2018_4_foto-credit-Edi-Prava\u0306t\u0326-300x200.jpg 300w, https:\/\/www.controln.ro\/asociatia-culturala\/wp-content\/uploads\/2019\/05\/ARCS-SUMMER-CAMP-2018_4_foto-credit-Edi-Prava\u0306t\u0326-768x512.jpg 768w\" sizes=\"(max-width: 1000px) 100vw, 1000px\" \/><\/figure>\n\n\n\n<p>Proiectul a fost sus\u021binut par\u021bial din taxa pl\u0103tit\u0103 de c\u0103tre participan\u021bi, cu aportul considerabil al organiza\u021biei non-profit American Romanian Cultural Society, \u00een parteneriat cu University of Washington. <\/p>\n\n\n\n<p>Fotografiile \u0219i materialele video realizate \u00een cadrul atelierului\npot fi vizionate aici &#8211; <a href=\"https:\/\/www.facebook.com\/pg\/controlN\">https:\/\/www.facebook.com\/pg\/controlN<\/a><\/p>\n\n\n\n<p>Un clip de prezentare a primei edi\u021bii a proiectului poate fi vizionat <a href=\"https:\/\/youtu.be\/7XFY8J5QvM0\">aici<\/a>.<\/p>\n","protected":false},"excerpt":{"rendered":"<p>Prima edi\u021bie a taberei de var\u0103 ARCS SUMMER CAMP s-a finalizat duminic\u0103, 5 august 2018 \u00een Seattle, Washington cu o proiec\u021bie public\u0103 a filmelor rezultate \u00een cadrul proiectului. Proiectul a fost organizat de American Romanian Cultural Society din Seattle \u00een [&hellip;]<\/p>\n","protected":false},"author":2,"featured_media":0,"parent":2342,"menu_order":0,"comment_status":"closed","ping_status":"closed","template":"side-navigation.php","meta":{"footnotes":""},"class_list":["post-2348","page","type-page","status-publish","hentry"],"jetpack_sharing_enabled":true,"_links":{"self":[{"href":"https:\/\/www.controln.ro\/asociatia-culturala\/wp-json\/wp\/v2\/pages\/2348","targetHints":{"allow":["GET"]}}],"collection":[{"href":"https:\/\/www.controln.ro\/asociatia-culturala\/wp-json\/wp\/v2\/pages"}],"about":[{"href":"https:\/\/www.controln.ro\/asociatia-culturala\/wp-json\/wp\/v2\/types\/page"}],"author":[{"embeddable":true,"href":"https:\/\/www.controln.ro\/asociatia-culturala\/wp-json\/wp\/v2\/users\/2"}],"replies":[{"embeddable":true,"href":"https:\/\/www.controln.ro\/asociatia-culturala\/wp-json\/wp\/v2\/comments?post=2348"}],"version-history":[{"count":2,"href":"https:\/\/www.controln.ro\/asociatia-culturala\/wp-json\/wp\/v2\/pages\/2348\/revisions"}],"predecessor-version":[{"id":2353,"href":"https:\/\/www.controln.ro\/asociatia-culturala\/wp-json\/wp\/v2\/pages\/2348\/revisions\/2353"}],"up":[{"embeddable":true,"href":"https:\/\/www.controln.ro\/asociatia-culturala\/wp-json\/wp\/v2\/pages\/2342"}],"wp:attachment":[{"href":"https:\/\/www.controln.ro\/asociatia-culturala\/wp-json\/wp\/v2\/media?parent=2348"}],"curies":[{"name":"wp","href":"https:\/\/api.w.org\/{rel}","templated":true}]}}