{"id":2495,"date":"2021-03-23T11:44:49","date_gmt":"2021-03-23T09:44:49","guid":{"rendered":"http:\/\/www.controln.ro\/asociatia-culturala\/?page_id=2495"},"modified":"2021-03-24T17:08:14","modified_gmt":"2021-03-24T15:08:14","slug":"lim-creative-pre-writing-workshop","status":"publish","type":"page","link":"https:\/\/www.controln.ro\/asociatia-culturala\/workshop-uri\/lim-creative-pre-writing-workshop\/","title":{"rendered":"LIM creative pre-writing workshop"},"content":{"rendered":"\n<p><strong>LIM|Less is More: Creative Pre-writing <\/strong>se adreseaz\u0103 tuturor cinea\u0219tilor rom\u00e2ni afla\u021bi la primul sau al doilea lung metraj sau a c\u0103ror filmografie cuprinde unul sau mai multe scurt metraje, c\u00e2t \u0219i arti\u0219tilor din alte domenii, scriitorilor sau jurnali\u0219tilor pasiona\u021bi de dezvoltarea \u0219i scrierea unui scenariu. Faza de alegere a subiectului este una vital\u0103. Astfel, reziden\u021ba de crea\u021bie <strong>LIM|Less is More: Creative Pre-writing<\/strong> \u00ee\u0219i propune s\u0103 ofere un cadru necesar pentru testarea ideilor, la finalul celor 5 zile de lucru intensiv, participan\u021bii av\u00e2nd 3 idei structurate, clare \u0219i solide pentru un viitor film, realizabil \u00een limit\u0103rile unui buget foarte mic. Workshop-ul va fi sus\u021binut \u00een limba englez\u0103.<\/p>\n<p>Cei 10 participan\u021bi selec\u021biona\u021bi \u00een urma \u00eenscrierilor pot fi scenari\u0219ti, regizori, produc\u0103tori, monteuri, suneti\u0219ti, actori, scriitori, jurnali\u0219ti interesa\u021bi s\u0103 testeze metoda implementat\u0103 de Le Groupe Ouest \u00een lunga serie de workshop-uri desf\u0103\u0219urate p\u00e2n\u0103 \u00een prezent \u00een \u021b\u0103ri precum Fran\u021ba, Lituania, Polonia, Norvegia, Belgia baz\u00e2ndu-se pe o metodologie atent studiat\u0103 de scenari\u0219tii \u0219i consultan\u021bii care au stat la baza ini\u021bierii \u0219i cre\u0103rii unei reziden\u021be de acest tip. Ideile ini\u021biale ale participan\u021bilor vor fi atent reintrepretate, analizate \u0219i transpuse \u00een premise solide pentru viitoare filme de lung metraj, ce pot fi dezvoltate, mai apoi, \u00een cadrul unor diferite programe \u0219i training-uri de specialitate \u2013 una dintre posibilit\u0103\u021bi fiind, desigur, \u0219i urm\u0103toarea edi\u021bie a LIM|Less is More, platforma european\u0103 de dezvoltare a filmelor cu buget limitat, din 2021.<\/p>\n<p>Tehnicile de \u201cpre-writing\u201d folosite de trainerii reziden\u021bei \u00ee\u0219i propun s\u0103 \u00eei sprijine pe participan\u021bi \u00een procesul ini\u021bial de cercetare, explorare \u0219i generare de noi \u0219i noi idei, oferind posibilitatea unei explor\u0103ri infinite de posibile baze de pornire pentru un proiect de film de lung metraj. <strong>LIM|Less is More: Creative Pre-writing <\/strong>ofer\u0103 o experien\u021b\u0103 aparte \u00een peisajul atelierelor \u0219i training-urilor de scriere de scenarii din Rom\u00e2nia, \u0219i chiar din \u00eentreaga Europ\u0103, prin modul unic de abordare al <strong><em>\u00eenceputului<\/em> <\/strong>unui proces de dezvoltare de scenarii de lung metraj. Prin teorie \u0219i exerci\u021bii practice, reziden\u021ba \u00eei ajut\u0103 pe cinea\u0219tii participan\u021bi s\u0103 \u00ee\u0219i \u00eent\u0103reasc\u0103 ideile \u0219i direc\u021biile de interes legate de posibilul subiect ales pentru viitorul film.<\/p>\n<p><strong>Cea de-a doua edi\u021bie Creative Pre-Writing Workshop LIM din Rom\u00e2nia se va desf\u0103\u0219ura online \u00een perioada 20 \u2013 25 iunie \u0219i le va avea ca traineri pe Nolwenn Guiziou (scenarist &amp; consultant de scenarii, Fran\u021ba) \u0219i Ana Agopian (scenarist &amp; consultant de scenarii, Rom\u00e2nia).<\/strong><\/p>\n<p><strong>LIM|Less is More: Creative Pre-writing <\/strong>este co-finan\u021bat de Administra\u0163ia Fondului Cultural Na\u0163ional (AFCN).<\/p>\n<p>Sus\u021binut de Creative Europe \u2013 Programul MEDIA al Uniunii Europene, <strong>LIM|Less is More: Creative Pre-writing<\/strong> este ini\u021biat de <a href=\"http:\/\/www.legroupeouest.com\/\" target=\"_blank\" rel=\"noopener noreferrer\">Le Groupe Ouest<\/a> (Fran\u021ba) \u0219i dezvoltat al\u0103turi de Asocia\u021bia Cultural\u0103 Control N (Rom\u00e2nia) \u0219i <a href=\"http:\/\/www.tiff.ro\" target=\"_blank\" rel=\"noopener noreferrer\">Festivalul Interna\u021bional de Film Transilvania \u2013 TIFF<\/a> (Rom\u00e2nia) prin platforma <a href=\"http:\/\/unlimited.tiff.ro\" target=\"_blank\" rel=\"noopener noreferrer\">TIFF Unlimited<\/a>.<\/p>\n<p><em>*Proiectul nu reprezint\u0103 \u00een mod necesar pozi\u0163ia Administra\u021biei Fondului Cultural Na\u021bional. AFCN nu este responsabil\u0103 de con\u021binutul proiectului sau de modul \u00een care rezultatele proiectului pot fi folosite. Acestea sunt \u00een \u00eentregime responsabilitea beneficiarului fina\u021b\u0103rii.<\/em><\/p>\n","protected":false},"excerpt":{"rendered":"<p>LIM|Less is More: Creative Pre-writing se adreseaz\u0103 tuturor cinea\u0219tilor rom\u00e2ni afla\u021bi la primul sau al doilea lung metraj sau a c\u0103ror filmografie cuprinde unul sau mai multe scurt metraje, c\u00e2t \u0219i arti\u0219tilor din alte domenii, scriitorilor sau jurnali\u0219tilor pasiona\u021bi de [&hellip;]<\/p>\n","protected":false},"author":2,"featured_media":0,"parent":1415,"menu_order":-1,"comment_status":"closed","ping_status":"closed","template":"side-navigation.php","meta":{"footnotes":""},"class_list":["post-2495","page","type-page","status-publish","hentry"],"jetpack_sharing_enabled":true,"_links":{"self":[{"href":"https:\/\/www.controln.ro\/asociatia-culturala\/wp-json\/wp\/v2\/pages\/2495","targetHints":{"allow":["GET"]}}],"collection":[{"href":"https:\/\/www.controln.ro\/asociatia-culturala\/wp-json\/wp\/v2\/pages"}],"about":[{"href":"https:\/\/www.controln.ro\/asociatia-culturala\/wp-json\/wp\/v2\/types\/page"}],"author":[{"embeddable":true,"href":"https:\/\/www.controln.ro\/asociatia-culturala\/wp-json\/wp\/v2\/users\/2"}],"replies":[{"embeddable":true,"href":"https:\/\/www.controln.ro\/asociatia-culturala\/wp-json\/wp\/v2\/comments?post=2495"}],"version-history":[{"count":4,"href":"https:\/\/www.controln.ro\/asociatia-culturala\/wp-json\/wp\/v2\/pages\/2495\/revisions"}],"predecessor-version":[{"id":2534,"href":"https:\/\/www.controln.ro\/asociatia-culturala\/wp-json\/wp\/v2\/pages\/2495\/revisions\/2534"}],"up":[{"embeddable":true,"href":"https:\/\/www.controln.ro\/asociatia-culturala\/wp-json\/wp\/v2\/pages\/1415"}],"wp:attachment":[{"href":"https:\/\/www.controln.ro\/asociatia-culturala\/wp-json\/wp\/v2\/media?parent=2495"}],"curies":[{"name":"wp","href":"https:\/\/api.w.org\/{rel}","templated":true}]}}