{"id":2503,"date":"2021-03-23T12:01:04","date_gmt":"2021-03-23T10:01:04","guid":{"rendered":"http:\/\/www.controln.ro\/asociatia-culturala\/?page_id=2503"},"modified":"2021-05-06T10:55:22","modified_gmt":"2021-05-06T08:55:22","slug":"detalii-aplicatii","status":"publish","type":"page","link":"https:\/\/www.controln.ro\/asociatia-culturala\/workshop-uri\/lim-creative-pre-writing-workshop\/detalii-aplicatii\/","title":{"rendered":"detalii aplica\u021bii"},"content":{"rendered":"\n<p><strong>Cei interesa\u021bi s\u0103 aplice la cea de-a doua edi\u021bie a reziden\u021bei <\/strong><strong>LIM|Less is More: Creative Pre-writing trebuie s\u0103 trimit\u0103 urm\u0103torul set de materiale: <\/strong><\/p>\n<ul>\n<li>Scrisoare de inten\u021bie (1 pagin\u0103, \u00een limba englez\u0103)<\/li>\n<li>Descrierea unui potential subiect \/ premis\u0103 pentru un film de lung metraj cu buget limitat (1 pagin\u0103, \u00een limba englez\u0103)*<\/li>\n<li>CV sau Biografie a cineastului<\/li>\n<li>Link c\u0103tre minim 1 film reprezentativ din filmografia cineastului (scurt sau lung metraj) <strong>sau <\/strong>un scenariu de scurt sau lung metraj<\/li>\n<\/ul>\n<p><strong>Materialele vor fi trimise pe adresa de email <\/strong><a href=\"mailto:info@controln.ro\"><strong>info@controln.ro<\/strong><\/a><strong>, p\u00e2n\u0103 la data de 9<u>\u00a0mai 2021<\/u>.<\/strong><\/p>\n<p><strong><span style=\"color: #ff0000;\">DEADLINE EXTINS: 20 MAI 2021<\/span><\/strong><\/p>\n<p>*Metodologia workshopului propune abordarea mai multor idei \u00een cadrul celor 5 zile de lucru, la final participan\u021bii av\u00e2nd noi idei pentru noi proiecte, c\u00e2t \u0219i o baz\u0103 mult mai solid\u0103 pentru ideea lor ini\u021bial\u0103.<\/p>\n","protected":false},"excerpt":{"rendered":"<p>Cei interesa\u021bi s\u0103 aplice la cea de-a doua edi\u021bie a reziden\u021bei LIM|Less is More: Creative Pre-writing trebuie s\u0103 trimit\u0103 urm\u0103torul set de materiale: Scrisoare de inten\u021bie (1 pagin\u0103, \u00een limba englez\u0103) Descrierea unui potential subiect \/ premis\u0103 pentru un film [&hellip;]<\/p>\n","protected":false},"author":2,"featured_media":0,"parent":2495,"menu_order":0,"comment_status":"closed","ping_status":"closed","template":"side-navigation.php","meta":{"footnotes":""},"class_list":["post-2503","page","type-page","status-publish","hentry"],"jetpack_sharing_enabled":true,"_links":{"self":[{"href":"https:\/\/www.controln.ro\/asociatia-culturala\/wp-json\/wp\/v2\/pages\/2503","targetHints":{"allow":["GET"]}}],"collection":[{"href":"https:\/\/www.controln.ro\/asociatia-culturala\/wp-json\/wp\/v2\/pages"}],"about":[{"href":"https:\/\/www.controln.ro\/asociatia-culturala\/wp-json\/wp\/v2\/types\/page"}],"author":[{"embeddable":true,"href":"https:\/\/www.controln.ro\/asociatia-culturala\/wp-json\/wp\/v2\/users\/2"}],"replies":[{"embeddable":true,"href":"https:\/\/www.controln.ro\/asociatia-culturala\/wp-json\/wp\/v2\/comments?post=2503"}],"version-history":[{"count":4,"href":"https:\/\/www.controln.ro\/asociatia-culturala\/wp-json\/wp\/v2\/pages\/2503\/revisions"}],"predecessor-version":[{"id":2565,"href":"https:\/\/www.controln.ro\/asociatia-culturala\/wp-json\/wp\/v2\/pages\/2503\/revisions\/2565"}],"up":[{"embeddable":true,"href":"https:\/\/www.controln.ro\/asociatia-culturala\/wp-json\/wp\/v2\/pages\/2495"}],"wp:attachment":[{"href":"https:\/\/www.controln.ro\/asociatia-culturala\/wp-json\/wp\/v2\/media?parent=2503"}],"curies":[{"name":"wp","href":"https:\/\/api.w.org\/{rel}","templated":true}]}}