{"id":2507,"date":"2021-03-23T12:05:08","date_gmt":"2021-03-23T10:05:08","guid":{"rendered":"http:\/\/www.controln.ro\/asociatia-culturala\/?page_id=2507"},"modified":"2021-03-23T13:09:16","modified_gmt":"2021-03-23T11:09:16","slug":"participantii-editiei-i-2020","status":"publish","type":"page","link":"https:\/\/www.controln.ro\/asociatia-culturala\/workshop-uri\/lim-creative-pre-writing-workshop\/participantii-editiei-i-2020\/","title":{"rendered":"participan\u021bii edi\u021biei I (2020)"},"content":{"rendered":"\n<p>Cei 10 participan\u021bi ai primei edi\u021bii LIM Creative Pre-Writing Workshop \u00een Rom\u00e2nia au fost:<\/p>\n<p>Adrian Ionescu<\/p>\n<p>Vlad Andrei Ghinea<\/p>\n<p>Andreea V\u0103lean<\/p>\n<p>Andrei Gruzsniczki<\/p>\n<p>Brigitta Kanyaro<\/p>\n<p>Denisse Conn Tubacu<\/p>\n<p>Diana Smeu<\/p>\n<p>Emil Vasilache<\/p>\n<p>Anca Oproiu<\/p>\n<p>R\u0103zvan Oprescu<\/p>\n","protected":false},"excerpt":{"rendered":"<p>Cei 10 participan\u021bi ai primei edi\u021bii LIM Creative Pre-Writing Workshop \u00een Rom\u00e2nia au fost: Adrian Ionescu Vlad Andrei Ghinea Andreea V\u0103lean Andrei Gruzsniczki Brigitta Kanyaro Denisse Conn Tubacu Diana Smeu Emil Vasilache Anca Oproiu R\u0103zvan Oprescu<\/p>\n","protected":false},"author":2,"featured_media":0,"parent":2495,"menu_order":1,"comment_status":"closed","ping_status":"closed","template":"side-navigation.php","meta":{"footnotes":""},"class_list":["post-2507","page","type-page","status-publish","hentry"],"jetpack_sharing_enabled":true,"_links":{"self":[{"href":"https:\/\/www.controln.ro\/asociatia-culturala\/wp-json\/wp\/v2\/pages\/2507","targetHints":{"allow":["GET"]}}],"collection":[{"href":"https:\/\/www.controln.ro\/asociatia-culturala\/wp-json\/wp\/v2\/pages"}],"about":[{"href":"https:\/\/www.controln.ro\/asociatia-culturala\/wp-json\/wp\/v2\/types\/page"}],"author":[{"embeddable":true,"href":"https:\/\/www.controln.ro\/asociatia-culturala\/wp-json\/wp\/v2\/users\/2"}],"replies":[{"embeddable":true,"href":"https:\/\/www.controln.ro\/asociatia-culturala\/wp-json\/wp\/v2\/comments?post=2507"}],"version-history":[{"count":2,"href":"https:\/\/www.controln.ro\/asociatia-culturala\/wp-json\/wp\/v2\/pages\/2507\/revisions"}],"predecessor-version":[{"id":2530,"href":"https:\/\/www.controln.ro\/asociatia-culturala\/wp-json\/wp\/v2\/pages\/2507\/revisions\/2530"}],"up":[{"embeddable":true,"href":"https:\/\/www.controln.ro\/asociatia-culturala\/wp-json\/wp\/v2\/pages\/2495"}],"wp:attachment":[{"href":"https:\/\/www.controln.ro\/asociatia-culturala\/wp-json\/wp\/v2\/media?parent=2507"}],"curies":[{"name":"wp","href":"https:\/\/api.w.org\/{rel}","templated":true}]}}