{"id":2509,"date":"2021-03-23T12:07:42","date_gmt":"2021-03-23T10:07:42","guid":{"rendered":"http:\/\/www.controln.ro\/asociatia-culturala\/?page_id=2509"},"modified":"2024-07-19T21:53:52","modified_gmt":"2024-07-19T19:53:52","slug":"new-draft","status":"publish","type":"page","link":"https:\/\/www.controln.ro\/asociatia-culturala\/workshop-uri\/new-draft\/","title":{"rendered":"new draft"},"content":{"rendered":"\n<p><b>New Draft, lucr\u0103m \u00eempreun\u0103 la filmul t\u0103u<\/b><\/p>\n<p><b>New Draft<\/b><span style=\"font-weight: 400;\">, prima reziden\u021b\u0103 de dezvoltare de scenarii dedicat\u0103 exclusiv proiectelor din Rom\u00e2nia, ofera\u0306 timp de trei luni training asistat pentru dezvoltarea a 12 scenarii de lungmetraj.<\/span><\/p>\n<p><span style=\"font-weight: 400;\">Program inspirat din ateliere de gen internat\u0326ionale ca <\/span><a href=\"http:\/\/www.torinofilmlab.it\/\"><b>Torino Film Lab<\/b><\/a><span style=\"font-weight: 400;\"> sau <\/span><a href=\"https:\/\/lim-lessismore.eu\/\"><b>LIM \u2013 Less Is More<\/b><\/a><span style=\"font-weight: 400;\">, <\/span><b>New Draft<\/b><span style=\"font-weight: 400;\"> este o reziden\u021b\u0103 centrat\u0103 doar pe artist s\u0326i ideea sa. Pe parcursul <\/span><b>New Draft<\/b><span style=\"font-weight: 400;\">, proiectul de lungmetraj ajunge de la stadiul de treatment la un draft nou, \u00eenso\u021bit de un dosar de pitch prega\u0306tit sa\u0306 plece ca\u0306tre produca\u0306tori sau concursuri pentru fonduri.<\/span><\/p>\n<p><b>A treia edi\u021bie a New Draft<\/b><span style=\"font-weight: 400;\"> se va desf\u0103\u0219ura fizic, \u00een Bucure\u0219ti, dar \u0219i online. Cele 12 proiecte vor forma trei grupe, fiecare cu c\u00e2te un trainer ata\u0219at. Trainerii celei de-a treia edi\u021bii New Draft vor fi: <\/span><strong><span style=\"font-size: revert;\">Andreea Cristina Bor\u021bun <\/span><\/strong><span style=\"font-size: revert;\">(<\/span><span style=\"font-size: revert;\">regizoare de film, dramaturg\u0103 \u0219i manager cultural<\/span><span style=\"font-size: revert;\">)<\/span><span style=\"font-weight: 400;\">,<\/span><b> Ana Agopian <\/b><span style=\"font-weight: 400;\">(scenarist\u0103 \u0219i regizoare de film, consultant\u0103 de scenarii) \u0219i <\/span><b>Cr\u0103i\u021ba Nanu <\/b><span style=\"font-weight: 400;\">(selec\u021bioner\u0103, curatoare de film \u0219i consultant\u0103 de scenarii).<\/span><\/p>\n<p><b>New Draft, \u00ee\u021bi vezi povestea cu al\u021bi ochi<\/b><\/p>\n<p><span style=\"font-weight: 400;\">Perioada de desf\u0103\u0219urare a reziden\u021bei este iulie \u2013 octombrie 2024, iar sesiunile de lucru se vor petrece lunar, at\u00e2t <\/span><i><span style=\"font-weight: 400;\">one-on-one<\/span><\/i><span style=\"font-weight: 400;\"> c\u00e2t \u0219i \u00een echip\u0103. Pe parcursul programului, participant\u0326ii vor rescrie s\u0326i apoi vor participa la sesiuni comune de feedback, totul pentru a-s\u0326i dezvolta propriul proiect, dar s\u0326i capacitatea de lectura\u0306 s\u0326i de analiza\u0306 a unui scenariu.<\/span><\/p>\n<p><span style=\"font-weight: 400;\">Merg\u00e2nd pe ideea ca\u0306 nu trebuie sa\u0306 g\u00e2ndim la fel, important este sa\u0306 g\u00e2ndim \u00eempreuna\u0306, <\/span><b>New Draft<\/b><span style=\"font-weight: 400;\"> se adreseaz\u0103 regizorilor s\u0326i scenaris\u0326tilor din toata\u0306 t\u0326ara, proaspe\u021bilor absolven\u021bi de facult\u0103\u021bi de profil \u0219i autorilor din medii conexe (literatura\u0306, teatru, arte vizuale, etc.), cu proiecte \u00een faza de \u00eenceput.<\/span><\/p>\n<p><span style=\"font-weight: 400;\">La finalul celor trei luni, proiectele vor fi prezentate \u00eentr-un pitch online live \u00een fat\u0326a unei audient\u0326e formate din produca\u0306tori s\u0326i membri ai industriei cinematografice autohtone, facilit\u00e2nd astfel un dialog s\u0326i o mai buna\u0306 cunoas\u0326tere \u00eentre autori s\u0326i produca\u0306tori.<\/span><\/p>\n<p><b>New Draft<\/b><span style=\"font-weight: 400;\">, reziden\u021b\u0103 de dezvoltare de scenarii, este un proiect co-finan\u021bat de Administra\u0163ia Fondului Cultural Na\u0163ional (AFCN).*<\/span><\/p>\n<p style=\"text-align: center;\"><i><span style=\"font-weight: 400;\">Proiectul nu reprezint\u0103 \u00een mod necesar pozi\u0163ia Administra\u021biei Fondului Cultural Na\u021bional. AFCN nu este responsabil\u0103 de con\u021binutul proiectului sau de modul \u00een care rezultatele proiectului pot fi folosite. Acestea sunt \u00een \u00eentregime responsabilitatea beneficiarului fina\u021b\u0103rii.<br \/><br \/><strong><a href=\"https:\/\/www.controln.ro\/asociatia-culturala\/workshop-uri\/new-draft\/detalii-aplicatie\/\">&#8211; Detalii aplica\u021bie<\/a><\/strong><br \/><strong><a href=\"https:\/\/www.controln.ro\/asociatia-culturala\/workshop-uri\/new-draft\/calendar-new-draft\/\">&#8211; Calendar New Draft #3<\/a><\/strong><br \/><strong><a href=\"https:\/\/www.controln.ro\/asociatia-culturala\/workshop-uri\/new-draft\/tutori-new-draft\/\">&#8211; Tutori New Draft #3<\/a><\/strong><\/span><\/i><\/p>\n","protected":false},"excerpt":{"rendered":"<p>New Draft, lucr\u0103m \u00eempreun\u0103 la filmul t\u0103u New Draft, prima reziden\u021b\u0103 de dezvoltare de scenarii dedicat\u0103 exclusiv proiectelor din Rom\u00e2nia, ofera\u0306 timp de trei luni training asistat pentru dezvoltarea a 12 scenarii de lungmetraj. Program inspirat din ateliere de gen [&hellip;]<\/p>\n","protected":false},"author":2,"featured_media":0,"parent":1415,"menu_order":-1,"comment_status":"closed","ping_status":"closed","template":"side-navigation.php","meta":{"footnotes":""},"class_list":["post-2509","page","type-page","status-publish","hentry"],"jetpack_sharing_enabled":true,"_links":{"self":[{"href":"https:\/\/www.controln.ro\/asociatia-culturala\/wp-json\/wp\/v2\/pages\/2509","targetHints":{"allow":["GET"]}}],"collection":[{"href":"https:\/\/www.controln.ro\/asociatia-culturala\/wp-json\/wp\/v2\/pages"}],"about":[{"href":"https:\/\/www.controln.ro\/asociatia-culturala\/wp-json\/wp\/v2\/types\/page"}],"author":[{"embeddable":true,"href":"https:\/\/www.controln.ro\/asociatia-culturala\/wp-json\/wp\/v2\/users\/2"}],"replies":[{"embeddable":true,"href":"https:\/\/www.controln.ro\/asociatia-culturala\/wp-json\/wp\/v2\/comments?post=2509"}],"version-history":[{"count":8,"href":"https:\/\/www.controln.ro\/asociatia-culturala\/wp-json\/wp\/v2\/pages\/2509\/revisions"}],"predecessor-version":[{"id":2802,"href":"https:\/\/www.controln.ro\/asociatia-culturala\/wp-json\/wp\/v2\/pages\/2509\/revisions\/2802"}],"up":[{"embeddable":true,"href":"https:\/\/www.controln.ro\/asociatia-culturala\/wp-json\/wp\/v2\/pages\/1415"}],"wp:attachment":[{"href":"https:\/\/www.controln.ro\/asociatia-culturala\/wp-json\/wp\/v2\/media?parent=2509"}],"curies":[{"name":"wp","href":"https:\/\/api.w.org\/{rel}","templated":true}]}}