{"id":2516,"date":"2021-03-23T12:21:24","date_gmt":"2021-03-23T10:21:24","guid":{"rendered":"http:\/\/www.controln.ro\/asociatia-culturala\/?page_id=2516"},"modified":"2024-04-22T14:50:31","modified_gmt":"2024-04-22T12:50:31","slug":"calendar-new-draft","status":"publish","type":"page","link":"https:\/\/www.controln.ro\/asociatia-culturala\/workshop-uri\/new-draft\/calendar-new-draft\/","title":{"rendered":"calendar new draft"},"content":{"rendered":"\n<p><span style=\"font-weight: 400;\">Cele 12 proiecte vor fi \u00eemp\u0103r\u021bite \u00een trei grupe. Fiecare grup\u0103 va lucra cu un trainer.<\/span><\/p>\n<p><span style=\"font-weight: 400;\">Reziden\u021ba va consta \u00een trei sesiuni de lucru pe proiecte. Acestea vor fi \u00eemp\u0103r\u021bite \u00een \u00eent\u00e2lniri \u00een grup mare, grup restr\u00e2ns \u0219i one on one.<\/span><\/p>\n<p><span style=\"font-weight: 400;\">Prima sesiune (format fizic, \u00een Bucure\u0219ti): 29 iulie \u2013 2 august<\/span><\/p>\n<p><span style=\"font-weight: 400;\">A doua sesiune (online): 28 \u2013 30 august<\/span><\/p>\n<p><span style=\"font-weight: 400;\">A treia sesiune (format fizic, \u00een Bucure\u0219ti): 23 \u2013 27 septembrie<\/span><\/p>\n<p><span style=\"font-weight: 400;\">Pitch*: \u00een perioada 18 \u2013 28 octombrie<\/span><span style=\"font-weight: 400;\"><br \/><\/span><\/p>\n<p><span style=\"font-weight: 400;\">New Draft va cuprinde:<\/span><\/p>\n<ul>\n<li style=\"font-weight: 400;\" aria-level=\"1\"><span style=\"font-weight: 400;\">\u00cent\u00e2lniri ale \u00eentregului grup de participan\u021bi \u0219i traineri.<\/span><\/li>\n<li style=\"font-weight: 400;\" aria-level=\"1\"><span style=\"font-weight: 400;\">\u00cent\u00e2lniri pe grupe \u2013 patru participan\u021bi, un trainer.<\/span><\/li>\n<li style=\"font-weight: 400;\" aria-level=\"1\"><span style=\"font-weight: 400;\">\u00cent\u00e2lniri one on one \u00eentre trainer \u0219i participan\u021bi.<\/span><\/li>\n<li style=\"font-weight: 400;\" aria-level=\"1\"><span style=\"font-weight: 400;\">\u00cent\u00e2lniri one on one \u00eentre un produc\u0103tor invitat \u0219i participan\u021bi.<\/span><\/li>\n<li style=\"font-weight: 400;\" aria-level=\"1\"><span style=\"font-weight: 400;\">Dou\u0103 sesiuni de rescriere \u00eentre \u00eent\u00e2lnirile de lucru propriu-zis.<\/span><\/li>\n<li style=\"font-weight: 400;\" aria-level=\"1\"><span style=\"font-weight: 400;\">Discu\u021bii concentrate pe pitch \u0219i preg\u0103tirea participan\u021bilor pentru \u00eent\u00e2lnirea cu produc\u0103torii, \u00een cadrul ultimei sesiuni.<\/span><\/li>\n<\/ul>\n<p><span style=\"font-weight: 400;\">New Draft \u00ee\u0219i propune:<\/span><\/p>\n<ul>\n<li style=\"font-weight: 400;\" aria-level=\"1\"><span style=\"font-weight: 400;\">Trecerea a 12 proiecte de lung metraj de la sinopsis, la treatment dezvoltat (cu posibilitatea, dar nu obligativitatea unui draft de scenariu), la pitch \u00een fa\u021ba produc\u0103torilor.<\/span><\/li>\n<li style=\"font-weight: 400;\" aria-level=\"1\"><span style=\"font-weight: 400;\">Dezvoltarea capacita\u0306t\u0326ii de lectura\u0306 s\u0326i de analiza\u0306 a unui scenariu.<\/span><\/li>\n<li style=\"font-weight: 400;\" aria-level=\"1\"><span style=\"font-weight: 400;\">Facilitarea dialogului \u00eentre cei 12 autori s\u0326i produca\u0306tori.<\/span><\/li>\n<li style=\"font-weight: 400;\" aria-level=\"1\"><span style=\"font-weight: 400;\">12 dosare de proiect preg\u0103tite pentru aplica\u021bii la fonduri sau alte programe de dezvoltare similare.*<\/span><\/li>\n<\/ul>\n<p><span style=\"font-weight: 400;\">*<\/span><i><span style=\"font-weight: 400;\">Finalul reziden\u021bei New Draft coincide cu deschiderea aplica\u021biilor la concursuri de fonduri sau reziden\u021be din str\u0103in\u0103tate (ex. LIM \u2013 Less is More, Torino Film Lab). Astfel c\u0103 proiectele au \u0219ansa de a-\u0219i continua organic traseul de dezvoltare.\u00a0<\/span><\/i><\/p>\n<p><b>Not\u0103: Pe parcursul programului, New Draft va funct\u0326iona ca un spat\u0326iu privat la care au acces doar autorii s\u0326i trainerii, pa\u0306str\u00e2ndu-se confident\u0326ialitatea proiectelor.<\/b><\/p>\n","protected":false},"excerpt":{"rendered":"<p>Cele 12 proiecte vor fi \u00eemp\u0103r\u021bite \u00een trei grupe. Fiecare grup\u0103 va lucra cu un trainer. Reziden\u021ba va consta \u00een trei sesiuni de lucru pe proiecte. Acestea vor fi \u00eemp\u0103r\u021bite \u00een \u00eent\u00e2lniri \u00een grup mare, grup restr\u00e2ns \u0219i one on [&hellip;]<\/p>\n","protected":false},"author":2,"featured_media":0,"parent":2509,"menu_order":1,"comment_status":"closed","ping_status":"closed","template":"side-navigation.php","meta":{"footnotes":""},"class_list":["post-2516","page","type-page","status-publish","hentry"],"jetpack_sharing_enabled":true,"_links":{"self":[{"href":"https:\/\/www.controln.ro\/asociatia-culturala\/wp-json\/wp\/v2\/pages\/2516","targetHints":{"allow":["GET"]}}],"collection":[{"href":"https:\/\/www.controln.ro\/asociatia-culturala\/wp-json\/wp\/v2\/pages"}],"about":[{"href":"https:\/\/www.controln.ro\/asociatia-culturala\/wp-json\/wp\/v2\/types\/page"}],"author":[{"embeddable":true,"href":"https:\/\/www.controln.ro\/asociatia-culturala\/wp-json\/wp\/v2\/users\/2"}],"replies":[{"embeddable":true,"href":"https:\/\/www.controln.ro\/asociatia-culturala\/wp-json\/wp\/v2\/comments?post=2516"}],"version-history":[{"count":10,"href":"https:\/\/www.controln.ro\/asociatia-culturala\/wp-json\/wp\/v2\/pages\/2516\/revisions"}],"predecessor-version":[{"id":2758,"href":"https:\/\/www.controln.ro\/asociatia-culturala\/wp-json\/wp\/v2\/pages\/2516\/revisions\/2758"}],"up":[{"embeddable":true,"href":"https:\/\/www.controln.ro\/asociatia-culturala\/wp-json\/wp\/v2\/pages\/2509"}],"wp:attachment":[{"href":"https:\/\/www.controln.ro\/asociatia-culturala\/wp-json\/wp\/v2\/media?parent=2516"}],"curies":[{"name":"wp","href":"https:\/\/api.w.org\/{rel}","templated":true}]}}