{"id":2519,"date":"2021-03-23T12:23:30","date_gmt":"2021-03-23T10:23:30","guid":{"rendered":"http:\/\/www.controln.ro\/asociatia-culturala\/?page_id=2519"},"modified":"2024-10-15T11:01:38","modified_gmt":"2024-10-15T09:01:38","slug":"tutori-new-draft","status":"publish","type":"page","link":"https:\/\/www.controln.ro\/asociatia-culturala\/workshop-uri\/new-draft\/tutori-new-draft\/","title":{"rendered":"tutori new draft"},"content":{"rendered":"\n<p><b>Cr\u0103i\u021ba Nanu<\/b><\/p>\n<p>Cr\u0103i\u021ba Nanu este selec\u021bioner\u0103 \u0219i curatoare de film \u00een echipa Festivalului Interna\u021bional de Film Transilvania. \u00cen 2019 a devenit consultant\u0103 de scenarii, form\u00e2ndu-se \u00een cadrul Torino Film Lab, iar apoi a pus bazele programului New Draft \u00eempreun\u0103 cu ControlN. \u00cen prezent se ocup\u0103 cu selec\u021bia de film, consultan\u021ba de scenarii \u0219i dezvoltarea programului Ora de Cinema, proiect ce introduce filmul ca material didactic \u00een \u0219coli \u0219i licee.<br \/>Licen\u021biat\u0103 \u00een jurnalism, cu un master \u00een scenaristic\u0103 (UNATC), Cr\u0103i\u021ba Nanu a \u00eenceput s\u0103 lucreze \u00een 2002, pe platourile de filmare din studiourile MediaPRO, unde a lucrat mai \u00eent\u00e2i \u00een produc\u021bie \u0219i asisten\u021b\u0103 regie (1st AD \u0219i 2nd AD) la produc\u021bii na\u021bionale \u0219i interna\u021bionale, apoi ca scenarist-\u0219ef \u0219i co-scenarist pentru seriale \u0219i mini-serii TV. Din 2012 a intrat pe zona de cinema independent, lucr\u00e2nd ca organizator de festivaluri (TIFF), workshopuri (Aristoteles Workshop), distribu\u021bie film (Transilvania Film), PR \u0219i jurnalism cultural.<\/p>\n<p>\u00a0<\/p>\n<p><b>Ana Agopian<\/b><\/p>\n<p><span style=\"font-weight: 400;\">Ana Agopian a absolvit Universitatea Na\u021bional\u0103 de Art\u0103 Teatral\u0103 \u0219i Cinematografic\u0103 din Bucure\u0219ti (UNATC) \u0219i European College of Liberal Arts (ECLA), Berlin. Din 2018 este Doctor \u00een Filologie \u00een cadrul Universit\u0103\u021bii Bucure\u0219ti.<\/span><\/p>\n<p><span style=\"font-weight: 400;\">Ana a semnat, al\u0103turi de Iulia Rugin\u0103 \u0219i Oana R\u0103suceanu, mai multe scenarii de scurt \u0219i mediu metraj (printre care <\/span><i><span style=\"font-weight: 400;\">Bun\u0103 Cristina! Pa Cristina!<\/span><\/i><span style=\"font-weight: 400;\">,<\/span><i><span style=\"font-weight: 400;\"> Captivi de Cr\u0103ciun, S\u0103 mori de dragoste r\u0103nit\u0103, Skugos<\/span><\/i><span style=\"font-weight: 400;\">) \u0219i trei lung metraje \u2013 <\/span><i><span style=\"font-weight: 400;\">Love Building <\/span><\/i><span style=\"font-weight: 400;\">(2013), <\/span><i><span style=\"font-weight: 400;\">Alt Love Building<\/span><\/i><span style=\"font-weight: 400;\"> (2014) \u0219i <\/span><i><span style=\"font-weight: 400;\">Breaking News<\/span><\/i><span style=\"font-weight: 400;\"> (2017). Cel mai recent lung metraj semnat de Ana, <\/span><i><span style=\"font-weight: 400;\">Breaking News, <\/span><\/i><span style=\"font-weight: 400;\">a avut premiera la Festivalul Interna\u021bional de Film Karlovy Vary (Competi\u021bie Oficial\u0103) \u0219i a fost recompensat cu o Men\u021biune Special\u0103 a Juriului pentru actri\u021ba Voica Oltean. Scurtmetrajul <\/span><i><span style=\"font-weight: 400;\">E.T a fost aici <\/span><\/i><span style=\"font-weight: 400;\">reprezint\u0103 debutul ei \u00een regia de film. \u00cen calitate de scenarist a colaborat, de asemenea, cu Media Pro Pictures \u0219i HBO Rom\u00e2nia.<\/span><\/p>\n<p><span style=\"font-weight: 400;\">Ana este membru fondator al Asocia\u021biei Culturale Control N, fiind implicat\u0103 activ \u00een proiectele organiza\u021biei. \u00cen prezent sus\u021bine cursuri \u0219i workshop-uri de scenaristic\u0103 (printre acestea s-au num\u0103rat <\/span><i><span style=\"font-weight: 400;\">LIM | Less is More: Creative Pre-Writing Workshop<\/span><\/i><span style=\"font-weight: 400;\">, <\/span><i><span style=\"font-weight: 400;\">Pustnik Screenwriters Residency<\/span><\/i><span style=\"font-weight: 400;\"> \u0219i <\/span><i><span style=\"font-weight: 400;\">The Script Contest<\/span><\/i><span style=\"font-weight: 400;\">). Din 2009 pred\u0103 scenaristic\u0103 la UNATC, \u00een prezent fiind conferen\u021biar universitar.<\/span><\/p>\n<p>\u00a0<\/p>\n<p><strong>Andreea Cristina Bor\u021bun<\/strong><\/p>\n<p>Andreea Cristina Bor\u021bun este regizoare de film, dramaturg\u0103 \u0219i manager cultural. Andreea a urmat cursurile de licen\u021b\u0103 din cadrul UNATC Bucure\u0219ti, BARD College Berlin \u0219i cursurile masterale \u00een cadrul Facult\u0103\u021bii de Filosofie, Universitatea Bucure\u0219ti.<\/p>\n<p>Filmele sale au fost selectate la importante festivaluri interna\u021bionale &#8211; Cannes, Toronto, Karlovy Vary. Ele \u00eembin\u0103 poezia vizual\u0103 \u0219i antropologia pentru a explora teme precum originile, punctul de vedere feminin \u0219i natura. Proiectele sale recente exploreaz\u0103 privirea intersec\u021bional\u0103 feminin\u0103 \u0219i dau o voce femeilor din ruralul rom\u00e2nesc. Andreea este \u00een post-produc\u021bie cu primul s\u0103u lungmetraj de fic\u021biune <i>Malul V\u00e2n\u0103t<\/i>, o co-produc\u021bie Rom\u00e2nia-Fran\u021ba-Slovenia, proiect pentru care a primit granturi din partea Centrului Na\u021bional al Cinematografiei, CNC Fran\u021ba, Centrului Sloven de Film, programului european MEDIA \u0219i Eurimages.<\/p>\n<p>Andreea este co-fondatoarea \u0219i co-curatoarea Pustnik, o reziden\u021b\u0103 interna\u021bional\u0103 de scenaristic\u0103 care are loc anual \u00een Rom\u00e2nia. Din 2006 Andreea este co-fondatoarea celui mai important eveniment de educa\u021bie alternativ\u0103 dedicat adolescen\u021bilor &#8211; Festivalul de Teatru T\u00e2n\u0103r Ideo Ideis, festival ce are loc \u00een fiecare an \u00een ora\u0219ul s\u0103u natal, Alexandria.<\/p>\n<p>\u00cencep\u00e2nd din octombrie 2021 este cadru asociat la Facultatea de Film, departamentul scenaristic\u0103-filmologie din cadrul UNATC, Bucure\u0219ti. A tradus al\u0103turi de Lucian Georgescu cartea lui Stevan Maras, <i>Screenwriting: history, theory and practice, <\/i>ap\u0103rut\u0103 \u00een 2024 la editura Polirom.\u00a0<\/p>\n","protected":false},"excerpt":{"rendered":"<p>Cr\u0103i\u021ba Nanu Cr\u0103i\u021ba Nanu este selec\u021bioner\u0103 \u0219i curatoare de film \u00een echipa Festivalului Interna\u021bional de Film Transilvania. \u00cen 2019 a devenit consultant\u0103 de scenarii, form\u00e2ndu-se \u00een cadrul Torino Film Lab, iar apoi a pus bazele programului New Draft \u00eempreun\u0103 cu [&hellip;]<\/p>\n","protected":false},"author":2,"featured_media":0,"parent":2509,"menu_order":2,"comment_status":"closed","ping_status":"closed","template":"side-navigation.php","meta":{"footnotes":""},"class_list":["post-2519","page","type-page","status-publish","hentry"],"jetpack_sharing_enabled":true,"_links":{"self":[{"href":"https:\/\/www.controln.ro\/asociatia-culturala\/wp-json\/wp\/v2\/pages\/2519","targetHints":{"allow":["GET"]}}],"collection":[{"href":"https:\/\/www.controln.ro\/asociatia-culturala\/wp-json\/wp\/v2\/pages"}],"about":[{"href":"https:\/\/www.controln.ro\/asociatia-culturala\/wp-json\/wp\/v2\/types\/page"}],"author":[{"embeddable":true,"href":"https:\/\/www.controln.ro\/asociatia-culturala\/wp-json\/wp\/v2\/users\/2"}],"replies":[{"embeddable":true,"href":"https:\/\/www.controln.ro\/asociatia-culturala\/wp-json\/wp\/v2\/comments?post=2519"}],"version-history":[{"count":8,"href":"https:\/\/www.controln.ro\/asociatia-culturala\/wp-json\/wp\/v2\/pages\/2519\/revisions"}],"predecessor-version":[{"id":2821,"href":"https:\/\/www.controln.ro\/asociatia-culturala\/wp-json\/wp\/v2\/pages\/2519\/revisions\/2821"}],"up":[{"embeddable":true,"href":"https:\/\/www.controln.ro\/asociatia-culturala\/wp-json\/wp\/v2\/pages\/2509"}],"wp:attachment":[{"href":"https:\/\/www.controln.ro\/asociatia-culturala\/wp-json\/wp\/v2\/media?parent=2519"}],"curies":[{"name":"wp","href":"https:\/\/api.w.org\/{rel}","templated":true}]}}