{"id":2667,"date":"2023-04-08T14:41:13","date_gmt":"2023-04-08T12:41:13","guid":{"rendered":"https:\/\/www.controln.ro\/asociatia-culturala\/?page_id=2667"},"modified":"2024-04-22T15:09:27","modified_gmt":"2024-04-22T13:09:27","slug":"participanti-new-draft-editia-i-2021","status":"publish","type":"page","link":"https:\/\/www.controln.ro\/asociatia-culturala\/workshop-uri\/new-draft\/participanti-new-draft-editia-i-2021\/","title":{"rendered":"New Draft &#8211; arhiv\u0103"},"content":{"rendered":"\n<figure class=\"wp-block-image size-full\"><a href=\"https:\/\/www.controln.ro\/asociatia-culturala\/wp-content\/uploads\/2023\/04\/new-draft-final-screenshot-cover-850.jpg\"><img decoding=\"async\" width=\"850\" height=\"478\" src=\"https:\/\/www.controln.ro\/asociatia-culturala\/wp-content\/uploads\/2023\/04\/new-draft-final-screenshot-cover-850.jpg\" alt=\"\" class=\"wp-image-2670\" srcset=\"https:\/\/www.controln.ro\/asociatia-culturala\/wp-content\/uploads\/2023\/04\/new-draft-final-screenshot-cover-850.jpg 850w, https:\/\/www.controln.ro\/asociatia-culturala\/wp-content\/uploads\/2023\/04\/new-draft-final-screenshot-cover-850-300x169.jpg 300w, https:\/\/www.controln.ro\/asociatia-culturala\/wp-content\/uploads\/2023\/04\/new-draft-final-screenshot-cover-850-768x432.jpg 768w\" sizes=\"(max-width: 850px) 100vw, 850px\" \/><\/a><\/figure>\n\n\n\n<p>\u00a0<\/p>\n<p><strong>New Draft<\/strong>, prima reziden\u021b\u0103 online de dezvoltare de scenarii de lung\u0103 durat\u0103 din Rom\u00e2nia, s-a desf\u0103\u0219urat \u00een perioada iulie &#8211; octombrie, 2021. Dedicat\u0103 regizorilor s\u0326i scenaris\u0326tilor din toata\u0306 t\u0326ara, proaspe\u021bilor absolven\u021bi de facult\u0103\u021bi de profil \u0219i autorilor din medii conexe (literatura\u0306, teatru, arte vizuale, etc.), cu proiecte \u00een faza de \u00eenceput, prima edi\u021bie\u00a0<strong>New Draft<\/strong>\u00a0a dezvoltat 12 proiecte de lung-metraj, totul finaliz\u00e2nd cu o sesiune de pitch online \u00een fa\u021ba unei audien\u021be formate din produc\u0103tori \u0219i regizori rom\u00e2ni.<\/p>\n<p>Participan\u021bii au fost studen\u021bi sau absolven\u021bi de facult\u0103\u021bi de profil:\u00a0 <strong>Adina \u0218te\u021bcu, Emil Vasilache, Adrian Ionescu, R\u0103zvan Dutchevici, Bogdan Drumea, Anca Oproiu, Sergiu Lup\u0219e<\/strong>, scenari\u0219ti \u0219i regizori independen\u021bi: <strong>Bogdan Ilie\u0219iu, Doru Vatavului<\/strong>, regizori consacra\u021bi: <strong>Andrei Gruzsniczki<\/strong>, \u0219i autori din medii conexe: <strong>\u0218tefan Mako<\/strong> \u0219i <strong>Lavinia Brani\u0219te<\/strong>.<\/p>\n<p>Invita\u021bii speciali ai acestei edi\u021bii au fost produc\u0103torii Ada Solomon, Tudor Giurgiu \u0219i Iuliana Tarnove\u021bchi, care au oferit feedback pe proiecte pe parcursul celei de-a doua sesiuni de lucru.<\/p>\n<p>\u00a0<\/p>\n<p><span style=\"font-weight: 400;\">Edi\u021bia a doua a New Draft s-a desf\u0103\u0219urat \u00een perioada iulie \u2013 octombrie, 2023.\u00a0<\/span><\/p>\n<p><span style=\"font-weight: 400;\">Participan\u021bii au fost: Elena C\u0103linoiu, Bogdan Drumea, Carla Fotea, Irina Hu\u021bu, Cristina Iliescu, Adrian Ionescu, Lucia Lupu, Dan Panaet, Dima Stoianov, Andrei \u0218ian\u021biu, Nicolina \u0218terbe\u021b, Denisse Conn Tubacu.<\/span><\/p>\n<p><span style=\"font-weight: 400;\">Invita\u021bii speciali au fost produc\u0103torii Ada Solomon, Tudor Giurgiu \u0219i Bianca Oana.<\/span><\/p>\n","protected":false},"excerpt":{"rendered":"<p>\u00a0 New Draft, prima reziden\u021b\u0103 online de dezvoltare de scenarii de lung\u0103 durat\u0103 din Rom\u00e2nia, s-a desf\u0103\u0219urat \u00een perioada iulie &#8211; octombrie, 2021. Dedicat\u0103 regizorilor s\u0326i scenaris\u0326tilor din toata\u0306 t\u0326ara, proaspe\u021bilor absolven\u021bi de facult\u0103\u021bi de profil \u0219i autorilor din medii [&hellip;]<\/p>\n","protected":false},"author":2,"featured_media":0,"parent":2509,"menu_order":4,"comment_status":"closed","ping_status":"closed","template":"side-navigation.php","meta":{"footnotes":""},"class_list":["post-2667","page","type-page","status-publish","hentry"],"jetpack_sharing_enabled":true,"_links":{"self":[{"href":"https:\/\/www.controln.ro\/asociatia-culturala\/wp-json\/wp\/v2\/pages\/2667","targetHints":{"allow":["GET"]}}],"collection":[{"href":"https:\/\/www.controln.ro\/asociatia-culturala\/wp-json\/wp\/v2\/pages"}],"about":[{"href":"https:\/\/www.controln.ro\/asociatia-culturala\/wp-json\/wp\/v2\/types\/page"}],"author":[{"embeddable":true,"href":"https:\/\/www.controln.ro\/asociatia-culturala\/wp-json\/wp\/v2\/users\/2"}],"replies":[{"embeddable":true,"href":"https:\/\/www.controln.ro\/asociatia-culturala\/wp-json\/wp\/v2\/comments?post=2667"}],"version-history":[{"count":4,"href":"https:\/\/www.controln.ro\/asociatia-culturala\/wp-json\/wp\/v2\/pages\/2667\/revisions"}],"predecessor-version":[{"id":2761,"href":"https:\/\/www.controln.ro\/asociatia-culturala\/wp-json\/wp\/v2\/pages\/2667\/revisions\/2761"}],"up":[{"embeddable":true,"href":"https:\/\/www.controln.ro\/asociatia-culturala\/wp-json\/wp\/v2\/pages\/2509"}],"wp:attachment":[{"href":"https:\/\/www.controln.ro\/asociatia-culturala\/wp-json\/wp\/v2\/media?parent=2667"}],"curies":[{"name":"wp","href":"https:\/\/api.w.org\/{rel}","templated":true}]}}