{"id":81,"date":"2014-01-08T11:45:09","date_gmt":"2014-01-08T11:45:09","guid":{"rendered":"http:\/\/www.controln.ro\/asociatia-culturala\/?page_id=81"},"modified":"2019-06-11T14:19:09","modified_gmt":"2019-06-11T12:19:09","slug":"despre","status":"publish","type":"page","link":"https:\/\/www.controln.ro\/asociatia-culturala\/despre\/","title":{"rendered":"despre"},"content":{"rendered":"<div class=\"margini\">\n<div class=\"verde\">\n<p><strong>CONTROL N<\/strong><\/p>\n<p class=\"p1\">Asocia\u021bia Cultural\u0103 Control N a fost fondat\u0103 \u00een 2009 de Oana R\u0103suceanu (scenarist), Ana Agopian (scenarist) \u0219i Iulia Rugin\u0103 (regizor de film), cu scopul de a \u00eenlesni accesul la educa\u021bie cinematografic\u0103 \u00een Rom\u00e2nia, de a crea pun\u021bi \u00eentre arti\u0219tii locali \u0219i interna\u021bionali, de a sprijini debutul artistic \u0219i manifest\u0103rile creative \u00een zona artelor performative.<\/p>\n<p class=\"p1\">De-a lungul celor 10 ani de activitate, Asocia\u021bia Cultural\u0103 Control N a devenit unul dintre dintre cei mai activi organizatori de evenimente culturale \u00een zona filmului, teatrului, dansului, fotografiei \u0219i scrierii creative. Cursurile, atelierele de crea\u021bie, conferin\u021bele \u0219i masterclassurile organizate (care au \u00eensumat un num\u0103r de aproximativ 1300 de participan\u021bi, provenind din toate domeniile artelor vizuale) au fost completate de proiecte interna\u021bionale realizate cu parteneri din Italia, Fran\u021ba, Belgia \u0219i Polonia, sus\u021binute de organisme precum Centrul Na\u021bional al Cinematografiei, Administra\u021bia Fondului Cultural Na\u021bional, Prim\u0103ria Municipiului Bucure\u0219ti prin ARCUB, Ministerul Culturii prin programul ACCES \u0219i Uniunea European\u0103 prin programul Creative Europe. Printre cele mai ample se num\u0103r\u0103 LIM \u2013 LESS IS MORE, Transilvania Talent Lab, Second Draft.<\/p>\n<p class=\"p1\">\u00cen ultimii 3 ani activitatea Control N s-a extins \u00een zona artelor performative, asocia\u021bia av\u00e2nd \u00een portofoliu 4 produc\u021bii de teatru \u0219i dans originale (<em>Telefonul din col\u021bul str\u0103zii<\/em>, <em>Dorian<\/em> \u2013 inclus \u00een selec\u021bia oficial\u0103 a Festivalului Na\u021bional de Teatru 2017, <em>Dance Yourself<\/em>, <em>Neverland<\/em>) dou\u0103 expozi\u021bii, <em>DISCO BTT,<\/em> expozi\u021bie multimedia dedicat\u0103 discotecilor comuniste \u2013 proiect recompensat cu Premiul AFCN 2018 pentru activarea patrimoniului cultural imaterial din Rom\u00e2nia, organizat \u00een Bucure\u0219ti \u0219i \u00een Cluj-Napoca, cu sprijinul AFCN \u0219i <em>ACSINTE.100<\/em>, o expozi\u021bie cu fotografiile realizate de Costic\u0103 Acsinte \u00een Rom\u00e2nia Primului r\u0103zboi mondial \u0219i perioada interbelic\u0103.<\/p>\n<p class=\"p1\">Experien\u021ba de 15 ani \u00een management cultural a celor trei membri fondatori s-a \u00eempletit cu o carier\u0103 \u00een cinematografie, echipa de scenari\u0219ti \u2013 regizor av\u00e2nd \u00een portofoliu 3 filme de lung metraj (Love Building, Alt Love Building, Breaking News) \u0219i 12 scurtmetraje, proiectate, \u00een total, \u00een peste 70 de evenimente culturale din 30 de \u021b\u0103ri.<\/p>\n<\/div>\n<\/div>\n","protected":false},"excerpt":{"rendered":"<p>CONTROL N Asocia\u021bia Cultural\u0103 Control N a fost fondat\u0103 \u00een 2009 de Oana R\u0103suceanu (scenarist), Ana Agopian (scenarist) \u0219i Iulia Rugin\u0103 (regizor de film), cu scopul de a \u00eenlesni accesul la educa\u021bie cinematografic\u0103 \u00een Rom\u00e2nia, de a crea pun\u021bi \u00eentre [&hellip;]<\/p>\n","protected":false},"author":2,"featured_media":0,"parent":0,"menu_order":0,"comment_status":"closed","ping_status":"closed","template":"","meta":{"footnotes":""},"class_list":["post-81","page","type-page","status-publish","hentry"],"jetpack_sharing_enabled":true,"_links":{"self":[{"href":"https:\/\/www.controln.ro\/asociatia-culturala\/wp-json\/wp\/v2\/pages\/81","targetHints":{"allow":["GET"]}}],"collection":[{"href":"https:\/\/www.controln.ro\/asociatia-culturala\/wp-json\/wp\/v2\/pages"}],"about":[{"href":"https:\/\/www.controln.ro\/asociatia-culturala\/wp-json\/wp\/v2\/types\/page"}],"author":[{"embeddable":true,"href":"https:\/\/www.controln.ro\/asociatia-culturala\/wp-json\/wp\/v2\/users\/2"}],"replies":[{"embeddable":true,"href":"https:\/\/www.controln.ro\/asociatia-culturala\/wp-json\/wp\/v2\/comments?post=81"}],"version-history":[{"count":18,"href":"https:\/\/www.controln.ro\/asociatia-culturala\/wp-json\/wp\/v2\/pages\/81\/revisions"}],"predecessor-version":[{"id":2422,"href":"https:\/\/www.controln.ro\/asociatia-culturala\/wp-json\/wp\/v2\/pages\/81\/revisions\/2422"}],"wp:attachment":[{"href":"https:\/\/www.controln.ro\/asociatia-culturala\/wp-json\/wp\/v2\/media?parent=81"}],"curies":[{"name":"wp","href":"https:\/\/api.w.org\/{rel}","templated":true}]}}