{"id":83,"date":"2014-01-08T11:45:32","date_gmt":"2014-01-08T11:45:32","guid":{"rendered":"http:\/\/www.controln.ro\/asociatia-culturala\/?page_id=83"},"modified":"2016-07-21T13:10:41","modified_gmt":"2016-07-21T13:10:41","slug":"fondatori","status":"publish","type":"page","link":"https:\/\/www.controln.ro\/asociatia-culturala\/fondatori\/","title":{"rendered":"fondatori"},"content":{"rendered":"<div class=\"margini\">\n<div class=\"verde\">\n<p><strong>OANA R\u0102SUCEANU<\/strong><\/p>\n<p><img decoding=\"async\" class=\"alignright\" alt=\"DESPRE_Fondatori_1 (Oana Rasuceanu)\" src=\"http:\/\/www.controln.ro\/asociatia-culturala\/wp-content\/uploads\/2014\/01\/DESPRE_Fondatori_1-Oana-Rasuceanu.jpg\" width=\"202\" height=\"135\" \/>\u00a0A absolvit Universitatea Na\u0163ional\u0103 de Art\u0103 Teatral\u0103 \u015fi Cinematografic\u0103 \u201cI.L. Caragiale\u201d &#8211; Facultatea de Film, sec\u0163ia Comunicare audio-vizual\u0103 (scenaristic\u0103 \u015fi critica de film) \u015fi S.N.S.P.A &#8211; Facultatea de Relatii Publice \u015fi Comunicare David Ogilvy. A absolvit un master \u00een Art\u0103 Coregrafic\u0103 la UNATC.<\/p>\n<p>Este co-scenarist al scurt metrajelor Bun\u0103 Cristina! Pa Cristina!, Vineri \u00een jur de 11, Tabasco \u0219i Skugos, mediu metrajului Captivi de Cr\u0103ciun \u015fi al lung metrajului Breaking News.<\/p>\n<p>\u00cen 2007 a semnat concep\u0163ia \u015fi coregrafia spectacolului Dear Diary. Pe l\u00e2ng\u0103 Dear Diary, a fost interpret\u0103 \u00een dou\u0103 spectacole de coregrafie: 48 lat.N \u015fi Fragmente.<\/p>\n<p>Are o activitate intens\u0103 \u00een management cultural \u0219i rela\u021bii publice, \u00eenceput\u0103 \u00een 2004 ca PR Manager al Festivalului Interna\u021bional de Film Transilvania (TIFF). A fost Project Manager al Galei Premiilor Gopo (2007 \u2013 2011), PR Manager al Festivalului Interna\u021bional de Scurt \u015fi Mediu Metraj NexT (2007 \u2013 2010), PR Manager al Festivalului Na\u021bional de Teatru (2006 \u2013 2007). Experien\u021ba ei \u00een domeniul rela\u021biilor publice include campaniile de promovare ale filmelor Leg\u0103turi boln\u0103vicioase (r. Tudor Giurgiu), H\u00eertia va fi albastr\u0103 (r. Radu Muntean) \u0219i Cea mai fericit\u0103 fat\u0103 din lume (r. Radu Jude).<br \/>\nDin 2009 este colaborator al Doha Film Institute (DFI) pentru Doha Tribeca Film Festival (2009 \u2013 Registration Coordinator, 2010 &amp; 2011 \u2013 Volunteer Manager). \u00cen 2011 a fost Project Manager al proiectului Richard III \u00een Doha, o produc\u021bie teatral\u0103 \u00een regia lui Sam Mendes, av\u00e2ndu-l in distribu\u021bie pe Kevin Spacey, integrat\u0103 \u00een The Bridge Project \u0219i prezentat\u0103 \u00een Doha, Qatar, de c\u0103tre DFI.<\/p>\n<p>\u00cen perioada 2009 \u2013 2011 a fost preparator universitar \u00een cadrul UNATC, la sec\u021bia de scenaristic\u0103 a facult\u0103\u021bii de film. Este redactor de film al revistei Unica (din 2001).<\/p>\n<\/div>\n<\/div>\n<div class=\"margini\">\n<div class=\"verde\">\n<p><strong>ANA AGOPIAN<\/strong><\/p>\n<p><img decoding=\"async\" class=\"alignright\" alt=\"ana agopian\" src=\"http:\/\/www.controln.ro\/asociatia-culturala\/wp-content\/uploads\/2014\/01\/ana-agopian.jpg\" width=\"150\" height=\"175\" \/>Este absolvent\u0103 a Universit\u0103\u021bii Na\u021bionale de Art\u0103 Teatral\u0103 \u0219i Cinematografic\u0103 \u201cI.L. Caragiale\u201d(UNATC), sec\u021bia comunicare audio-vizual\u0103 (scenaristic\u0103 \u0219i critic\u0103 de film) \u0219i a European College of Liberal Arts (ECLA), Berlin. \u00cen 2010, a absolvit un master \u00een scenaristic\u0103 la UNATC.<\/p>\n<p>Ana a semnat, al\u0103turi de Oana R\u0103suceanu \u0219i Iulia Rugin\u0103, mai multe scenarii de scurt \u0219i mediu metraj (Bun\u0103 Cristina! Pa Cristina!, Tabasco \u0219i Captivi de Cr\u0103ciun) prezentate \u0219i premiate la numeroase festivaluri na\u021bionale \u0219i interna\u021bionale, \u0219i lung metrajul Breaking News, participant la workshop-urile de dezvoltare Sources 2, Graz 2008, Nipkow Program, Berlin 2008 \u0219i Scripteast (Sterdyn &#8211; Berlina &#8211; Cannes 2009).<\/p>\n<p>Ana a colaborat ca scenarist cu trustul Media Pro Pictures (incep\u00e2nd cu 2006) \u0219i postul de televiziune HBO (2011). Printre serialele semnate de ea se num\u0103r\u0103: Cu un pas \u00eenainte \u0219i Om bogat, om s\u0103rac.<\/p>\n<p>Activitatea ei cuprinde \u0219i colaborarea cu c\u00e2teva dintre cele mai importante festivaluri de film din Rom\u00e2nia. Ana a fost Guest Service Coordinator la Festivalul Interna\u021bional de Fim Transilvania &#8211; TIFF (2011) \u0219i Guest Coordinator la Festivalul Interna\u021bional de Film de Anima\u021bie Anim\u2019est (2010, 2011).<\/p>\n<p>\u00cen prezent, Ana este asistent universitar la Universitatea Na\u021bional\u0103 de Art\u0103 Teatral\u0103 \u0219i Cinematografic\u0103 \u201cI.L.Caragiale\u201d, unde pred\u0103 scenaristic\u0103 \u00een cadrul facult\u0103\u021bii de film.<\/p>\n<\/div>\n<\/div>\n<div class=\"margini\">\n<div class=\"verde\">\n<p><strong>IULIA RUGIN\u0102<\/strong><\/p>\n<p><img decoding=\"async\" class=\"wp-image-322 alignright\" alt=\"DESPRE_Fondatori_3 (Iulia Rugina)\" src=\"http:\/\/www.controln.ro\/asociatia-culturala\/wp-content\/uploads\/2014\/01\/DESPRE_Fondatori_3-Iulia-Rugina.jpg\" width=\"155\" height=\"174\" srcset=\"https:\/\/www.controln.ro\/asociatia-culturala\/wp-content\/uploads\/2014\/01\/DESPRE_Fondatori_3-Iulia-Rugina.jpg 324w, https:\/\/www.controln.ro\/asociatia-culturala\/wp-content\/uploads\/2014\/01\/DESPRE_Fondatori_3-Iulia-Rugina-267x300.jpg 267w\" sizes=\"(max-width: 155px) 100vw, 155px\" \/>A absolvit sec\u021bia de regie de film \u0219i televiziune din cadrul UNATC &#8220;I.L. Caragiale&#8221; \u0219i a finalizat un masterat \u00een regie de film \u00een cadrul aceleia\u0219i facult\u0103\u021bi. Scurt metrajele regizate \u00een anii facult\u0103\u021bii (Bun\u0103 Cristina! Pa Cristina!, Vineri \u00een jur de 11, Captivi de Cr\u0103ciun) au fost prezentate la festivaluri de film interna\u021bionale din Oberhausen, Ludwigsburg, Munchen, Trieste, Bruxelles, Poitiers, Sofia, Valencia, Cracovia, Bristol \u0219i altele.<\/p>\n<p>\u00cen 2009 a scris \u0219i regizat, \u00een Bosnia Herzegovina, scurt metrajul &#8220;Museum of Broken Relationships&#8221;. \u00cen 2010 a \u00eenceput o colaborare cu Actoriedefilm.ro, finalizat\u0103 cu 3 scurt metraje av\u00e2nd \u00een distribu\u021bie doar actori neprofesioni\u0219ti: &#8220;Raluca+1&#8221; (2010), &#8220;Sink&#8221; (2011), &#8220;S\u0103 mori de dragoste r\u0103nita&#8221; (2014). \u00cen 2013 a debutat \u00een lung-metraj cu filmul &#8220;Love Building&#8221;, recompensat cu men\u021biunea special\u0103 a juriului FIPRESCI la Festivalul de Film de la Var\u0219ovia. Filmul s-a clasat pe locul 2 \u00een topul celor mai vizionate filme la cinema \u00een 2013. \u00cen 2014 Iulia a regizat \u0219i continuarea filmului, &#8220;Alt Love Building&#8221;.\u00a0\u00cen prezent e \u00een post-produc\u021bie cu al treilea lung metraj, &#8220;Breaking News&#8221;.<\/p>\n<p>Iulia s-a implicat \u0219i \u00een latura de organizare de evenimente cinematografice, lucr\u00e2nd pentru Transilvania International Film Festival, NexT Film Festival, Anim&#8217;est Film Festival. \u00cen 2011 \u0219i 2012 a petrecut 3, respectiv 4 luni \u00een Doha, Qatar, unde a lucrat pentru Doha International Film Festival. \u00centre 2009 \u0219i 2011 a fost preparator universitar la catedra de scenaristic\u0103 din cadrul UNATC. A f\u0103cut parte din echipa unor proiecte sociale, precum S.P.E.R &#8211; Stop Prejudeca\u021bilor despre Etnia Roma, BEAMS sau \u0218coala dupa \u0218coal\u0103.<\/p>\n<\/div>\n<\/div>\n","protected":false},"excerpt":{"rendered":"<p>OANA R\u0102SUCEANU \u00a0A absolvit Universitatea Na\u0163ional\u0103 de Art\u0103 Teatral\u0103 \u015fi Cinematografic\u0103 \u201cI.L. Caragiale\u201d &#8211; Facultatea de Film, sec\u0163ia Comunicare audio-vizual\u0103 (scenaristic\u0103 \u015fi critica de film) \u015fi S.N.S.P.A &#8211; Facultatea de Relatii Publice \u015fi Comunicare David Ogilvy. A absolvit un master [&hellip;]<\/p>\n","protected":false},"author":2,"featured_media":0,"parent":0,"menu_order":0,"comment_status":"closed","ping_status":"closed","template":"","meta":{"footnotes":""},"class_list":["post-83","page","type-page","status-publish","hentry"],"jetpack_sharing_enabled":true,"_links":{"self":[{"href":"https:\/\/www.controln.ro\/asociatia-culturala\/wp-json\/wp\/v2\/pages\/83","targetHints":{"allow":["GET"]}}],"collection":[{"href":"https:\/\/www.controln.ro\/asociatia-culturala\/wp-json\/wp\/v2\/pages"}],"about":[{"href":"https:\/\/www.controln.ro\/asociatia-culturala\/wp-json\/wp\/v2\/types\/page"}],"author":[{"embeddable":true,"href":"https:\/\/www.controln.ro\/asociatia-culturala\/wp-json\/wp\/v2\/users\/2"}],"replies":[{"embeddable":true,"href":"https:\/\/www.controln.ro\/asociatia-culturala\/wp-json\/wp\/v2\/comments?post=83"}],"version-history":[{"count":23,"href":"https:\/\/www.controln.ro\/asociatia-culturala\/wp-json\/wp\/v2\/pages\/83\/revisions"}],"predecessor-version":[{"id":1445,"href":"https:\/\/www.controln.ro\/asociatia-culturala\/wp-json\/wp\/v2\/pages\/83\/revisions\/1445"}],"wp:attachment":[{"href":"https:\/\/www.controln.ro\/asociatia-culturala\/wp-json\/wp\/v2\/media?parent=83"}],"curies":[{"name":"wp","href":"https:\/\/api.w.org\/{rel}","templated":true}]}}