{"id":95,"date":"2014-01-08T11:51:33","date_gmt":"2014-01-08T11:51:33","guid":{"rendered":"http:\/\/www.controln.ro\/asociatia-culturala\/?page_id=95"},"modified":"2016-07-28T13:28:32","modified_gmt":"2016-07-28T13:28:32","slug":"punct","status":"publish","type":"page","link":"https:\/\/www.controln.ro\/asociatia-culturala\/cursuri\/punct\/","title":{"rendered":"punct"},"content":{"rendered":"<div class=\"margini\">\n<div class=\"verde\">\n<strong>PUNCT&#8230;<\/strong><br \/>\n<strong>CURS DE CREATIVE WRITING<\/strong><\/p>\n<p>Dedicat at\u00e2t celor cu experien\u021b\u0103 \u00een scriitura de proz\u0103 scurt\u0103, c\u00e2t \u0219i \u00eencep\u0103torilor, Punct&#8230; este un curs de scriere creativ\u0103 sus\u021binut de scriitorul Cristian Teodorescu. Timp de 10 s\u0103pt\u0103m\u00e2ni, participan\u021bii vor fi ghida\u021bi \u00een descoperirea referin\u021belor literare, \u00een identificarea propriilor teme, \u00een alegerea stilului, \u00een structurarea unei povestiri, \u00een organizarea timpului, \u00een rela\u021bionarea cu propria lucrare \u0219i vor scrie un fragment de proz\u0103 scurt\u0103 la alegerea lor.<\/p>\n<p>Cursul este interactiv \u0219i \u00ee\u0219i propune s\u0103 stimuleze creativitatea participan\u021bilor, oferindu-le o baz\u0103 de plecare \u00een dezvoltarea pasiunii pentru literatur\u0103.<\/p>\n<p>Cristian Teodorescu este, \u00een prezent, redactor la ziarul Ca\u0163avencii. A debutat, \u00een 1985, cu volumul de povestiri Maestrul de lumini, dup\u0103 ce fusese inclus \u00een volumul colectiv Desant\u201983. Dup\u0103 debut, public\u0103 volumele: Tainele inimei (1988), Faust repovestit copiilor (1991), Povestiri din lumea nou\u0103 (1996), \u00cengerul de benzin\u0103rie (2003). Este de\u0163in\u0103torul Premiului pentru debut al Uniunii Scriitorilor din Rom\u00e2nia (1985) \u015fi al Premiului pentru proz\u0103, acordat de aceea\u015fi Uniune, \u00een 1996. \u00cen 2009, a ap\u0103rut cel mai recent roman al s\u0103u \u2013 Medgidia, ora\u015ful de apoi \u2013 pentru care, din nou, a primit numeroase premii.<\/p>\n<p>Toata lucr\u0103rile finalizate \u00een cadrul cursului vor fi publicate pe site-ul Liternet.ro. La finalul cursului, trainerul cursului va acorda Bursa Liternet, const\u00e2nd \u00eentr-o rubric\u0103 s\u0103pt\u0103m\u00e2nal\u0103 de texte publicate pe site-ul www.liternet.ro, timp de 3 luni.<\/p>\n<p><strong>STRUCTURA CURSULUI<\/strong><\/p>\n<p>\u0218EDIN\u021aA 1<br \/>\nIntroducere. Cine s\u00eentem? Ai scris ceva p\u00een\u0103 acum? De ce vrei s\u0103 scrii? De ce au vrut al\u0163ii \u2013 scriitori celebri \u2013\u00a0 \u015fi de la ce v\u00eerst\u0103? Pe h\u00eertie sau la computer?<\/p>\n<p>\u0218EDIN\u021aA 2<br \/>\nReferin\u021bele. C\u0103r\u0163ile se nasc din c\u0103r\u0163i. Ce citim ca s\u0103 scriem? Influen\u0163ele fiecaruia. Tirania ultimei c\u0103r\u0163i citite. Cum s\u0103 nu inventezi roata din ignoran\u0163\u0103. Cum s\u0103 nu ajungi la concluzia c\u0103 totul s-a scris.<\/p>\n<p>\u0218EDIN\u021aA 3<br \/>\n\u00cenceputul. Ai sau n-ai talent? Inspirat sau transpirat? De unde vine dorin\u0163a de a scrie? Prima propozi\u0163ie. De la \u201eC\u00eent\u0103 zei\u0163\u0103!\u201d a lui Homer la personajul lui Camus care nu putea trece de prima fraz\u0103.<\/p>\n<p>\u0218EDIN\u021aA 4<br \/>\nContinuarea. Diferen\u0163a dintre a povesti oral \u015fi a scrie. Ce vrei s\u0103 scrii? Fragmentul care nu vrea s\u0103 nearg\u0103 mai departe. Ce-i lipse\u015fte?<\/p>\n<p>\u0218EDIN\u021aA 5<br \/>\nPunctul de vedere. Din punctul cui de vedere scrii? Persoana I, persoana a II-a, persoana a III-a. De la autorul care le \u015ftie pe toate, la punctul de vedere al unuia dintre personaje.<\/p>\n<p>\u0218EDIN\u021aA 6<br \/>\nStilul. Stilul \u201efrumos\u201d \u015fi stilul expresiv. Cum \u0163i se fixeaz\u0103 stilul?<\/p>\n<p>\u0218EDIN\u021aA 7<br \/>\nGenuri literare. Schi\u0163\u0103. Povestire. Roman. Cum te apropii de fiecare \u00een parte?<\/p>\n<p>\u0218EDIN\u021aA 8<br \/>\nStructura.Construirea unei povestiri, pas cu pas.<\/p>\n<p>\u0218EDIN\u021aA 9<br \/>\nDisciplina scrisului. C\u00eend scrii? C\u00eet scrii? Cum te preg\u0103te\u015fti pentru a doua zi. Fi\u015fele. Scrierea \u015fi rescrierea textului.<\/p>\n<p>\u0218EDIN\u021aA 10<br \/>\nPrimul contact cu cititorul. Nevoia de a citi \u015fi altora ce-ai scris. Dorin\u0163a de a publica. Autocontrolul \u015fi p\u0103rerile altora. Prieteni. Cenaclu. Editor.<\/p>\n<p><strong>N<\/strong><b>u s-a stabilit perioada de desf\u0103\u0219urare a urm\u0103toarei sesiuni.<\/b>\n<\/div>\n<\/div>\n","protected":false},"excerpt":{"rendered":"<p>PUNCT&#8230; CURS DE CREATIVE WRITING Dedicat at\u00e2t celor cu experien\u021b\u0103 \u00een scriitura de proz\u0103 scurt\u0103, c\u00e2t \u0219i \u00eencep\u0103torilor, Punct&#8230; este un curs de scriere creativ\u0103 sus\u021binut de scriitorul Cristian Teodorescu. Timp de 10 s\u0103pt\u0103m\u00e2ni, participan\u021bii vor fi ghida\u021bi \u00een descoperirea [&hellip;]<\/p>\n","protected":false},"author":2,"featured_media":0,"parent":267,"menu_order":3,"comment_status":"closed","ping_status":"closed","template":"side-navigation.php","meta":{"footnotes":""},"class_list":["post-95","page","type-page","status-publish","hentry"],"jetpack_sharing_enabled":true,"_links":{"self":[{"href":"https:\/\/www.controln.ro\/asociatia-culturala\/wp-json\/wp\/v2\/pages\/95","targetHints":{"allow":["GET"]}}],"collection":[{"href":"https:\/\/www.controln.ro\/asociatia-culturala\/wp-json\/wp\/v2\/pages"}],"about":[{"href":"https:\/\/www.controln.ro\/asociatia-culturala\/wp-json\/wp\/v2\/types\/page"}],"author":[{"embeddable":true,"href":"https:\/\/www.controln.ro\/asociatia-culturala\/wp-json\/wp\/v2\/users\/2"}],"replies":[{"embeddable":true,"href":"https:\/\/www.controln.ro\/asociatia-culturala\/wp-json\/wp\/v2\/comments?post=95"}],"version-history":[{"count":7,"href":"https:\/\/www.controln.ro\/asociatia-culturala\/wp-json\/wp\/v2\/pages\/95\/revisions"}],"predecessor-version":[{"id":1800,"href":"https:\/\/www.controln.ro\/asociatia-culturala\/wp-json\/wp\/v2\/pages\/95\/revisions\/1800"}],"up":[{"embeddable":true,"href":"https:\/\/www.controln.ro\/asociatia-culturala\/wp-json\/wp\/v2\/pages\/267"}],"wp:attachment":[{"href":"https:\/\/www.controln.ro\/asociatia-culturala\/wp-json\/wp\/v2\/media?parent=95"}],"curies":[{"name":"wp","href":"https:\/\/api.w.org\/{rel}","templated":true}]}}