{"id":97,"date":"2014-01-08T11:51:56","date_gmt":"2014-01-08T11:51:56","guid":{"rendered":"http:\/\/www.controln.ro\/asociatia-culturala\/?page_id=97"},"modified":"2019-05-02T17:53:09","modified_gmt":"2019-05-02T15:53:09","slug":"first-draft","status":"publish","type":"page","link":"https:\/\/www.controln.ro\/asociatia-culturala\/cursuri\/first-draft\/","title":{"rendered":"first draft"},"content":{"rendered":"<div class=\"margini\">\n<div class=\"verde\">\n<p><strong>FIRST DRAFT<\/strong><br \/>\n<strong> ATELIER DE SCENARISTIC\u0102 PENTRU \u00ceNCEPATORI<\/strong><\/p>\n<p><strong><a href=\"http:\/\/www.controln.ro\/asociatia-culturala\/wp-content\/uploads\/2014\/01\/1.a.PROIECTE_Cursuri_First-Draft.jpg\"><img decoding=\"async\" class=\"alignright size-full wp-image-331\" src=\"http:\/\/www.controln.ro\/asociatia-culturala\/wp-content\/uploads\/2014\/01\/1.a.PROIECTE_Cursuri_First-Draft.jpg\" alt=\"featured_FIRSTDRAFT\" width=\"350\" height=\"357\" srcset=\"https:\/\/www.controln.ro\/asociatia-culturala\/wp-content\/uploads\/2014\/01\/1.a.PROIECTE_Cursuri_First-Draft.jpg 350w, https:\/\/www.controln.ro\/asociatia-culturala\/wp-content\/uploads\/2014\/01\/1.a.PROIECTE_Cursuri_First-Draft-294x300.jpg 294w, https:\/\/www.controln.ro\/asociatia-culturala\/wp-content\/uploads\/2014\/01\/1.a.PROIECTE_Cursuri_First-Draft-66x66.jpg 66w\" sizes=\"(max-width: 350px) 100vw, 350px\" \/><\/a><\/strong><\/p>\n<p><strong>FIRST DRAFT<\/strong> este un workshop de scenaristic\u0103 dedicat amatorilor de cinema \u015fi persoanelor ce nu de\u0163in o preg\u0103tire aprofundat\u0103 \u00een domeniul scrierii scenariilor de film. La finalul celor 8 \u015fedin\u0163e ne propunem ca participan\u0163ii la curs s\u0103 st\u0103p\u00e2neasc\u0103 elemente de baz\u0103 legate de scenaristica de film, s\u0103 poat\u0103 analiza un scenariu sau un film, s\u0103 poat\u0103 crea la r\u00e2ndul lor un prim scenariu de scurt metraj. Cursul va fi sus\u0163inut de scenarista <strong>Ana Agopian<\/strong>.<\/p>\n<p>Proiectul se adreseaz\u0103 persoanelor de toate v\u00e2rstele, pasionate de cinema \u015fi interesate de etapele realiz\u0103rii unui film. Cele 8 \u015fedin\u0163e de curs dezvolt\u0103 \u00een am\u0103nunt prima \u015fi cea mai important\u0103 parte a unui film: scenariul.<\/p>\n<p>Participan\u0163ii vor fi \u00eendruma\u0163i pas cu pas \u00een scrierea unui scenariu de film \u2013 drumul de la idee p\u00e2n\u0103 la premiz\u0103, personaje, structur\u0103, redactare.Cursul se va desf\u0103\u015fura sub forma unui atelier de crea\u0163ie \u00een care participan\u0163ii vor avea libertate maxim\u0103 de a-\u015fi expune ideile \u015fi vor fi \u00eendruma\u0163i cu sfaturi profesioniste \u015fi exemple clasice din cinematografia universal\u0103. La finalul celor 8 \u015fedin\u0163e de curs, fiecare participant va avea in portofoliu un prim scenariu de scurt metraj.<\/p>\n<p><strong>STRUCTURA CURSULUI<\/strong><\/p>\n<p>Teoria discutat\u0103 la curs include at\u00e2t no\u021biuni legate de dezvoltarea \u0219i analizarea unui scenariu (formatare, alegerea subiectului, personaje, premiz\u0103, scop, protagonist, antagonist, conflict, structura \u00een trei acte, exerci\u021bii de dialog) c\u00e2t \u0219i informa\u021bii despre pa\u0219ii de la scenariu la produc\u021bia cinematografic\u0103, analiz\u0103 de secven\u021be \u0219i vizion\u0103ri de scurt metraje.<br \/>\nNo\u021biunile de teorie sunt \u00eembinate cu aplicarea lor practic\u0103. La finalul fiec\u0103rei \u0219edin\u021be participan\u021bii primesc o tem\u0103. Textele lor sunt discutate fie la curs, fie primesc indica\u021bii prin email. Toate aceste teme au ca scop dezvoltarea pas cu pas a unui scenariu de scurt metraj.<\/p>\n<p>P\u0103n\u0103 \u00een prezent, CONTROL N a organizat 13 sesiuni ale atelierului de scenaristic\u0103 <strong>FIRST DRAFT<\/strong>, \u00een parteneriat cu Funda\u021bia Calea Victoriei, Libr\u0103riile C\u0103rture\u0219ti \u0219i Agen\u021bia de Monitorizare a Presei.<\/p>\n<p><strong>N<\/strong><b>u s-a stabilit perioada de desf\u0103\u0219urare a urm\u0103toarei sesiuni.<\/b><\/p>\n<\/div>\n<\/div>\n","protected":false},"excerpt":{"rendered":"<p>FIRST DRAFT ATELIER DE SCENARISTIC\u0102 PENTRU \u00ceNCEPATORI FIRST DRAFT este un workshop de scenaristic\u0103 dedicat amatorilor de cinema \u015fi persoanelor ce nu de\u0163in o preg\u0103tire aprofundat\u0103 \u00een domeniul scrierii scenariilor de film. La finalul celor 8 \u015fedin\u0163e ne propunem ca [&hellip;]<\/p>\n","protected":false},"author":2,"featured_media":0,"parent":267,"menu_order":1,"comment_status":"closed","ping_status":"closed","template":"side-navigation.php","meta":{"footnotes":""},"class_list":["post-97","page","type-page","status-publish","hentry"],"jetpack_sharing_enabled":true,"_links":{"self":[{"href":"https:\/\/www.controln.ro\/asociatia-culturala\/wp-json\/wp\/v2\/pages\/97","targetHints":{"allow":["GET"]}}],"collection":[{"href":"https:\/\/www.controln.ro\/asociatia-culturala\/wp-json\/wp\/v2\/pages"}],"about":[{"href":"https:\/\/www.controln.ro\/asociatia-culturala\/wp-json\/wp\/v2\/types\/page"}],"author":[{"embeddable":true,"href":"https:\/\/www.controln.ro\/asociatia-culturala\/wp-json\/wp\/v2\/users\/2"}],"replies":[{"embeddable":true,"href":"https:\/\/www.controln.ro\/asociatia-culturala\/wp-json\/wp\/v2\/comments?post=97"}],"version-history":[{"count":28,"href":"https:\/\/www.controln.ro\/asociatia-culturala\/wp-json\/wp\/v2\/pages\/97\/revisions"}],"predecessor-version":[{"id":2340,"href":"https:\/\/www.controln.ro\/asociatia-culturala\/wp-json\/wp\/v2\/pages\/97\/revisions\/2340"}],"up":[{"embeddable":true,"href":"https:\/\/www.controln.ro\/asociatia-culturala\/wp-json\/wp\/v2\/pages\/267"}],"wp:attachment":[{"href":"https:\/\/www.controln.ro\/asociatia-culturala\/wp-json\/wp\/v2\/media?parent=97"}],"curies":[{"name":"wp","href":"https:\/\/api.w.org\/{rel}","templated":true}]}}