{"id":99,"date":"2014-01-08T11:52:15","date_gmt":"2014-01-08T11:52:15","guid":{"rendered":"http:\/\/www.controln.ro\/asociatia-culturala\/?page_id=99"},"modified":"2016-07-28T13:29:19","modified_gmt":"2016-07-28T13:29:19","slug":"first-season","status":"publish","type":"page","link":"https:\/\/www.controln.ro\/asociatia-culturala\/cursuri\/first-season\/","title":{"rendered":"first season"},"content":{"rendered":"<div class=\"margini\">\n<div class=\"verde\">\n<strong>FIRST SEASON<\/strong><br \/>\n<strong>ATELIER DE SCENARISTIC\u0102 DE TELEVIZIUNE<\/strong><\/p>\n<p><img decoding=\"async\" class=\"size-full wp-image-345 alignright\" alt=\"1.d.PROIECTE_Cursuri_First Season\" src=\"http:\/\/www.controln.ro\/asociatia-culturala\/wp-content\/uploads\/2014\/01\/1.d.PROIECTE_Cursuri_First-Season.jpg\" width=\"300\" height=\"424\" srcset=\"https:\/\/www.controln.ro\/asociatia-culturala\/wp-content\/uploads\/2014\/01\/1.d.PROIECTE_Cursuri_First-Season.jpg 300w, https:\/\/www.controln.ro\/asociatia-culturala\/wp-content\/uploads\/2014\/01\/1.d.PROIECTE_Cursuri_First-Season-212x300.jpg 212w\" sizes=\"(max-width: 300px) 100vw, 300px\" \/>La First Season vei afla de ce serialele reu\u0219esc s\u0103 te \u021bin\u0103 \u00een fa\u021ba televizorului ore \u00eentregi. De ce, atunci c\u00e2nd se termin\u0103 un episod, vrei s\u0103 \u00eel vezi pe urm\u0103torul. Vei afla, pas cu pas, cum se construie\u0219te un serial de televiziune. Dar \u0219i termenii folosi\u021bi pentru a scrie unul: character arc, story arc, sinopsis, outline, turning point, spec, biblie, etc. Timp de 8 s\u0103pt\u0103m\u00e2ni vei lucra la propria idee pentru un serial de televiziune. P\u00e2n\u0103 la finalul atelierului, vei putea pune bazele primului sezon al propriului t\u0103u serial TV.<\/p>\n<p>Genul analizat va fi TV Drama (50 minute), dar cursul va atinge, pe scurt, \u0219i alte genuri (sitcom, film de televiziune, miniserie, reality show, etc.)<\/p>\n<p>Atelierul este conceput at\u00e2t pentru \u00eencep\u0103tori \u00een domeniul scenaristicii, c\u00e2t \u0219i pentru cei care au studiat sau au lucrat \u00een domeniu. First Season se va axa pe analizarea elementelor specifice cre\u0103rii serialelor de televiziune, dar va introduce participan\u021bilor \u0219i elementele de baz\u0103 \u00een scrierea unui scenariu.<\/p>\n<p>Timp de 8 s\u0103pt\u0103m\u00e2ni participan\u021bii vor analiza \u00een principal un sezon al unui serial cunoscut, vor scrie spec-uri de televiziune \u0219i vor lucra la propriul serial TV. Atelierul este interactiv \u0219i se bazeaz\u0103 pe proiec\u021bii (exemplific\u0103ri din seriale cunoscute), discu\u021bii \u0219i teorie. O parte important\u0103 a cursului o reprezint\u0103 lucrul individual al participan\u021bilor. Dup\u0103 fiecare curs ei vor primi teme aplicate pe teoria discutat\u0103. P\u00e2n\u0103 la urm\u0103toarea \u00eent\u00e2lnire, ei vor fi \u00eendruma\u021bi online de trainerii cursului. Astfel, dup\u0103 8 s\u0103pt\u0103m\u00e2ni, fiecare participant va putea avea \u00een portofoliu bazele primului sezon al unui serial TV.<\/p>\n<p>\u00cen cele 8 s\u0103pt\u0103m\u00e2ni particpan\u021bii vor lucra la ideea viitorului lor serial, apoi vor trece prin etapele dezvolt\u0103rii unui serial de televiziune. La finalul celor 8 s\u0103pt\u0103m\u00e2ni, ei vor putea avea \u00een portofoliu at\u00e2t un scenariu spec (al serialului analizat \u00een timpul cursului), c\u00e2t \u0219i o propunere de proiect pentru un serial propriu: biblia (character \u0219i story arc), outline-ul episodului pilot, primul draft al episodului pilot \u0219i sinopsis-urile fiec\u0103rui episod.<\/p>\n<p><strong>N<\/strong><b>u s-a stabilit perioada de desf\u0103\u0219urare a urm\u0103toarei sesiuni.<\/b>\n<\/div>\n<\/div>\n","protected":false},"excerpt":{"rendered":"<p>FIRST SEASON ATELIER DE SCENARISTIC\u0102 DE TELEVIZIUNE La First Season vei afla de ce serialele reu\u0219esc s\u0103 te \u021bin\u0103 \u00een fa\u021ba televizorului ore \u00eentregi. De ce, atunci c\u00e2nd se termin\u0103 un episod, vrei s\u0103 \u00eel vezi pe urm\u0103torul. Vei afla, [&hellip;]<\/p>\n","protected":false},"author":2,"featured_media":0,"parent":267,"menu_order":4,"comment_status":"closed","ping_status":"closed","template":"side-navigation.php","meta":{"footnotes":""},"class_list":["post-99","page","type-page","status-publish","hentry"],"jetpack_sharing_enabled":true,"_links":{"self":[{"href":"https:\/\/www.controln.ro\/asociatia-culturala\/wp-json\/wp\/v2\/pages\/99","targetHints":{"allow":["GET"]}}],"collection":[{"href":"https:\/\/www.controln.ro\/asociatia-culturala\/wp-json\/wp\/v2\/pages"}],"about":[{"href":"https:\/\/www.controln.ro\/asociatia-culturala\/wp-json\/wp\/v2\/types\/page"}],"author":[{"embeddable":true,"href":"https:\/\/www.controln.ro\/asociatia-culturala\/wp-json\/wp\/v2\/users\/2"}],"replies":[{"embeddable":true,"href":"https:\/\/www.controln.ro\/asociatia-culturala\/wp-json\/wp\/v2\/comments?post=99"}],"version-history":[{"count":5,"href":"https:\/\/www.controln.ro\/asociatia-culturala\/wp-json\/wp\/v2\/pages\/99\/revisions"}],"predecessor-version":[{"id":1801,"href":"https:\/\/www.controln.ro\/asociatia-culturala\/wp-json\/wp\/v2\/pages\/99\/revisions\/1801"}],"up":[{"embeddable":true,"href":"https:\/\/www.controln.ro\/asociatia-culturala\/wp-json\/wp\/v2\/pages\/267"}],"wp:attachment":[{"href":"https:\/\/www.controln.ro\/asociatia-culturala\/wp-json\/wp\/v2\/media?parent=99"}],"curies":[{"name":"wp","href":"https:\/\/api.w.org\/{rel}","templated":true}]}}